{"id":8378,"date":"2019-04-09T13:35:27","date_gmt":"2019-04-09T13:35:27","guid":{"rendered":"https:\/\/dits.md\/?page_id=8378"},"modified":"2021-08-21T10:30:54","modified_gmt":"2021-08-21T08:30:54","slug":"hosting-i-domen","status":"publish","type":"page","link":"https:\/\/dits.md\/ro\/hosting-i-domen\/","title":{"rendered":"Gazduire si domeniu"},"content":{"rendered":"<p>[et_pb_section fb_built=&#187;1&#8243; _builder_version=&#187;3.22&#8243;][et_pb_row column_structure=&#187;1_2,1_2&#8243; _builder_version=&#187;3.25&#8243;][et_pb_column type=&#187;1_2&#8243; _builder_version=&#187;3.25&#8243; custom_padding=&#187;|||&#187; custom_padding__hover=&#187;|||&#187;][et_pb_blurb title=&#187;\u0427\u0442\u043e \u0442\u0430\u043a\u043e\u0435 \u0414\u043e\u043c\u0435\u043d?&#187; use_icon=&#187;on&#187; font_icon=&#187;%%165%%&#187; icon_placement=&#187;left&#187; use_icon_font_size=&#187;on&#187; icon_font_size=&#187;71px&#187; _builder_version=&#187;4.0.2&#8243; header_level=&#187;h1&#8243; header_font=&#187;||||||||&#187;]<\/p>\n<p>Acesta este numele site-ului, adresa site-ului, linkul c\u0103tre site - exist\u0103 multe op\u021biuni pentru o explica\u021bie simpl\u0103 \u0219i toate sunt corecte.<\/p>\n<p>De exemplu, site-ul nostru are un domeniu - dits.md \u0219i poate fi v\u0103zut \u00een bara de adrese a browserului, \u00een imaginea din dreapta.<\/p>\n<p>dits.md este o abreviere a denumirii companiei noastre, este destul de \u00eenc\u0103p\u0103toare \u0219i potrivit\u0103 pentru subiecte IT, de aceea ne-am oprit la ea.<\/p>\n<p>[\/ et_pb_blurb] [\/ et_pb_column] [et_pb_column type = &quot;1_2 \u2033 _builder_version =&quot; 3,25 \u2033 custom_padding = &quot;|||&quot; custom_padding__hover = &quot;|||&quot;] [et_pb_image src = &quot;https:\/\/dits.md\/wp-content\/uploads\/domain.jpg&quot; align_tablet = &quot;center&quot; align_phone = &quot;&quot; align_last_edited = &quot;on | desktop&quot; _builder_version = &quot; 4.0.2 \u2033 height = &quot;191px&quot;] [\/ et_pb_image] [et_pb_text _builder_version = &quot;4.0.2 \u2033] Pute\u021bi cump\u0103ra domenii .md aici <a href=\"https:\/\/nic.md\/\" rel=\"nofollow noopener\" target=\"_blank\">nic.md<\/a><br \/>\n\u041a\u0443\u043f\u0438\u0442\u044c \u0434\u043e\u043c\u0435\u043d\u044b \u0434\u0440\u0443\u0433\u0438\u0435 \u043c\u043e\u0436\u043d\u043e \u043d\u0430 godaddy.com \u0438\u043b\u0438 reg.ru[\/et_pb_text][\/et_pb_column][\/et_pb_row][\/et_pb_section][et_pb_section fb_built=&#187;1&#8243; _builder_version=&#187;3.22&#8243;][et_pb_row column_structure=&#187;3_5,2_5&#8243; _builder_version=&#187;3.25&#8243;][et_pb_column type=&#187;3_5&#8243; _builder_version=&#187;3.25&#8243; custom_padding=&#187;|||&#187; custom_padding__hover=&#187;|||&#187;][et_pb_blurb title=&#187;\u0427\u0442\u043e \u0442\u0430\u043a\u043e\u0435 \u0425\u043e\u0441\u0442\u0438\u043d\u0433?&#187; use_icon=&#187;on&#187; font_icon=&#187;%%146%%&#187; icon_placement=&#187;left&#187; use_icon_font_size=&#187;on&#187; icon_font_size=&#187;71px&#187; _builder_version=&#187;4.0.2&#8243; header_level=&#187;h1&#8243; header_font=&#187;||||||||&#187;]<\/p>\n<p>Hostingul reprezint\u0103 locul \u00een care este g\u0103zduit \u0219i func\u021bioneaz\u0103 site-ul dumneavoastr\u0103.<\/p>\n<p>Hostingul poate fi de diferite tipuri:<\/p>\n<ul>\n<li>Shared, adic\u0103 hosting partajat, cel mai ieftin \u0219i mai slab.<\/li>\n<li>VPS - server personal virtual, mai scump \u0219i mai puternic;<\/li>\n<li>Server dedicat - un server puternic separat, o solu\u021bie costisitoare \u0219i puternic\u0103;<\/li>\n<\/ul>\n<p>Alegerea g\u0103zduirii este o sarcin\u0103 important\u0103 \u0219i depinde \u00een totalitate de sarcinile cu care se confrunt\u0103 proiectul. De exemplu, un site de c\u0103r\u021bi de vizit\u0103 obi\u0219nuit \u0219i nu un magazin online mare, g\u0103zduirea partajat\u0103 de \u00eencredere este suficient\u0103, dar proiectele mai complicate necesit\u0103 o g\u0103zduire mai puternic\u0103.<\/p>\n<p>&nbsp;<\/p>\n<p>[\/ et_pb_blurb] [\/ et_pb_column] [et_pb_column type = &quot;2_5 \u2033 _builder_version =&quot; 3,25 \u2033 custom_padding = &quot;|||&quot; custom_padding__hover = &quot;|||&quot;] [et_pb_text _builder_version = &quot;4.0.2 \u2033] V\u0103 recomand\u0103m <a href=\"https:\/\/my.hawkhost.com\/aff.php?aff=9756\" rel=\"nofollow noopener\" target=\"_blank\">Gazda Hawk<\/a>ca furnizor de g\u0103zduire partajat\u0103[\/et_pb_text][et_pb_image src=&quot;https:\/\/dits.md\/wp-content\/uploads\/logo-hawk.png&quot; url=&quot;https:\/\/my.hawkhost.com\/aff.php ? aff=9756\u2033 url_new_window=\u201don\u201d align=\u201dcenter\u201d _builder_version=\u201d4.0.2\u2033][\/et_pb_image][et_pb_text _builder_version=\u201d4.8.0\u2033 hover_enabled=\u201d0\u2033 sticky_enabled]=\u201d0\u2033<\/p>\n<p>Iti recomandam <a href=\"https:\/\/www.anrdoezrs.net\/click-100361200-15022370\" rel=\"nofollow noopener\" target=\"_blank\">Contabo<\/a> - ca furnizor de solu\u021bii VPS<\/p>\n<p>[\/et_pb_text][et_pb_image src=&quot;https:\/\/dits.md\/wp-content\/uploads\/4ca80773b0.jpg&quot; url=&quot; https:\/\/www.anrdoezrs.net\/click-100361200-15022370&quot; url_new_window=&quot;on \u00bb align=\u00bbcenter\u00bb _builder_version=\u00bb4.8.0\u2033 hover_enabled=\u00bb0\u2033 title_text=\u00bb4ca80773b0\u2033 sticky_enabled=\u00bb0\u2033][\/et_pb_image][\/et_pb_column][\/et_pb_row][\/et_pb_section][\/et_pb<\/p>","protected":false},"excerpt":{"rendered":"<p>Acesta este numele site-ului, adresa site-ului, un link c\u0103tre site - exist\u0103 multe op\u021biuni pentru o explica\u021bie simpl\u0103 \u0219i toate sunt corecte. De exemplu, site-ul nostru are un domeniu - dits.md \u0219i poate fi v\u0103zut \u00een bara de adrese a browserului, \u00een poza din dreapta. dits.md este o abreviere a numelui companiei noastre, este destul de \u00eenc\u0103p\u0103tor \u0219i potrivit pentru subiecte IT, motiv pentru care ne-am oprit [\u2026]<\/p>","protected":false},"author":4,"featured_media":0,"parent":0,"menu_order":0,"comment_status":"closed","ping_status":"closed","template":"","meta":{"_et_pb_use_builder":"on","_et_pb_old_content":"","_et_gb_content_width":"","footnotes":""},"class_list":["post-8378","page","type-page","status-publish","hentry"],"_links":{"self":[{"href":"https:\/\/dits.md\/ro\/wp-json\/wp\/v2\/pages\/8378","targetHints":{"allow":["GET"]}}],"collection":[{"href":"https:\/\/dits.md\/ro\/wp-json\/wp\/v2\/pages"}],"about":[{"href":"https:\/\/dits.md\/ro\/wp-json\/wp\/v2\/types\/page"}],"author":[{"embeddable":true,"href":"https:\/\/dits.md\/ro\/wp-json\/wp\/v2\/users\/4"}],"replies":[{"embeddable":true,"href":"https:\/\/dits.md\/ro\/wp-json\/wp\/v2\/comments?post=8378"}],"version-history":[{"count":8,"href":"https:\/\/dits.md\/ro\/wp-json\/wp\/v2\/pages\/8378\/revisions"}],"predecessor-version":[{"id":11499,"href":"https:\/\/dits.md\/ro\/wp-json\/wp\/v2\/pages\/8378\/revisions\/11499"}],"wp:attachment":[{"href":"https:\/\/dits.md\/ro\/wp-json\/wp\/v2\/media?parent=8378"}],"curies":[{"name":"wp","href":"https:\/\/api.w.org\/{rel}","templated":true}]}}