{"id":7579,"date":"2019-02-14T15:54:09","date_gmt":"2019-02-14T15:54:09","guid":{"rendered":"https:\/\/dits.md\/?page_id=7579"},"modified":"2026-02-20T14:38:29","modified_gmt":"2026-02-20T12:38:29","slug":"amocrm","status":"publish","type":"page","link":"https:\/\/dits.md\/ro\/amocrm\/","title":{"rendered":"amoCRM"},"content":{"rendered":"<p>[et_pb_section fb_built=&#187;1&#8243; _builder_version=&#187;4.16&#8243; background_image=&#187;https:\/\/dits.md\/wp-content\/uploads\/0423.jpg&#187; parallax=&#187;on&#187; global_colors_info=&#187;{}&#187;][et_pb_row _builder_version=&#187;4.16&#8243; global_colors_info=&#187;{}&#187;][et_pb_column type=&#187;4_4&#8243; _builder_version=&#187;4.16&#8243; global_colors_info=&#187;{}&#187;][et_pb_text _builder_version=&#187;4.22.2&#8243; header_font=&#187;|600|||||||&#187; header_text_align=&#187;center&#187; header_text_color=&#187;#ffffff&#187; header_font_size=&#187;36px&#187; global_colors_info=&#187;{}&#187;]<\/p>\n<h1>amoCRM \u00een Moldova<\/h1>\n<p>[\/et_pb_text][\/et_pb_column][\/et_pb_row][\/et_pb_section][et_pb_section fb_built=&#187;1&#8243; _builder_version=&#187;4.16&#8243; global_colors_info=&#187;{}&#187;][et_pb_row column_structure=&#187;1_2,1_2&#8243; _builder_version=&#187;4.16&#8243; global_colors_info=&#187;{}&#187;][et_pb_column type=&#187;1_2&#8243; _builder_version=&#187;4.16&#8243; custom_padding=&#187;|||&#187; global_colors_info=&#187;{}&#187; custom_padding__hover=&#187;|||&#187;][et_pb_text _builder_version=&#187;4.22.2&#8243; header_font=&#187;||||||||&#187; header_text_align=&#187;left&#187; global_colors_info=&#187;{}&#187;]<\/p>\n<h2><strong>Nu permite\u021bi pierderea unui singur client!<\/strong><\/h2>\n<p>&nbsp;<\/p>\n<h2><strong>Cu amoCRM ve\u021bi re\u021bine \u0219i transforma lead-ul \u00een client!<\/strong><\/h2>\n<p>\u00cenc\u0103 scrie\u021bi oferte, \u021bine\u021bi eviden\u021be, efectua\u021bi analize de v\u00e2nz\u0103ri pe o bucat\u0103 de h\u00e2rtie? Dar un sistem excelent care v\u0103 permite s\u0103 controla\u021bi to\u021bi clien\u021bii poten\u021biali \u0219i s\u0103 nu pierde\u021bi niciunul dintre ei? Esti interesat?<\/p>\n<p>Atunci amoCRM este una dintre cele mai bune op\u021biuni de pe pia\u021ba CRM (<em>Managementul relatiilor cu clientii<\/em>) sisteme!<\/p>\n<p>Este u\u0219or de integrat \u00een site, convenabil de utilizat, sistem clar \u0219i simplu!<\/p>\n<p>&nbsp;<\/p>\n<h2>Apropo, suntem partenerul oficial \u0219i certificat al amoCRM \u00een Moldova!<\/h2>\n<p>[\/et_pb_text][\/et_pb_column][et_pb_column type=\u201d1_2\u2033 _builder_version=\u201d4.16\u2033 custom_padding=\u201d|||\u201d global_colors_info=\u00bb{}\u00bb custom_padding__hover=\u00bb|||\u00bb][et_pb_image src=\u00bbhttps:\/\/dits.md\/wp-content\/uploads\/amocrm.jpg\u00bb url_new_window=\u00bbon\u00bb align_tablet=\u00bbcenter\u00bb align_phone=\u00bb \u00bb align_last_edited=\u00bbon|desktop\u00bb _builder_version=\u00bb4.16\u2033 global_colors_info=\u00bb{}\u00bb][\/et_pb_image][\/et_pb_column][\/et_pb_row][\/et_pb_section][et_pb_section fb_built=_\u00bb1\u2033= 4.1\u2033image de fundal=_\u00bb1\u2033_6 \u00bbhttps:\/\/dits.md\/wp-content\/uploads\/0423.jpg\u00bb parallax=\u00bbon\u00bb global_colors_info=\u00bb{}\u00bb][et_pb_row column_structure=\u00bb2_3,1_3\u2033 _builder_version=\u00bb4.16\u2033 custom_css_main_element=\u00bbdisplay: flex;||flex-wrap: wrap;||align-items: center;&quot; global_colors_info=\u201d{}\u201d][et_pb_column type=\u201d2_3\u2033 _builder_version=\u201d4.16\u2033 custom_padding=\u201d|||\u201d global_colors_info=\u00bb{}\u00bb custom_padding__hover=\u00bb|||\u00bb][et_pb_text _builder_version=\u00bb4.16\u2033 header_font=\u00bb||||||||\u00bb header_3_font=&quot;|600|||||||\u201d header_3_text_align=\u201dcenter\u201d header_3_text_color=\u201d#ffffff\u201d header_3_font_size=\u201d39px\u201d global_colors_info=\u201d{}\u201d]<\/p>\n<h3 style=\"text-align: center;\">Mai ave\u021bi \u00eentreb\u0103ri? Sa discutam!<\/h3>\n<p>[\/et_pb_text][\/et_pb_column][et_pb_column type=\u201d1_3\u2033 _builder_version=\u201d4.16\u2033 custom_padding=\u201d|||\u201d global_colors_info=\u00bb{}\u00bb custom_padding__hover=\u00bb|||\u00bb][et_pb_button button_text=\u00bbAplica\u021bi acum\u00bb button_alignment=\u00bbcenter\u00bb module_class=\u00bbopen-call-me\u00bb _builder_version=\u00bb4.16\u2033 custom_button=\u00bbon\u00bb button_font=\u00bb| |||||||&quot; button_icon=\u00bbl||divi||400\u2033 background_layout=\u00bbdark\u00bb global_colors_info=\u00bb{}\u00bb button_text_size__hover_enabled=\u00bboff\u00bb button_text_size__hover=\u00bbnull\u00bb button_one_text_size__hover_enabled=\u00bboff\u00bb button_text_size__hover_enabled=\u00bboff\u00bb button_lll_text_hover_en d=\u00bboff &quot;button_two_text_size__hover=&quot; null\u00bb button_text_color__hover_enabled=\u00bboff\u00bb button_text_color__hover=\u00bbnull\u00bb button_one_text_color__hover_enabled=\u00bboff\u00bb button_one_text_color__hover=\u00bbnull\u00bb button_two_text_color__hover_enabled=\u00bboff\u00bb button_two_text_down\u00bb button_two_text_color__hover_hover=button_two_text_color__hover_hover=\u00bbbouton_two_text_color__hover=\u00bb border_width __hover=&quot;null&quot; button_one_border_width__hover_enabled=&quot;off&quot; button_one_border_width__hover= &quot; null\u00bb button_two_border_width__hover_enabled=\u00bboff\u00bb button_two_border_width__hover=\u00bbnull\u00bb button_border_color__hover_enabled=\u00bboff\u00bb button_border_color__hover=\u00bbnull\u00bb button_one_border_color__hover_enabled=\u00bboff=\u00bbbutton_border_hover_hover_hover_color_hover_hover_ activat=\u00bb off&quot; button_two_border_color__hover=&quot;null&quot; button_border_radius__hover_enabled=&quot;off&quot; button_border_radius__hover= &quot; null\u00bb button_one_border_radius__hover_enabled=\u00bboff\u00bb button_one_border_radius__hover=\u00bbnull\u00bb button_two_border_radius__hover_enabled=\u00bboff\u00bb button_two_border_radius__hover=\u00bbnull\u00bb button_letter_spacing__hover_enable\u00bb button_hover_enable\u00bbbutton_hover_enable\u00bb] spacing__hover _enabled=\u00bboff\u00bb button_one_letter_spacing__hover=\u00bbnull\u00bb button_two_letter_spacing__hover_enabled=\u00bboff\u00bb button_two_letter_spacing__hover =\u00bb null\u00bb button_bg_color__hover_enabled=\u00bboff\u00bb button_bg_color__hover=\u00bbnull\u00bb button_one_bg_color__hover_enabled=\u00bboff\u00bb button_one_bg_color__hover=\u00bbnull\u00bb button_two_bg_color__hover_enabled=\u00bbbuton\u00bbnull__hover=\u00bbnull\u00bb<br \/>\n[\/et_pb_button][\/et_pb_column][\/et_pb_row][et_pb_row disabled_on=\u00bbon|on|on\u00bb admin_label=\u00bbSe ini\u021bializeaz\u0103 script-ul slick\u00bb _builder_version=\u00bb4.16\u2033 global_colors_info=\u00bb{}\u00bb_][et_build_p=\u00bb{}\u00bb_][et_build_p=\u00bb_4__[et_builder type] =&quot;4.16\u2033 custom_padding=&quot;|||&quot; global_colors_info=\u201d{}\u201d custom_padding__hover=\u201d|||\u201d][et_pb_code _builder_version=\u201d4.16\u2033 global_colors_info=\u201d{}\u201d]<script text= \"text\/javascript\">jQuery(function($){$('.dits-sl-sliders').slick({ infinite: true, lazyLoad: 'progressive', slidesToShow: 6, slidesToScroll: 1, autoplay: true, autoplaySpeed: 2000,responsive: [{ breakpoint: 1024, settings: { slidesToShow: 2, } }, { breakpoint: 600, settings: { slidesToShow: 1, } }, { breakpoint: 300, settings: \"unslick\"  }] });});<\/script>[\/ et_pb_code] [\/ et_pb_column] [\/ et_pb_row] [\/ et_pb_section]<\/p>","protected":false},"excerpt":{"rendered":"<p>amoCRM \u00een Moldova Nu pierde\u021bi niciun client!  amoCRM v\u0103 va ajuta s\u0103 p\u0103stra\u021bi \u0219i s\u0103 transforma\u021bi un client poten\u021bial \u00eentr-un client! \u00cenc\u0103 \u00eenregistra\u021bi cereri, \u021bine\u021bi eviden\u021be, efectua\u021bi analize de v\u00e2nz\u0103ri pe h\u00e2rtie? Ce zici de un sistem excelent care v\u0103 permite s\u0103 controla\u021bi to\u021bi clien\u021bii poten\u021biali primiti \u0219i s\u0103 nu pierde\u021bi niciunul dintre ei? Interesat? Atunci amoCRM este una dintre cele mai bune op\u021biuni de pe pia\u021b\u0103 [\u2026]<\/p>","protected":false},"author":4,"featured_media":11190,"parent":0,"menu_order":0,"comment_status":"closed","ping_status":"closed","template":"","meta":{"_et_pb_use_builder":"on","_et_pb_old_content":"","_et_gb_content_width":"","footnotes":""},"class_list":["post-7579","page","type-page","status-publish","has-post-thumbnail","hentry"],"_links":{"self":[{"href":"https:\/\/dits.md\/ro\/wp-json\/wp\/v2\/pages\/7579","targetHints":{"allow":["GET"]}}],"collection":[{"href":"https:\/\/dits.md\/ro\/wp-json\/wp\/v2\/pages"}],"about":[{"href":"https:\/\/dits.md\/ro\/wp-json\/wp\/v2\/types\/page"}],"author":[{"embeddable":true,"href":"https:\/\/dits.md\/ro\/wp-json\/wp\/v2\/users\/4"}],"replies":[{"embeddable":true,"href":"https:\/\/dits.md\/ro\/wp-json\/wp\/v2\/comments?post=7579"}],"version-history":[{"count":12,"href":"https:\/\/dits.md\/ro\/wp-json\/wp\/v2\/pages\/7579\/revisions"}],"predecessor-version":[{"id":16903,"href":"https:\/\/dits.md\/ro\/wp-json\/wp\/v2\/pages\/7579\/revisions\/16903"}],"wp:featuredmedia":[{"embeddable":true,"href":"https:\/\/dits.md\/ro\/wp-json\/wp\/v2\/media\/11190"}],"wp:attachment":[{"href":"https:\/\/dits.md\/ro\/wp-json\/wp\/v2\/media?parent=7579"}],"curies":[{"name":"wp","href":"https:\/\/api.w.org\/{rel}","templated":true}]}}