{"id":4176,"date":"2018-07-16T19:21:13","date_gmt":"2018-07-16T19:21:13","guid":{"rendered":"https:\/\/dits.md\/?page_id=4176"},"modified":"2026-04-26T18:48:10","modified_gmt":"2026-04-26T16:48:10","slug":"vakansii","status":"publish","type":"page","link":"https:\/\/dits.md\/ro\/vakansii\/","title":{"rendered":"Posturi vacante"},"content":{"rendered":"<p>[et_pb_section fb_built=&#187;1&#8243; _builder_version=&#187;4.16&#8243; background_image=&#187;https:\/\/dits.md\/wp-content\/uploads\/paralax-background.jpg&#187; global_colors_info=&#187;{}&#187;][et_pb_row _builder_version=&#187;4.16&#8243; global_colors_info=&#187;{}&#187;][et_pb_column type=&#187;4_4&#8243; _builder_version=&#187;4.16&#8243; global_colors_info=&#187;{}&#187;][et_pb_text _builder_version=&#187;4.16&#8243; text_font=&#187;|600|||||||&#187; text_text_color=&#187;#ffffff&#187; text_font_size=&#187;39px&#187; text_orientation=&#187;center&#187; global_colors_info=&#187;{}&#187;]<\/p>\n<p>Posturi vacante<\/p>\n<p>[\/et_pb_text][\/et_pb_column][\/et_pb_row][\/et_pb_section][et_pb_section fb_built=&#187;1&#8243; admin_label=&#187;section&#187; _builder_version=&#187;4.16&#8243; custom_padding=&#187;|||&#187; global_colors_info=&#187;{}&#187;][et_pb_row column_structure=&#187;1_2,1_2&#8243; admin_label=&#187;row&#187; _builder_version=&#187;4.16&#8243; background_size=&#187;initial&#187; background_position=&#187;top_left&#187; background_repeat=&#187;repeat&#187; global_colors_info=&#187;{}&#187;][et_pb_column type=&#187;1_2&#8243; _builder_version=&#187;4.16&#8243; custom_padding=&#187;|||&#187; custom_padding_tablet=&#187;&#187; custom_padding_phone=&#187;&#187; custom_padding_last_edited=&#187;on|desktop&#187; global_colors_info=&#187;{}&#187; custom_padding__hover=&#187;|||&#187;][et_pb_image src=&#187;https:\/\/dits.md\/wp-content\/uploads\/team-1.png&#187; align_tablet=&#187;center&#187; align_phone=&#187;&#187; align_last_edited=&#187;on|desktop&#187; _builder_version=&#187;4.16&#8243; global_colors_info=&#187;{}&#187;][\/et_pb_image][\/et_pb_column][et_pb_column type=&#187;1_2&#8243; _builder_version=&#187;4.16&#8243; custom_padding=&#187;|||&#187; global_colors_info=&#187;{}&#187; custom_padding__hover=&#187;|||&#187;][et_pb_text admin_label=&#187;Text&#187; _builder_version=&#187;4.16&#8243; text_font=&#187;||||||||&#187; header_font=&#187;||||||||&#187; header_2_font=&#187;||||||||&#187; header_2_text_color=&#187;#666666&#8243; background_size=&#187;initial&#187; background_position=&#187;top_left&#187; background_repeat=&#187;repeat&#187; use_border_color=&#187;off&#187; border_color=&#187;#ffffff&#187; border_style=&#187;solid&#187; global_colors_info=&#187;{}&#187;]<\/p>\n<p>DITS caut\u0103 oameni care sunt interesa\u021bi s\u0103 lucreze \u0219i s\u0103 se dezvolte \u00een marketing pe internet \u0219i dezvoltare web.<\/p>\n<p>Dac\u0103 sunte\u021bi interesat de un post vacant, dar nu sunte\u021bi \u00eencrez\u0103tori \u00een abilit\u0103\u021bile dvs. - trimite\u021bi CV-ul, \u00eel vom lua \u00een considerare \u0219i, \u00een orice caz, v\u0103 vom oferi un r\u0103spuns.<\/p>\n<p>Ne intereseaz\u0103 nu doar speciali\u0219ti de nivel \u00eenalt, ci \u0219i juniorii \u0219i complet \u00eencep\u0103torii, deoarece putem preda, sf\u0103tui \u0219i ghida!<\/p>\n<p>[\/et_pb_text][\/et_pb_column][\/et_pb_row][\/et_pb_section][et_pb_section fb_built=&#187;1&#8243; _builder_version=&#187;4.16&#8243; background_enable_color=&#187;off&#187; global_colors_info=&#187;{}&#187;][et_pb_row column_structure=&#187;1_3,1_3,1_3&#8243; _builder_version=&#187;4.16&#8243; global_colors_info=&#187;{}&#187;][et_pb_column type=&#187;1_3&#8243; _builder_version=&#187;4.16&#8243; custom_padding=&#187;|||&#187; global_colors_info=&#187;{}&#187; custom_padding__hover=&#187;|||&#187;][et_pb_blurb title=&#187;\u0427\u0442\u043e \u043d\u0430\u043c \u043d\u0435 \u0432\u0430\u0436\u043d\u043e:&#187; use_icon=&#187;on&#187; font_icon=&#187;&#x51;||divi||400&#8243; icon_color=&#187;#3f1c6c&#187; icon_placement=&#187;left&#187; _builder_version=&#187;4.16&#8243; global_colors_info=&#187;{}&#187;]<\/p>\n<ul>\n<li>loca\u021bia ta;<\/li>\n<li>podea;<\/li>\n<li>v\u00e2rst\u0103;<\/li>\n<li>religie;<\/li>\n<li>etc. momente personale<\/li>\n<\/ul>\n<p>[\/et_pb_blurb][\/et_pb_column][et_pb_column type=&#187;1_3&#8243; _builder_version=&#187;4.16&#8243; custom_padding=&#187;|||&#187; global_colors_info=&#187;{}&#187; custom_padding__hover=&#187;|||&#187;][et_pb_blurb title=&#187;\u0427\u0442\u043e \u043d\u0430\u043c \u0432\u0430\u0436\u043d\u043e:&#187; use_icon=&#187;on&#187; font_icon=&#187;&#x52;||divi||400&#8243; icon_color=&#187;#3f1c6c&#187; icon_placement=&#187;left&#187; _builder_version=&#187;4.16&#8243; global_colors_info=&#187;{}&#187;]<\/p>\n<ul>\n<li>dorinta de dezvoltare;<\/li>\n<li>dorin\u021ba de a lucra \u00een echip\u0103;<\/li>\n<li>autocritica;<\/li>\n<li>limbi - ru, en, ro (op\u021bional);<\/li>\n<li>capacitatea de a c\u0103uta r\u0103spunsuri;<\/li>\n<\/ul>\n<p>[\/et_pb_blurb][\/et_pb_column][et_pb_column type=&#187;1_3&#8243; _builder_version=&#187;4.16&#8243; custom_padding=&#187;|||&#187; global_colors_info=&#187;{}&#187; custom_padding__hover=&#187;|||&#187;][et_pb_blurb title=&#187;\u0427\u0442\u043e \u043c\u044b \u043f\u0440\u0435\u0434\u043b\u0430\u0433\u0430\u0435\u043c:&#187; use_icon=&#187;on&#187; font_icon=&#187;&#xe00a;||divi||400&#8243; icon_color=&#187;#3f1c6c&#187; icon_placement=&#187;left&#187; _builder_version=&#187;4.16&#8243; global_colors_info=&#187;{}&#187;]<\/p>\n<ul>\n<li>lucru in echipa;<\/li>\n<li>evaluarea adecvat\u0103 a lucr\u0103rii;<\/li>\n<li>plata la timp;<\/li>\n<li>Instruire;<\/li>\n<li>cre\u0219terea cu echipa;<\/li>\n<\/ul>\n<p>[\/et_pb_blurb][\/et_pb_column][\/et_pb_row][\/et_pb_section][et_pb_section fb_built=&#187;1&#8243; _builder_version=&#187;4.16&#8243; background_image=&#187;https:\/\/dits.md\/wp-content\/uploads\/paralax-background.jpg&#187; global_colors_info=&#187;{}&#187;][et_pb_row _builder_version=&#187;4.16&#8243; global_colors_info=&#187;{}&#187;][et_pb_column type=&#187;4_4&#8243; _builder_version=&#187;4.16&#8243; global_colors_info=&#187;{}&#187;][et_pb_text _builder_version=&#187;4.16&#8243; text_font=&#187;|600|||||||&#187; text_text_color=&#187;#ffffff&#187; text_font_size=&#187;39px&#187; text_orientation=&#187;center&#187; global_colors_info=&#187;{}&#187;]<\/p>\n<p>Pe cine c\u0103ut\u0103m acum \u00een echipa noastr\u0103?<\/p>\n<p>[\/et_pb_text][\/et_pb_column][\/et_pb_row][\/et_pb_section][et_pb_section fb_built=&#187;1&#8243; _builder_version=&#187;4.16&#8243; global_colors_info=&#187;{}&#187;][et_pb_row _builder_version=&#187;4.16&#8243; global_colors_info=&#187;{}&#187;][et_pb_column type=&#187;4_4&#8243; _builder_version=&#187;4.16&#8243; custom_padding=&#187;|||&#187; global_colors_info=&#187;{}&#187; custom_padding__hover=&#187;|||&#187;][et_pb_text _builder_version=&#187;4.16&#8243; text_font=&#187;||||||||&#187; text_font_size=&#187;18px&#187; text_orientation=&#187;center&#187; global_colors_info=&#187;{}&#187;]<\/p>\n<h2>Pe cine c\u0103ut\u0103m acum:<\/h2>\n<p>[\/et_pb_text][\/et_pb_column][\/et_pb_row][et_pb_row _builder_version=&#187;4.16&#8243; global_colors_info=&#187;{}&#187;][et_pb_column type=&#187;4_4&#8243; _builder_version=&#187;4.16&#8243; custom_padding=&#187;|||&#187; global_colors_info=&#187;{}&#187; custom_padding__hover=&#187;|||&#187;][et_pb_text _builder_version=&#187;4.24.2&#8243; global_colors_info=&#187;{}&#187;]<\/p>\n<p style=\"text-align: center;\">Dac\u0103 sunte\u021bi interesat s\u0103 lucra\u021bi cu noi - v\u0103 rug\u0103m s\u0103 ne scrie\u021bi un mesaj folosind orice informa\u021bie de contact indicat\u0103 pe site!<\/p>\n<p style=\"text-align: center;\">Nu este necesar s\u0103 preg\u0103ti\u021bi un CV, s\u0103 ne scrie\u021bi cine sunte\u021bi, ce \u0219ti\u021bi etc., ce se \u00eent\u00e2mpl\u0103 \u00eentr-un CV, iar noi test\u0103m cuno\u0219tin\u021bele cu munc\u0103 \u0219i cu dorin\u021ba de a \u00eenv\u0103\u021ba!<\/p>\n<p>[\/ et_pb_text] [\/ et_pb_column] [\/ et_pb_row] [\/ et_pb_section]<\/p>","protected":false},"excerpt":{"rendered":"<p>Locuri vacante DITS caut\u0103 persoane care sunt interesate s\u0103 lucreze \u0219i s\u0103 se dezvolte \u00een marketing pe Internet \u0219i dezvoltare web. Dac\u0103 e\u0219ti interesat de un post vacant, dar nu ai \u00eencredere \u00een abilit\u0103\u021bile tale, trimite-\u021bi CV-ul, \u00eel vom revizui \u0219i vom da un r\u0103spuns \u00een orice caz. Suntem interesa\u021bi nu numai de speciali\u0219ti de nivel \u00eenalt, ci \u0219i de juniori \u0219i \u00eencep\u0103tori completi, deoarece putem [\u2026]<\/p>","protected":false},"author":4,"featured_media":4187,"parent":0,"menu_order":0,"comment_status":"closed","ping_status":"closed","template":"","meta":{"_et_pb_use_builder":"on","_et_pb_old_content":"","_et_gb_content_width":"","footnotes":""},"class_list":["post-4176","page","type-page","status-publish","has-post-thumbnail","hentry"],"_links":{"self":[{"href":"https:\/\/dits.md\/ro\/wp-json\/wp\/v2\/pages\/4176","targetHints":{"allow":["GET"]}}],"collection":[{"href":"https:\/\/dits.md\/ro\/wp-json\/wp\/v2\/pages"}],"about":[{"href":"https:\/\/dits.md\/ro\/wp-json\/wp\/v2\/types\/page"}],"author":[{"embeddable":true,"href":"https:\/\/dits.md\/ro\/wp-json\/wp\/v2\/users\/4"}],"replies":[{"embeddable":true,"href":"https:\/\/dits.md\/ro\/wp-json\/wp\/v2\/comments?post=4176"}],"version-history":[{"count":16,"href":"https:\/\/dits.md\/ro\/wp-json\/wp\/v2\/pages\/4176\/revisions"}],"predecessor-version":[{"id":16919,"href":"https:\/\/dits.md\/ro\/wp-json\/wp\/v2\/pages\/4176\/revisions\/16919"}],"wp:featuredmedia":[{"embeddable":true,"href":"https:\/\/dits.md\/ro\/wp-json\/wp\/v2\/media\/4187"}],"wp:attachment":[{"href":"https:\/\/dits.md\/ro\/wp-json\/wp\/v2\/media?parent=4176"}],"curies":[{"name":"wp","href":"https:\/\/api.w.org\/{rel}","templated":true}]}}