{"id":4039,"date":"2018-07-07T08:17:57","date_gmt":"2018-07-07T08:17:57","guid":{"rendered":"https:\/\/dits.md\/?page_id=4039"},"modified":"2023-07-07T18:37:38","modified_gmt":"2023-07-07T16:37:38","slug":"privacy-policy","status":"publish","type":"page","link":"https:\/\/dits.md\/ro\/privacy-policy\/","title":{"rendered":"Politica de Confiden\u021bialitate"},"content":{"rendered":"<p>[et_pb_section fb_built=&quot;1&quot; _builder_version=&quot;3.22&quot;][et_pb_row _builder_version=&quot;3.25&quot; background_size=&quot;initial&quot; background_position=&quot;top_left&quot; background_repeat=&quot;repeat&quot;][et_pb_column type=&quot;4_4&quot; _padding=5_version&quot;_padding=5_version \u00bb|||\u00bb custom_padding__hover=&quot;|||&quot;][et_pb_text _builder_version=&quot;4.8.0&quot;]<\/p>\n<p>Aceast\u0103 Politic\u0103 de confiden\u021bialitate pentru datele cu caracter personal (\u00een continuare - Politica de confiden\u021bialitate) se aplic\u0103 tuturor informa\u021biilor pe care site-ul le g\u0103se\u0219te pe numele domeniului\u00a0<u>dits.md<\/u>, poate ob\u021bine informa\u021bii despre utilizator \u00een timp ce utiliza\u021bi site-ul.<\/p>\n<ol>\n<li><strong> DEFINITIA TERMENILOR<\/strong><\/li>\n<\/ol>\n<p>1.1 Urm\u0103torii termeni sunt utiliza\u021bi \u00een aceast\u0103 politic\u0103 de confiden\u021bialitate:<\/p>\n<p>1.1.1. Administrarea site-ului dits.md (\u201edenumit\u0103 \u00een continuare\u201e Administrarea site-ului \u201d) - angaja\u021bi autoriza\u021bi s\u0103 gestioneze site-ul, ac\u021bion\u00e2nd \u00een numele dits.md, care organizeaz\u0103 \u0219i (sau) prelucreaz\u0103 datele cu caracter personal \u0219i, de asemenea, determin\u0103 scopurile prelucrarea datelor cu caracter personal, compozi\u021bia datelor cu caracter personal, care urmeaz\u0103 s\u0103 fie prelucrate, ac\u021biuni (opera\u021biuni) efectuate cu date cu caracter personal.<\/p>\n<p>1.1.2. \u201eDate cu caracter personal\u201d - orice informa\u021bii referitoare direct sau indirect la o persoan\u0103 specific\u0103 sau identificabil\u0103 (subiectul datelor cu caracter personal).<\/p>\n<p>1.1.3. \u201ePrelucrarea datelor cu caracter personal\u201d - orice ac\u021biune (opera\u021bie) sau un set de ac\u021biuni (opera\u021bii) efectuate folosind instrumente de automatizare sau f\u0103r\u0103 utilizarea unor astfel de instrumente cu date cu caracter personal, inclusiv colectarea, \u00eenregistrarea, sistematizarea, acumularea, stocarea, clarificarea (actualizare, modificare) , extragere, utilizare, transfer (distribu\u021bie, furnizare, acces), depersonalizare, blocare, \u0219tergere, distrugere a datelor cu caracter personal.<\/p>\n<p>1.1.4. \u201eConfiden\u021bialitatea datelor cu caracter personal\u201d este o cerin\u021b\u0103 obligatorie pentru Operator sau alt\u0103 persoan\u0103 care a ob\u021binut acces la datele cu caracter personal pentru a \u00eempiedica difuzarea acestora f\u0103r\u0103 consim\u021b\u0103m\u00e2ntul subiectului datelor cu caracter personal sau a altor motive legale.<\/p>\n<p>1.1.5. \u201eUtilizatorul site-ului (denumit \u00een continuare\u201e Utilizatorul \u201d) - o persoan\u0103 care are acces la site prin intermediul internetului \u0219i utilizeaz\u0103 site-ul.<\/p>\n<p>1.1.6. \u201eCookie-uri\u201d este o mic\u0103 bucat\u0103 de date trimise de un server web \u0219i stocate pe computerul utilizatorului, pe care clientul web sau browserul web le trimite serverului web de fiecare dat\u0103 \u00eentr-o cerere HTTP atunci c\u00e2nd \u00eencearc\u0103 s\u0103 deschid\u0103 pagina site-ului corespunz\u0103tor.<\/p>\n<p>1.1.7. \u201eAdres\u0103 IP\u201d este o adres\u0103 de re\u021bea unic\u0103 a unui nod dintr-o re\u021bea de calculatoare construit\u0103 utiliz\u00e2nd protocolul IP.<\/p>\n<ol start=\"2\">\n<li><strong> DISPOZI\u021aII GENERALE<\/strong><\/li>\n<\/ol>\n<p>2.1. Utilizarea site-ului de c\u0103tre Utilizator \u00eenseamn\u0103 acceptarea acestei Politici de confiden\u021bialitate \u0219i a condi\u021biilor de prelucrare a datelor personale ale Utilizatorului.<\/p>\n<p>2.2. \u00cen caz de dezacord cu termenii Politicii de confiden\u021bialitate, utilizatorul trebuie s\u0103 \u00eenceteze utilizarea site-ului.<\/p>\n<p>2.3 Aceast\u0103 politic\u0103 de confiden\u021bialitate se aplic\u0103 numai site-ului. Site-ul nu controleaz\u0103 \u0219i nu este responsabil pentru site-urile ter\u021be pe care Utilizatorul poate face clic pe linkurile disponibile pe site.<\/p>\n<p>2.4. Administrarea site-ului nu verific\u0103 exactitatea datelor personale furnizate de Utilizatorul site-ului.<\/p>\n<ol start=\"3\">\n<li><strong> SUBIECTUL POLITICII DE CONFIDEN\u021aIALITATE<\/strong><\/li>\n<\/ol>\n<p>3.1. Aceast\u0103 politic\u0103 de confiden\u021bialitate stabile\u0219te obliga\u021biile administra\u021biei site-ului de a nu dezv\u0103lui \u0219i de a furniza un regim de protejare a confiden\u021bialit\u0103\u021bii datelor cu caracter personal pe care utilizatorul le ofer\u0103 la cererea administra\u021biei site-ului la \u00eenregistrarea pe site.<\/p>\n<p>3.2. Datele personale permise pentru prelucrare conform prezentei politici de confiden\u021bialitate sunt furnizate de c\u0103tre Utilizator complet\u00e2nd formularul de contact de pe site-ul web dits.md \u0219i include urm\u0103toarele informa\u021bii:<\/p>\n<p>3.2.1. prenumele, prenumele utilizatorului;<\/p>\n<p>3.2.2. Num\u0103rul de telefon al contactului utilizatorului;<\/p>\n<p>3.2.3. adresa de e-mail (e-mail);<\/p>\n<p>3.3. Dits.md protejeaz\u0103 datele care sunt transmise automat \u00een timpul vizualiz\u0103rii unit\u0103\u021bilor de anun\u021buri \u0219i la vizitarea paginilor pe care este instalat scriptul sistemului statistic (\u201epixel\u201d):<\/p>\n<ul>\n<li>Adresa IP;<\/li>\n<li>informa\u021bii din cookie-uri;<\/li>\n<li>informa\u021bii despre browser (sau alt program care ofer\u0103 acces la afi\u0219area publicit\u0103\u021bii);<\/li>\n<li>timpul de acces;<\/li>\n<li>adresa paginii pe care se afl\u0103 unitatea de anun\u021buri;<\/li>\n<li>referrer (adresa paginii anterioare).<\/li>\n<\/ul>\n<p>3.3.1. Dezactivarea cookie-urilor poate duce la imposibilitatea de a accesa p\u0103r\u021bi ale site-ului web dits.md care necesit\u0103 autorizare.<\/p>\n<p>3.3.2. Dits.md colecteaz\u0103 statistici privind adresele IP ale vizitatorilor s\u0103i. Aceste informa\u021bii sunt utilizate pentru identificarea \u0219i rezolvarea problemelor tehnice.<\/p>\n<p>3.4. Orice alte informa\u021bii personale nespecificate mai sus (browsere \u0219i sisteme de operare utilizate etc.) sunt supuse stoc\u0103rii \u0219i neprolifer\u0103rii securizate, cu excep\u021bia celor prev\u0103zute \u00een cl. 5.2. \u0219i 5.3. din aceast\u0103 politic\u0103 de confiden\u021bialitate.<\/p>\n<ol start=\"4\">\n<li><strong> SCOPUL COLEC\u021aIEI DE INFORMA\u021aII PERSONALE PENTRU UTILIZATOR<\/strong><\/li>\n<\/ol>\n<p>4.1. Datele personale ale Utilizatorului pot fi utilizate de c\u0103tre Administra\u021bia site-ului dits.md \u00een urm\u0103toarele scopuri:<\/p>\n<p>4.1.1. Identificarea utilizatorului care a completat formularul de contact de pe site-ul dits.md<\/p>\n<p>4.1.2. Acordarea utilizatorului la resursele personalizate ale site-ului dits.md.<\/p>\n<p>4.1.3. Stabilirea de feedback cu Utilizatorul, inclusiv trimiterea de notific\u0103ri, cereri privind utilizarea site-ului web dits.md, furnizarea de servicii, procesarea cererilor \u0219i aplica\u021biilor de la Utilizator.<\/p>\n<p>4.1.4. Determinarea loca\u021biei utilizatorului pentru a asigura securitatea, pentru a preveni frauda.<\/p>\n<p>4.1.5. Confirmarea exactit\u0103\u021bii \u0219i exhaustivit\u0103\u021bii datelor cu caracter personal furnizate de Utilizator.<\/p>\n<p>4.1.6. Asigurarea utilizatorului cu asisten\u021b\u0103 tehnic\u0103 \u0219i client eficient\u0103 \u00een caz de probleme legate de utilizarea site-ului dits.md.<\/p>\n<p>4.1.7. Furnizarea utilizatorului cu consim\u021b\u0103m\u00e2ntul s\u0103u, actualiz\u0103ri de produse, oferte speciale, informa\u021bii despre pre\u021buri, buletine informative \u0219i alte informa\u021bii \u00een numele dits.md sau \u00een numele partenerilor dits.md.<\/p>\n<p>4.1.8. Implementarea activit\u0103\u021bilor de publicitate cu acordul utilizatorului.<\/p>\n<p>4.1.9. Oferirea de c\u0103tre utilizator a accesului la site-urile sau serviciile partenerilor dits.md pentru a primi produse, actualiz\u0103ri \u0219i servicii.<\/p>\n<ol start=\"5\">\n<li><strong> METODE \u0218I TERMENI DE PRELUCRARE A INFORMA\u021aIILOR PERSONALE<\/strong><\/li>\n<\/ol>\n<p>5.1. Prelucrarea datelor cu caracter personal ale Utilizatorului se efectueaz\u0103 f\u0103r\u0103 nicio limit\u0103 de timp, \u00een orice mod legal, inclusiv \u00een sistemele de informa\u021bii cu caracter personal folosind instrumente de automatizare sau f\u0103r\u0103 a utiliza astfel de instrumente.<\/p>\n<p>5.2. Utilizatorul este de acord c\u0103 administra\u021bia site-ului are dreptul de a transfera date cu caracter personal c\u0103tre ter\u021bi, \u00een special, servicii de curierat, organiza\u021bii po\u0219tale, operatori de telecomunica\u021bii, numai \u00een scopul \u00eendeplinirii comenzii utilizatorului plasat\u0103 pe site-ul dits.md.<\/p>\n<p>5.3. Datele personale ale Utilizatorului pot fi transferate autorit\u0103\u021bilor de stat autorizate ale Republicii Moldova numai pe baza \u0219i \u00een modul stabilit de legisla\u021bia Republicii Moldova.<\/p>\n<p>5.4. \u00cen cazul pierderii sau divulg\u0103rii datelor cu caracter personal, Administra\u021bia site-ului informeaz\u0103 utilizatorul despre pierderea sau divulgarea datelor cu caracter personal.<\/p>\n<p>5.5. Administrarea site-ului ia m\u0103surile organizatorice \u0219i tehnice necesare pentru a proteja informa\u021biile personale ale Utilizatorului de acces neautorizat sau accidental, distrugere, modificare, blocare, copiere, distribuire, precum \u0219i de alte ac\u021biuni ilegale ale ter\u021bilor.<\/p>\n<p>5.6. Administrarea site-ului, \u00eempreun\u0103 cu Utilizatorul, ia toate m\u0103surile necesare pentru a preveni pierderile sau alte consecin\u021be negative cauzate de pierderea sau divulgarea datelor personale ale Utilizatorului.<\/p>\n<ol start=\"6\">\n<li><strong> OBLIGA\u021aIILE P\u0102R\u021aILOR<\/strong><\/li>\n<\/ol>\n<p>6.1. Utilizatorul este obligat:<\/p>\n<p>6.1.1. Furniza\u021bi informa\u021bii despre datele personale necesare pentru utilizarea site-ului web dits.md.<\/p>\n<p>6.1.2. Actualiza\u021bi, completa\u021bi informa\u021biile furnizate despre datele personale \u00een cazul modific\u0103rii acestor informa\u021bii.<\/p>\n<p>6.2. Administra\u021bia site-ului este obligat\u0103 s\u0103:<\/p>\n<p>6.2.1. Folosi\u021bi informa\u021biile primite numai \u00een scopurile specificate \u00een clauza 4 a prezentei politici de confiden\u021bialitate.<\/p>\n<p>6.2.2. Asigura\u021bi stocarea \u00een secret a informa\u021biilor confiden\u021biale, nu dezv\u0103lui\u021bi f\u0103r\u0103 permisiunea prealabil\u0103 scris\u0103 a utilizatorului \u0219i, de asemenea, nu vinde\u021bi, nu schimba\u021bi, nu publica\u021bi sau dezv\u0103lui\u021bi \u00een alte moduri posibile datele personale transferate ale utilizatorului, cu excep\u021bia cl . 5.2. \u0219i 5.3. din aceast\u0103 politic\u0103 de confiden\u021bialitate.<\/p>\n<p>6.2.3. Lua\u021bi m\u0103suri de precau\u021bie pentru a proteja confiden\u021bialitatea datelor personale ale Utilizatorului \u00een conformitate cu procedura utilizat\u0103 de obicei pentru a proteja acest tip de informa\u021bii \u00een cifra de afaceri existent\u0103.<\/p>\n<p>6.2.4. Bloca\u021bi datele cu caracter personal legate de Utilizatorul relevant din momentul \u00een care utilizatorul sau reprezentantul s\u0103u legal sau organismul autorizat pentru protec\u021bia drepturilor persoanelor vizate solicit\u0103 sau solicit\u0103 perioada de verificare, \u00een cazul dezv\u0103luirii datelor cu caracter personal inexacte sau a ac\u021biunilor ilegale.<\/p>\n<ol start=\"7\">\n<li><strong> R\u0102SPUNDEREA P\u0102R\u021aILOR<\/strong><\/li>\n<\/ol>\n<p>7.1. Administrarea site-ului, care nu \u0219i-a \u00eendeplinit obliga\u021biile, este r\u0103spunz\u0103toare pentru pierderile suferite de Utilizator \u00een leg\u0103tur\u0103 cu utilizarea ilegal\u0103 a datelor cu caracter personal, \u00een conformitate cu legisla\u021bia Republicii Moldova, cu excep\u021bia cazurilor prev\u0103zute la cl. 5.2., 5.3. \u0219i 7.2. din aceast\u0103 politic\u0103 de confiden\u021bialitate.<\/p>\n<p>7.2. \u00cen cazul pierderii sau dezv\u0103luirii informa\u021biilor confiden\u021biale, administra\u021bia site-ului nu este responsabil\u0103 dac\u0103 aceste informa\u021bii confiden\u021biale:<\/p>\n<p>7.2.1. A devenit domeniu public \u00eenainte de pierderea sau dezv\u0103luirea acestuia.<\/p>\n<p>7.2.2. A fost primit de la o ter\u021b\u0103 parte \u00eenainte de a fi primit de c\u0103tre Administra\u021bia site-ului.<\/p>\n<p>7.2.3. A fost dezv\u0103luit cu acordul utilizatorului.<\/p>\n<ol start=\"8\">\n<li><strong> SOLU\u021aIONARE A LITIGIILOR<\/strong><\/li>\n<\/ol>\n<p>8.1. \u00cenainte de a merge \u00een instan\u021b\u0103 cu o cerere pentru litigii care decurg din rela\u021bia dintre Utilizatorul site-ului dits.md \u0219i Administra\u021bia site-ului, este obligatorie depunerea unei cereri (o propunere scris\u0103 pentru solu\u021bionarea voluntar\u0103 a litigiului).<\/p>\n<p>8.2 Destinatarul cererii, \u00een termen de 30 de zile calendaristice de la data primirii cererii, notific\u0103 solicitantului cererea \u00een scris cu privire la rezultatele examin\u0103rii cererii.<\/p>\n<p>8.3. Dac\u0103 nu se ajunge la un acord, litigiul va fi sesizat c\u0103tre o autoritate judiciar\u0103 \u00een conformitate cu legisla\u021bia actual\u0103 a Republicii Moldova.<\/p>\n<p>8.4. Legisla\u021bia actual\u0103 a Republicii Moldova se aplic\u0103 acestei politici de confiden\u021bialitate \u0219i rela\u021biei dintre utilizator \u0219i administra\u021bia site-ului.<\/p>\n<ol start=\"9\">\n<li><strong> TERMENI SUPLIMENTARI<\/strong><\/li>\n<\/ol>\n<p>9.1. Administrarea site-ului are dreptul de a aduce modific\u0103ri acestei politici de confiden\u021bialitate f\u0103r\u0103 consim\u021b\u0103m\u00e2ntul utilizatorului.<\/p>\n<p>9.2. Noua politic\u0103 de confiden\u021bialitate intr\u0103 \u00een vigoare din momentul \u00een care este postat\u0103 pe site-ul web dits.md, cu excep\u021bia cazului \u00een care noua edi\u021bie a politicii de confiden\u021bialitate prevede altfel.<\/p>\n<p>9.3. Orice sugestii sau \u00eentreb\u0103ri cu privire la aceast\u0103 politic\u0103 de confiden\u021bialitate trebuie raportate la adresa de e-mail\u00a0<a href=\"mailto:info@dits.md\"><u>info@dits.md<\/u><\/a><\/p>\n<p>9.4. Politica de confiden\u021bialitate actual\u0103 este postat\u0103 pe pagina de la https:\/\/dits.md\/privacy-policy\/.<\/p>\n<p>&nbsp;<\/p>\n<p>[\/ et_pb_text] [\/ et_pb_column] [\/ et_pb_row] [\/ et_pb_section]<\/p>","protected":false},"excerpt":{"rendered":"<p>\u041d\u0430\u0441\u0442\u043e\u044f\u0449\u0430\u044f \u041f\u043e\u043b\u0438\u0442\u0438\u043a\u0430 \u043a\u043e\u043d\u0444\u0438\u0434\u0435\u043d\u0446\u0438\u0430\u043b\u044c\u043d\u043e\u0441\u0442\u0438 \u043f\u0435\u0440\u0441\u043e\u043d\u0430\u043b\u044c\u043d\u044b\u0445 \u0434\u0430\u043d\u043d\u044b\u0445 (\u0434\u0430\u043b\u0435\u0435 \u2013 \u041f\u043e\u043b\u0438\u0442\u0438\u043a\u0430 \u043a\u043e\u043d\u0444\u0438\u0434\u0435\u043d\u0446\u0438\u0430\u043b\u044c\u043d\u043e\u0441\u0442\u0438) \u0434\u0435\u0439\u0441\u0442\u0432\u0443\u0435\u0442 \u0432 \u043e\u0442\u043d\u043e\u0448\u0435\u043d\u0438\u0438 \u0432\u0441\u0435\u0439 \u0438\u043d\u0444\u043e\u0440\u043c\u0430\u0446\u0438\u0438, \u043a\u043e\u0442\u043e\u0440\u0443\u044e \u0441\u0430\u0439\u0442, \u0440\u0430\u0441\u043f\u043e\u043b\u043e\u0436\u0435\u043d\u043d\u044b\u0439 \u043d\u0430 \u0434\u043e\u043c\u0435\u043d\u043d\u043e\u043c \u0438\u043c\u0435\u043d\u0438\u00a0dits.md, \u043c\u043e\u0436\u0435\u0442 \u043f\u043e\u043b\u0443\u0447\u0438\u0442\u044c \u043e \u041f\u043e\u043b\u044c\u0437\u043e\u0432\u0430\u0442\u0435\u043b\u0435 \u0432\u043e \u0432\u0440\u0435\u043c\u044f \u0438\u0441\u043f\u043e\u043b\u044c\u0437\u043e\u0432\u0430\u043d\u0438\u044f \u0441\u0430\u0439\u0442\u0430. \u041e\u041f\u0420\u0415\u0414\u0415\u041b\u0415\u041d\u0418\u0415 \u0422\u0415\u0420\u041c\u0418\u041d\u041e\u0412 1.1 \u0412 \u043d\u0430\u0441\u0442\u043e\u044f\u0449\u0435\u0439 \u041f\u043e\u043b\u0438\u0442\u0438\u043a\u0435 \u043a\u043e\u043d\u0444\u0438\u0434\u0435\u043d\u0446\u0438\u0430\u043b\u044c\u043d\u043e\u0441\u0442\u0438 \u0438\u0441\u043f\u043e\u043b\u044c\u0437\u0443\u044e\u0442\u0441\u044f \u0441\u043b\u0435\u0434\u0443\u044e\u0449\u0438\u0435 \u0442\u0435\u0440\u043c\u0438\u043d\u044b: 1.1.1.\u00a0\u0410\u0434\u043c\u0438\u043d\u0438\u0441\u0442\u0440\u0430\u0446\u0438\u044f \u0441\u0430\u0439\u0442\u0430 dits.md (\u00ab\u0434\u0430\u043b\u0435\u0435 \u2013 \u0410\u0434\u043c\u0438\u043d\u0438\u0441\u0442\u0440\u0430\u0446\u0438\u044f \u0441\u0430\u0439\u0442\u0430\u00bb) \u2013 \u0443\u043f\u043e\u043b\u043d\u043e\u043c\u043e\u0447\u0435\u043d\u043d\u044b\u0435 \u0441\u043e\u0442\u0440\u0443\u0434\u043d\u0438\u043a\u0438 \u043d\u0430 \u0443\u043f\u0440\u0430\u0432\u043b\u0435\u043d\u0438\u0435 \u0441\u0430\u0439\u0442\u043e\u043c, \u0434\u0435\u0439\u0441\u0442\u0432\u0443\u044e\u0449\u0438\u0435 \u043e\u0442 \u0438\u043c\u0435\u043d\u0438 dits.md, [&hellip;]<\/p>","protected":false},"author":4,"featured_media":0,"parent":0,"menu_order":0,"comment_status":"closed","ping_status":"closed","template":"","meta":{"_et_pb_use_builder":"on","_et_pb_old_content":"","_et_gb_content_width":"","footnotes":""},"class_list":["post-4039","page","type-page","status-publish","hentry"],"_links":{"self":[{"href":"https:\/\/dits.md\/ro\/wp-json\/wp\/v2\/pages\/4039","targetHints":{"allow":["GET"]}}],"collection":[{"href":"https:\/\/dits.md\/ro\/wp-json\/wp\/v2\/pages"}],"about":[{"href":"https:\/\/dits.md\/ro\/wp-json\/wp\/v2\/types\/page"}],"author":[{"embeddable":true,"href":"https:\/\/dits.md\/ro\/wp-json\/wp\/v2\/users\/4"}],"replies":[{"embeddable":true,"href":"https:\/\/dits.md\/ro\/wp-json\/wp\/v2\/comments?post=4039"}],"version-history":[{"count":5,"href":"https:\/\/dits.md\/ro\/wp-json\/wp\/v2\/pages\/4039\/revisions"}],"predecessor-version":[{"id":13624,"href":"https:\/\/dits.md\/ro\/wp-json\/wp\/v2\/pages\/4039\/revisions\/13624"}],"wp:attachment":[{"href":"https:\/\/dits.md\/ro\/wp-json\/wp\/v2\/media?parent=4039"}],"curies":[{"name":"wp","href":"https:\/\/api.w.org\/{rel}","templated":true}]}}