{"id":3943,"date":"2018-07-16T14:30:56","date_gmt":"2018-07-16T14:30:56","guid":{"rendered":"https:\/\/dits.md\/?page_id=3943"},"modified":"2023-02-10T14:19:28","modified_gmt":"2023-02-10T12:19:28","slug":"nucleu-semantic","status":"publish","type":"page","link":"https:\/\/dits.md\/ro\/nucleu-semantic\/","title":{"rendered":"Nucleul semantic"},"content":{"rendered":"<p>[et_pb_section fb_built=&quot;1&quot; custom_padding_last_edited=&quot;pe|desktop&quot; _builder_version=&quot;3.22&quot; background_color=&quot;#18c6cd&quot; custom_padding=&quot;|||&quot; custom_padding_tablet=&quot;50px|0|50px|0&quot; custom_padding_phone=&quot;&quot; transparent_background=&quot;off&quot;][et_pb_row column_structure=&quot;1_2,1_2&quot; column_padding_mobile=&quot;on&quot; _builder_version=&quot;3.25&quot; background_size=&quot;initial&quot; background_position=&quot;top_left&quot; background_repeat=&quot;repeat&quot; custom_padding=&quot;|||&quot;][et_pb_column type=&quot;1_2&quot; _builder_version=&quot;3.25&quot; custom_padding=&quot;|||&quot; custom_padding__hover=&quot;|||&quot;][et_pb_image src=&quot;https:\/\/dits.md\/wp-content\/uploads\/keyword-research.jpg&quot; alt=&quot;Colec\u021bie de cuvinte cheie&quot; align_tablet=&quot;center&quot; align_phone=&quot;&quot; align_last_edited = \u201epe|desktop\u201d _builder_version=&quot;3.23&quot;][\/et_pb_image][\/et_pb_column][et_pb_column type=&quot;1_2&quot; _builder_version=&quot;3.25&quot; custom_padding=&quot;|||&quot; custom_padding__hover=&quot;|||&quot;][et_pb_blurb title=&quot;Nucleul semantic este&quot; icon_placement=&quot;left&quot; _builder_version=&quot;3.10.1&quot; header_level=&quot;h1&quot; header_font=&quot;|700||||||&quot; header_text_color=&quot;#ffffff&quot; body_font=&quot;||||||||&quot; body_text_color=&quot;#ffffff&quot; background_size=&quot;initial&quot; background_position=&quot;top_left&quot; background_repeat=&quot;repeat&quot; use_border_color=&quot;off&quot;]list\u0103 de cuvinte cheie pe care clien\u021bii poten\u021biali le caut\u0103 pentru produsele \u0219i serviciile dvs. Cuvintele cheie sunt preluate din mai multe surse, cum ar fi:<\/p>\n<ul>\n<li>Sugestii Google;<\/li>\n<li>Google Ads - Planificator de cuvinte cheie;<\/li>\n<li>Trenduri Google;<\/li>\n<li>Yandex Wordstat;<\/li>\n<li>Indicii Yandex;<\/li>\n<li>Instrumente - Colector de chei \u0219i altele asemenea;<\/li>\n<li>La fel \u0219i diverse servicii precum Serpstat, Ahrefs etc.<\/li>\n<\/ul>\n<p>[\/et_pb_blurb][\/et_pb_column][\/et_pb_row][\/et_pb_section][et_pb_section fb_built=&quot;1&quot; _builder_version=&quot;3.22&quot; background_color=&quot;#ffffff&quot; locked=&quot;off&quot;][et_pb_row column_structure=&quot;2_build, 1_3, 3.22&quot; \u00bb3.25\u2033 custom_css_main_element=\u00bbdisplay: flex;||flex-wrap: wrap;||align-items: center;\u00bb][et_pb_column type=\u00bb2_3\u2033 _builder_version=\u00bb3.25\u2033 custom_padding=\u00bb|||\u00bb custom_padding__hover=&quot;|||&quot;][et_pb_text _builder_version=&quot;3.27.4&quot; text_font=&quot;||||||||&quot; text_text_color=&quot;#666&quot;]<\/p>\n<p>Sunte\u021bi interesat, dar nu ave\u021bi timp s\u0103 citi\u021bi \u0219i s\u0103 \u00eenv\u0103\u021ba\u021bi? Putem s\u0103 v\u0103 sun\u0103m \u0219i s\u0103 v\u0103 explic\u0103m totul!<\/p>\n<p>[\/et_pb_text][\/et_pb_column][et_pb_column type=&#187;1_3&#8243; _builder_version=&#187;3.25&#8243; custom_padding=&#187;|||&#187; custom_padding__hover=&#187;|||&#187;][et_pb_button button_text=&#187;\u041f\u043e\u0437\u0432\u043e\u043d\u0438\u0442\u044c \u043c\u043d\u0435&#187; button_alignment=&#187;center&#187; module_class=&#187;open-call-me&#187; _builder_version=&#187;3.18.7&#8243; custom_button=&#187;on&#187; button_font=&#187;||||||||&#187; button_icon=&#187;%%264%%&#187; button_text_size__hover_enabled=&#187;off&#187; button_text_size__hover=&#187;null&#187; button_one_text_size__hover_enabled=&#187;off&#187; button_one_text_size__hover=&#187;null&#187; button_two_text_size__hover_enabled=&#187;off&#187; button_two_text_size__hover=&#187;null&#187; button_text_color__hover_enabled=&#187;off&#187; button_text_color__hover=&#187;null&#187; button_one_text_color__hover_enabled=&#187;off&#187; button_one_text_color__hover=&#187;null&#187; button_two_text_color__hover_enabled=&#187;off&#187; button_two_text_color__hover=&#187;null&#187; button_border_width__hover_enabled=&#187;off&#187; button_border_width__hover=&#187;null&#187; button_one_border_width__hover_enabled=&#187;off&#187; button_one_border_width__hover=&#187;null&#187; button_two_border_width__hover_enabled=&#187;off&#187; button_two_border_width__hover=&#187;null&#187; button_border_color__hover_enabled=&#187;off&#187; button_border_color__hover=&#187;null&#187; button_one_border_color__hover_enabled=&#187;off&#187; button_one_border_color__hover=&#187;null&#187; button_two_border_color__hover_enabled=&#187;off&#187; button_two_border_color__hover=&#187;null&#187; button_border_radius__hover_enabled=&#187;off&#187; button_border_radius__hover=&#187;null&#187; button_one_border_radius__hover_enabled=&#187;off&#187; button_one_border_radius__hover=&#187;null&#187; button_two_border_radius__hover_enabled=&#187;off&#187; button_two_border_radius__hover=&#187;null&#187; button_letter_spacing__hover_enabled=&#187;off&#187; button_letter_spacing__hover=&#187;null&#187; button_one_letter_spacing__hover_enabled=&#187;off&#187; button_one_letter_spacing__hover=&#187;null&#187; button_two_letter_spacing__hover_enabled=&#187;off&#187; button_two_letter_spacing__hover=&#187;null&#187; button_bg_color__hover_enabled=&#187;off&#187; button_bg_color__hover=&#187;null&#187; button_one_bg_color__hover_enabled=&#187;off&#187; button_one_bg_color__hover=&#187;null&#187; button_two_bg_color__hover_enabled=&#187;off&#187; button_two_bg_color__hover=&#187;null&#187;][\/et_pb_button][\/et_pb_column][\/et_pb_row][\/et_pb_section][et_pb_section fb_built=&#187;1&#8243; custom_padding_last_edited=&#187;on|desktop&#187; admin_label=&#187;section&#187; _builder_version=&#187;3.22&#8243; background_color=&#187;#18c6cd&#187; parallax=&#187;on&#187; custom_padding=&#187;|||&#187; custom_padding_tablet=&#187;50px|0|50px|0&#8243; custom_padding_phone=&#187;&#187; transparent_background=&#187;off&#187;][et_pb_row column_structure=&#187;1_2,1_2&#8243; _builder_version=&#187;3.25&#8243; custom_padding=&#187;|||&#187;][et_pb_column type=&#187;1_2&#8243; _builder_version=&#187;3.25&#8243; custom_padding=&#187;|||&#187; custom_padding__hover=&#187;|||&#187;][et_pb_blurb title=&#187;\u0421\u043a\u043e\u043b\u044c\u043a\u043e \u0441\u0442\u043e\u0438\u0442 \u0441\u0431\u043e\u0440 \u0421\u042f?&#187; use_icon=&#187;on&#187; font_icon=&#187;%%155%%&#187; icon_color=&#187;#ffffff&#187; icon_placement=&#187;left&#187; _builder_version=&#187;4.8.0&#8243; header_level=&#187;h2&#8243; header_font=&#187;||||||||&#187; header_text_color=&#187;#ffffff&#187; body_font=&#187;||||||||&#187; body_text_color=&#187;#ffffff&#187; hover_enabled=&#187;0&#8243; sticky_enabled=&#187;0&#8243;]<\/p>\n<p>Costul de baz\u0103 semantic <strong>- de la 70 euro.<\/strong><\/p>\n<p>[\/et_pb_blurb][\/et_pb_column][et_pb_column type=&#187;1_2&#8243; _builder_version=&#187;3.25&#8243; custom_padding=&#187;|||&#187; custom_padding__hover=&#187;|||&#187;][et_pb_blurb title=&#187;\u0421\u043a\u043e\u043b\u044c\u043a\u043e \u0441\u0442\u043e\u0438\u0442 \u0421\u042f?&#187; use_icon=&#187;on&#187; font_icon=&#187;%%155%%&#187; icon_color=&#187;#ffffff&#187; icon_placement=&#187;left&#187; _builder_version=&#187;3.10.1&#8243; header_level=&#187;h2&#8243; header_font=&#187;||||||||&#187; header_text_color=&#187;#ffffff&#187; body_font=&#187;||||||||&#187; body_text_color=&#187;#ffffff&#187;]\u0412\u0440\u0435\u043c\u044f \u0441\u0431\u043e\u0440\u0430 \u0441\u0435\u043c\u0430\u043d\u0442\u0438\u0447\u0435\u0441\u043a\u043e\u0433\u043e \u044f\u0434\u0440\u0430 &#8212; <strong>de la 3 zile.<\/strong><br \/>\n[\/et_pb_blurb][\/et_pb_column][\/et_pb_row][et_pb_row _builder_version=&quot;3.25&quot; custom_padding=&quot;|||&quot;][et_pb_column type=&quot;4_4&quot; _builder_version=&quot;3.25&quot; custom_padding=&quot;|||&quot; custom_padding__hover=&quot;|||&quot;][et_pb_text _builder_version=&quot;3.27.4&quot; text_font=&quot;||||||||&quot; text_text_color=&quot;#ffffff&quot; text_font_size=&quot;18px&quot; link_font=&quot;||||||||&quot; text_orientation=&quot;center&quot;]Pre\u021bul SL \u0219i timpul de colectare a nucleului semantic depind de subiect, tipul de site \u0219i num\u0103rul de bunuri \u0219i servicii.<br \/>\n[\/et_pb_text][\/et_pb_column][\/et_pb_row][\/et_pb_section][et_pb_section fb_built=&quot;1&quot; _builder_version=&quot;3.22&quot; background_color=&quot;#ffffff&quot; locked=&quot;off&quot;][et_pb_row column_structure=&quot;2_3,1__3, version=&quot;2_build&quot;, \u00bb3.25\u2033 custom_css_main_element=\u00bbdisplay: flex;||flex-wrap: wrap;||align-items: center;\u00bb][et_pb_column type=\u00bb2_3\u2033 _builder_version=\u00bb3.25\u2033 custom_padding=\u00bb|||\u00bb custom_padding__hover=&quot;|||&quot;][et_pb_text _builder_version=&quot;3.27.4&quot; text_font=&quot;||||||||&quot; text_text_color=&quot;#666&quot;]<\/p>\n<p>Sunte\u021bi interesat, dar nu ave\u021bi timp s\u0103 citi\u021bi \u0219i s\u0103 \u00eenv\u0103\u021ba\u021bi? Putem s\u0103 v\u0103 sun\u0103m \u0219i s\u0103 v\u0103 explic\u0103m totul!<\/p>\n<p>[\/et_pb_text][\/et_pb_column][et_pb_column type=&#187;1_3&#8243; _builder_version=&#187;3.25&#8243; custom_padding=&#187;|||&#187; custom_padding__hover=&#187;|||&#187;][et_pb_button button_text=&#187;\u041f\u043e\u0437\u0432\u043e\u043d\u0438\u0442\u044c \u043c\u043d\u0435&#187; button_alignment=&#187;center&#187; module_class=&#187;open-call-me&#187; _builder_version=&#187;3.18.7&#8243; custom_button=&#187;on&#187; button_font=&#187;||||||||&#187; button_icon=&#187;%%264%%&#187; button_text_size__hover_enabled=&#187;off&#187; button_text_size__hover=&#187;null&#187; button_one_text_size__hover_enabled=&#187;off&#187; button_one_text_size__hover=&#187;null&#187; button_two_text_size__hover_enabled=&#187;off&#187; button_two_text_size__hover=&#187;null&#187; button_text_color__hover_enabled=&#187;off&#187; button_text_color__hover=&#187;null&#187; button_one_text_color__hover_enabled=&#187;off&#187; button_one_text_color__hover=&#187;null&#187; button_two_text_color__hover_enabled=&#187;off&#187; button_two_text_color__hover=&#187;null&#187; button_border_width__hover_enabled=&#187;off&#187; button_border_width__hover=&#187;null&#187; button_one_border_width__hover_enabled=&#187;off&#187; button_one_border_width__hover=&#187;null&#187; button_two_border_width__hover_enabled=&#187;off&#187; button_two_border_width__hover=&#187;null&#187; button_border_color__hover_enabled=&#187;off&#187; button_border_color__hover=&#187;null&#187; button_one_border_color__hover_enabled=&#187;off&#187; button_one_border_color__hover=&#187;null&#187; button_two_border_color__hover_enabled=&#187;off&#187; button_two_border_color__hover=&#187;null&#187; button_border_radius__hover_enabled=&#187;off&#187; button_border_radius__hover=&#187;null&#187; button_one_border_radius__hover_enabled=&#187;off&#187; button_one_border_radius__hover=&#187;null&#187; button_two_border_radius__hover_enabled=&#187;off&#187; button_two_border_radius__hover=&#187;null&#187; button_letter_spacing__hover_enabled=&#187;off&#187; button_letter_spacing__hover=&#187;null&#187; button_one_letter_spacing__hover_enabled=&#187;off&#187; button_one_letter_spacing__hover=&#187;null&#187; button_two_letter_spacing__hover_enabled=&#187;off&#187; button_two_letter_spacing__hover=&#187;null&#187; button_bg_color__hover_enabled=&#187;off&#187; button_bg_color__hover=&#187;null&#187; button_one_bg_color__hover_enabled=&#187;off&#187; button_one_bg_color__hover=&#187;null&#187; button_two_bg_color__hover_enabled=&#187;off&#187; button_two_bg_color__hover=&#187;null&#187;][\/et_pb_button][\/et_pb_column][\/et_pb_row][\/et_pb_section]<\/p>","protected":false},"excerpt":{"rendered":"<p>o list\u0103 de \u00eentreb\u0103ri cheie prin care clien\u021bii poten\u021biali caut\u0103 produsele \u0219i serviciile dvs. Cuvintele cheie sunt preluate din mai multe surse, cum ar fi: sfaturi Google; Google Ads - planificator de cuvinte cheie; Trenduri Google; Yandex Wordstat; sfaturi Yandex; Instrumente - Colector de chei \u0219i similare; La fel \u0219i diverse servicii, precum Serpstat, Ahrefs etc. Interesant, dar nu am timp s\u0103 citesc [\u2026]<\/p>","protected":false},"author":4,"featured_media":4189,"parent":0,"menu_order":0,"comment_status":"closed","ping_status":"closed","template":"","meta":{"_et_pb_use_builder":"on","_et_pb_old_content":"","_et_gb_content_width":"","footnotes":""},"class_list":["post-3943","page","type-page","status-publish","has-post-thumbnail","hentry"],"_links":{"self":[{"href":"https:\/\/dits.md\/ro\/wp-json\/wp\/v2\/pages\/3943","targetHints":{"allow":["GET"]}}],"collection":[{"href":"https:\/\/dits.md\/ro\/wp-json\/wp\/v2\/pages"}],"about":[{"href":"https:\/\/dits.md\/ro\/wp-json\/wp\/v2\/types\/page"}],"author":[{"embeddable":true,"href":"https:\/\/dits.md\/ro\/wp-json\/wp\/v2\/users\/4"}],"replies":[{"embeddable":true,"href":"https:\/\/dits.md\/ro\/wp-json\/wp\/v2\/comments?post=3943"}],"version-history":[{"count":9,"href":"https:\/\/dits.md\/ro\/wp-json\/wp\/v2\/pages\/3943\/revisions"}],"predecessor-version":[{"id":13201,"href":"https:\/\/dits.md\/ro\/wp-json\/wp\/v2\/pages\/3943\/revisions\/13201"}],"wp:featuredmedia":[{"embeddable":true,"href":"https:\/\/dits.md\/ro\/wp-json\/wp\/v2\/media\/4189"}],"wp:attachment":[{"href":"https:\/\/dits.md\/ro\/wp-json\/wp\/v2\/media?parent=3943"}],"curies":[{"name":"wp","href":"https:\/\/api.w.org\/{rel}","templated":true}]}}