{"id":16481,"date":"2025-11-10T18:55:16","date_gmt":"2025-11-10T16:55:16","guid":{"rendered":"https:\/\/dits.md\/?page_id=16481"},"modified":"2025-11-10T18:55:22","modified_gmt":"2025-11-10T16:55:22","slug":"crm","status":"publish","type":"page","link":"https:\/\/dits.md\/ro\/crm\/","title":{"rendered":"CRM"},"content":{"rendered":"<p>[et_pb_section fb_built=&#187;1&#8243; _builder_version=&#187;4.16&#8243; background_image=&#187;https:\/\/dits.md\/wp-content\/uploads\/paralax-background.jpg&#187; locked=&#187;off&#187; global_colors_info=&#187;{}&#187;][et_pb_row column_structure=&#187;1_2,1_2&#8243; _builder_version=&#187;4.27.0&#8243; background_size=&#187;initial&#187; background_position=&#187;top_left&#187; background_repeat=&#187;repeat&#187; global_colors_info=&#187;{}&#187;][et_pb_column type=&#187;1_2&#8243; _builder_version=&#187;4.16&#8243; custom_padding=&#187;|||&#187; global_colors_info=&#187;{}&#187; custom_padding__hover=&#187;|||&#187;][et_pb_image src=&#187;https:\/\/dits.md\/wp-content\/uploads\/customer-relationship-management-or-crm.png&#187; title_text=&#187;Customer relationship management or crm&#187; _builder_version=&#187;4.27.0&#8243; custom_margin=&#187;29px|||||&#187; custom_padding=&#187;||||true&#187; global_colors_info=&#187;{}&#187;][\/et_pb_image][\/et_pb_column][et_pb_column type=&#187;1_2&#8243; _builder_version=&#187;4.27.0&#8243; custom_padding=&#187;|||&#187; global_colors_info=&#187;{}&#187; custom_padding__hover=&#187;|||&#187;][et_pb_text _builder_version=&#187;4.27.0&#8243; _module_preset=&#187;default&#187; text_text_color=&#187;#FFFFFF&#187; header_2_text_color=&#187;#FFFFFF&#187; header_2_font_size=&#187;30px&#187; custom_margin=&#187;38px|||||&#187; locked=&#187;off&#187; global_colors_info=&#187;{}&#187;]<\/p>\n<h2><strong>Optimiza\u021bi \u0219i \u00eembun\u0103t\u0103\u021bi\u021bi eficien\u021ba lucrului cu sistemele CRM<\/strong><\/h2>\n<p>Un sistem CRM reprezint\u0103 o baz\u0103 de date cu clien\u021bi, un calendar, un sistem de colectare a cererilor \u0219i de analiz\u0103, precum \u0219i instrumente pentru automatizarea proceselor de v\u00e2nz\u0103ri \u0219i proiecte.\u00a0<\/p>\n<p>[\/et_pb_text][\/et_pb_column][\/et_pb_row][\/et_pb_section][et_pb_section fb_built=&#187;1&#8243; _builder_version=&#187;4.16&#8243; background_image=&#187;https:\/\/dits.md\/wp-content\/uploads\/paralax-background.jpg&#187; width=&#187;100%&#187; global_colors_info=&#187;{}&#187;][et_pb_row _builder_version=&#187;4.16&#8243; locked=&#187;off&#187; global_colors_info=&#187;{}&#187;][et_pb_column type=&#187;4_4&#8243; _builder_version=&#187;4.16&#8243; global_colors_info=&#187;{}&#187;][et_pb_text admin_label=&#187;\u0422\u0435\u043a\u0441\u0442&#187; _builder_version=&#187;4.27.0&#8243; text_font=&#187;|600|||||||&#187; text_text_color=&#187;#FFFFFF&#187; text_font_size=&#187;30px&#187; text_line_height=&#187;1.1em&#187; header_2_text_color=&#187;#FFFFFF&#187; header_2_font_size=&#187;30px&#187; text_orientation=&#187;center&#187; text_font_size_tablet=&#187;&#187; text_font_size_phone=&#187;30px&#187; text_font_size_last_edited=&#187;on|phone&#187; text_line_height_tablet=&#187;&#187; text_line_height_phone=&#187;1em&#187; text_line_height_last_edited=&#187;on|phone&#187; global_colors_info=&#187;{}&#187;]<\/p>\n<h2><strong>Care sunt avantajele sistemelor CRM pentru afacerea dvs.?<\/strong><\/h2>\n<p>[\/et_pb_text][\/et_pb_column][\/et_pb_row][\/et_pb_section][et_pb_section fb_built=&#187;1&#8243; _builder_version=&#187;4.16&#8243; collapsed=&#187;off&#187; global_colors_info=&#187;{}&#187;][et_pb_row column_structure=&#187;1_3,1_3,1_3&#8243; _builder_version=&#187;4.16&#8243; _module_preset=&#187;default&#187; global_colors_info=&#187;{}&#187;][et_pb_column type=&#187;1_3&#8243; _builder_version=&#187;4.16&#8243; _module_preset=&#187;default&#187; global_colors_info=&#187;{}&#187;][et_pb_blurb use_icon=&#187;on&#187; font_icon=&#187;&#xe08b;||divi||400&#8243; icon_color=&#187;#FFFFFF&#187; image_icon_background_color=&#187;#3F1C6C&#187; image_icon_width=&#187;44px&#187; _builder_version=&#187;4.27.0&#8243; _module_preset=&#187;default&#187; image_icon_custom_padding=&#187;25px|25px|25px|25px|false|false&#187; text_orientation=&#187;center&#187; border_radii_image=&#187;on|100%|100%|100%|100%&#187; icon_font_size=&#187;44px&#187; use_circle=&#187;on&#187; circle_color=&#187;#3F1C6C&#187; global_colors_info=&#187;{}&#187; image_icon_background_color__sticky_enabled=&#187;#7EBEC5&#8243; image_icon_background_color__sticky=&#187;#7EBEC5&#8243;]<\/p>\n<p>Se elimin\u0103 pierderile atunci c\u00e2nd clien\u021bii contacteaz\u0103 prin diferite canale.<\/p>\n<p>[\/et_pb_blurb][\/et_pb_column][et_pb_column type=&#187;1_3&#8243; _builder_version=&#187;4.16&#8243; _module_preset=&#187;default&#187; global_colors_info=&#187;{}&#187;][et_pb_blurb use_icon=&#187;on&#187; font_icon=&#187;&#xe06c;||divi||400&#8243; icon_color=&#187;#FFFFFF&#187; image_icon_background_color=&#187;#3F1C6C&#187; image_icon_width=&#187;44px&#187; _builder_version=&#187;4.27.0&#8243; _module_preset=&#187;default&#187; image_icon_custom_padding=&#187;25px|25px|25px|25px|false|false&#187; text_orientation=&#187;center&#187; border_radii_image=&#187;on|100%|100%|100%|100%&#187; icon_font_size=&#187;44px&#187; use_circle=&#187;on&#187; circle_color=&#187;#3F1C6C&#187; global_colors_info=&#187;{}&#187; image_icon_background_color__sticky_enabled=&#187;#7EBEC5&#8243; image_icon_background_color__sticky=&#187;#7EBEC5&#8243;]<\/p>\n<p>Baza de date a clien\u021bilor este protejat\u0103 \u00een mod sigur \u00eempotriva furtului de date, iar eviden\u021ba clien\u021bilor este bine organizat\u0103.<\/p>\n<p>[\/et_pb_blurb][\/et_pb_column][et_pb_column type=&#187;1_3&#8243; _builder_version=&#187;4.16&#8243; _module_preset=&#187;default&#187; global_colors_info=&#187;{}&#187;][et_pb_blurb use_icon=&#187;on&#187; font_icon=&#187;&#xe0d8;||divi||400&#8243; icon_color=&#187;#FFFFFF&#187; image_icon_background_color=&#187;#3F1C6C&#187; image_icon_width=&#187;44px&#187; _builder_version=&#187;4.27.0&#8243; _module_preset=&#187;default&#187; image_icon_custom_padding=&#187;25px|25px|25px|25px|false|false&#187; text_orientation=&#187;center&#187; border_radii_image=&#187;on|100%|100%|100%|100%&#187; icon_font_size=&#187;44px&#187; use_circle=&#187;on&#187; circle_color=&#187;#3F1C6C&#187; global_colors_info=&#187;{}&#187; image_icon_background_color__sticky_enabled=&#187;#7EBEC5&#8243; image_icon_background_color__sticky=&#187;#7EBEC5&#8243;]<\/p>\n<p>Procesul de v\u00e2nz\u0103ri poate fi controlat prin intermediul unei p\u00e2lnii de v\u00e2nz\u0103ri.<\/p>\n<p>[\/et_pb_blurb][\/et_pb_column][\/et_pb_row][et_pb_row column_structure=&#187;1_3,1_3,1_3&#8243; _builder_version=&#187;4.16&#8243; _module_preset=&#187;default&#187; custom_margin=&#187;34px|auto||auto||&#187; global_colors_info=&#187;{}&#187;][et_pb_column type=&#187;1_3&#8243; _builder_version=&#187;4.16&#8243; _module_preset=&#187;default&#187; global_colors_info=&#187;{}&#187;][et_pb_blurb use_icon=&#187;on&#187; font_icon=&#187;&#xe0f0;||divi||400&#8243; icon_color=&#187;#FFFFFF&#187; image_icon_background_color=&#187;#3F1C6C&#187; image_icon_width=&#187;44px&#187; admin_label=&#187;\u041a\u0440\u0430\u0442\u043a\u043e\u0435 \u043e\u043f\u0438\u0441\u0430\u043d\u0438\u0435&#187; _builder_version=&#187;4.27.0&#8243; _module_preset=&#187;default&#187; image_icon_custom_padding=&#187;25px|25px|25px|25px|false|false&#187; text_orientation=&#187;center&#187; border_radii_image=&#187;on|100%|100%|100%|100%&#187; icon_font_size=&#187;44px&#187; use_circle=&#187;on&#187; circle_color=&#187;#3F1C6C&#187; global_colors_info=&#187;{}&#187; image_icon_background_color__sticky_enabled=&#187;#7EBEC5&#8243; image_icon_background_color__sticky=&#187;#7EBEC5&#8243;]<\/p>\n<p>Sistemul CRM ajut\u0103 la distribuirea corect\u0103 a bugetului de publicitate.<\/p>\n<p>[\/et_pb_blurb][\/et_pb_column][et_pb_column type=&#187;1_3&#8243; _builder_version=&#187;4.16&#8243; _module_preset=&#187;default&#187; global_colors_info=&#187;{}&#187;][et_pb_blurb use_icon=&#187;on&#187; font_icon=&#187;&#xf2f2;||fa||900&#8243; icon_color=&#187;#FFFFFF&#187; image_icon_background_color=&#187;#3F1C6C&#187; image_icon_width=&#187;44px&#187; _builder_version=&#187;4.27.0&#8243; _module_preset=&#187;default&#187; image_icon_custom_padding=&#187;25px|25px|25px|25px|false|false&#187; text_orientation=&#187;center&#187; border_radii_image=&#187;on|100%|100%|100%|100%&#187; icon_font_size=&#187;44px&#187; use_circle=&#187;on&#187; circle_color=&#187;#3F1C6C&#187; global_colors_info=&#187;{}&#187; image_icon_background_color__sticky_enabled=&#187;#7EBEC5&#8243; image_icon_background_color__sticky=&#187;#7EBEC5&#8243;]<\/p>\n<p>Sarcinile \u0219i termenele lor de realizare sunt controlate de programe.<\/p>\n<p>[\/et_pb_blurb][\/et_pb_column][et_pb_column type=&#187;1_3&#8243; _builder_version=&#187;4.16&#8243; _module_preset=&#187;default&#187; global_colors_info=&#187;{}&#187;][et_pb_blurb use_icon=&#187;on&#187; font_icon=&#187;&#xe08a;||divi||400&#8243; icon_color=&#187;#FFFFFF&#187; image_icon_background_color=&#187;#3F1C6C&#187; image_icon_width=&#187;44px&#187; _builder_version=&#187;4.27.0&#8243; _module_preset=&#187;default&#187; image_icon_custom_padding=&#187;25px|25px|25px|25px|false|false&#187; text_orientation=&#187;center&#187; border_radii_image=&#187;on|100%|100%|100%|100%&#187; icon_font_size=&#187;44px&#187; use_circle=&#187;on&#187; circle_color=&#187;#3F1C6C&#187; global_colors_info=&#187;{}&#187; image_icon_background_color__sticky_enabled=&#187;#7EBEC5&#8243; image_icon_background_color__sticky=&#187;#7EBEC5&#8243;]<\/p>\n<p>Timpul petrecut de angaja\u021bi pentru procesarea informa\u021biilor este redus.<\/p>\n<p>[\/et_pb_blurb][\/et_pb_column][\/et_pb_row][\/et_pb_section][et_pb_section fb_built=&#187;1&#8243; _builder_version=&#187;4.16&#8243; background_image=&#187;https:\/\/dits.md\/wp-content\/uploads\/paralax-background.jpg&#187; width=&#187;100%&#187; global_colors_info=&#187;{}&#187;][et_pb_row _builder_version=&#187;4.16&#8243; locked=&#187;off&#187; global_colors_info=&#187;{}&#187;][et_pb_column type=&#187;4_4&#8243; _builder_version=&#187;4.16&#8243; global_colors_info=&#187;{}&#187;][et_pb_text admin_label=&#187;\u0422\u0435\u043a\u0441\u0442&#187; _builder_version=&#187;4.27.0&#8243; text_font=&#187;|600|||||||&#187; text_text_color=&#187;#FFFFFF&#187; text_font_size=&#187;30px&#187; text_line_height=&#187;1.1em&#187; header_2_text_color=&#187;#FFFFFF&#187; header_2_font_size=&#187;30px&#187; text_orientation=&#187;center&#187; text_font_size_tablet=&#187;&#187; text_font_size_phone=&#187;30px&#187; text_font_size_last_edited=&#187;on|phone&#187; text_line_height_tablet=&#187;&#187; text_line_height_phone=&#187;1em&#187; text_line_height_last_edited=&#187;on|phone&#187; global_colors_info=&#187;{}&#187;]<\/p>\n<h2><strong>Sisteme CRM<\/strong><\/h2>\n<p>[\/et_pb_text][\/et_pb_column][\/et_pb_row][\/et_pb_section][et_pb_section fb_built=&#187;1&#8243; _builder_version=&#187;4.16&#8243; collapsed=&#187;off&#187; global_colors_info=&#187;{}&#187;][et_pb_row column_structure=&#187;1_3,1_3,1_3&#8243; _builder_version=&#187;4.16&#8243; _module_preset=&#187;default&#187; global_colors_info=&#187;{}&#187;][et_pb_column type=&#187;1_3&#8243; _builder_version=&#187;4.16&#8243; _module_preset=&#187;default&#187; global_colors_info=&#187;{}&#187;][et_pb_blurb image=&#187;https:\/\/dits.md\/wp-content\/uploads\/zavantazhennja-14.png&#187; _builder_version=&#187;4.27.0&#8243; _module_preset=&#187;default&#187; image_icon_custom_padding=&#187;25px|25px|25px|25px|false|false&#187; text_orientation=&#187;center&#187; link_option_url=&#187;\/bitrix24\/&#187; border_radii_image=&#187;on|100%|100%|100%|100%&#187; icon_font_size=&#187;44px&#187; use_circle=&#187;on&#187; circle_color=&#187;#3F1C6C&#187; global_colors_info=&#187;{}&#187; image_icon_background_color__sticky_enabled=&#187;#7EBEC5&#8243; image_icon_background_color__sticky=&#187;#7EBEC5&#8243;][\/et_pb_blurb][\/et_pb_column][et_pb_column type=&#187;1_3&#8243; _builder_version=&#187;4.16&#8243; _module_preset=&#187;default&#187; global_colors_info=&#187;{}&#187;][et_pb_blurb image=&#187;https:\/\/dits.md\/wp-content\/uploads\/zavantazhennja-15.png&#187; _builder_version=&#187;4.27.0&#8243; _module_preset=&#187;default&#187; image_icon_custom_padding=&#187;25px|25px|25px|25px|false|false&#187; text_orientation=&#187;center&#187; link_option_url=&#187;\/amocrm\/&#187; border_radii_image=&#187;on|100%|100%|100%|100%&#187; icon_font_size=&#187;44px&#187; use_circle=&#187;on&#187; circle_color=&#187;#3F1C6C&#187; global_colors_info=&#187;{}&#187; image_icon_background_color__sticky_enabled=&#187;#7EBEC5&#8243; image_icon_background_color__sticky=&#187;#7EBEC5&#8243;][\/et_pb_blurb][\/et_pb_column][et_pb_column type=&#187;1_3&#8243; _builder_version=&#187;4.16&#8243; _module_preset=&#187;default&#187; global_colors_info=&#187;{}&#187;][et_pb_blurb image=&#187;https:\/\/dits.md\/wp-content\/uploads\/6874197942_6874197942.webp&#187; _builder_version=&#187;4.27.0&#8243; _module_preset=&#187;default&#187; image_icon_custom_padding=&#187;25px|25px|25px|25px|false|false&#187; text_orientation=&#187;center&#187; link_option_url=&#187;\/crm\/nethunt\/&#187; border_radii_image=&#187;on|100%|100%|100%|100%&#187; icon_font_size=&#187;44px&#187; use_circle=&#187;on&#187; circle_color=&#187;#3F1C6C&#187; global_colors_info=&#187;{}&#187; image_icon_background_color__sticky_enabled=&#187;#7EBEC5&#8243; image_icon_background_color__sticky=&#187;#7EBEC5&#8243; border_color_all_image__hover_enabled=&#187;off|desktop&#187;][\/et_pb_blurb][\/et_pb_column][\/et_pb_row][et_pb_row column_structure=&#187;1_3,1_3,1_3&#8243; _builder_version=&#187;4.16&#8243; _module_preset=&#187;default&#187; custom_margin=&#187;34px|auto||auto||&#187; global_colors_info=&#187;{}&#187;][et_pb_column type=&#187;1_3&#8243; _builder_version=&#187;4.16&#8243; _module_preset=&#187;default&#187; global_colors_info=&#187;{}&#187;][et_pb_blurb image=&#187;https:\/\/dits.md\/wp-content\/uploads\/6874350995_6874350995.webp&#187; admin_label=&#187;\u041a\u0440\u0430\u0442\u043a\u043e\u0435 \u043e\u043f\u0438\u0441\u0430\u043d\u0438\u0435&#187; _builder_version=&#187;4.27.0&#8243; _module_preset=&#187;default&#187; image_icon_custom_padding=&#187;25px|25px|25px|25px|false|false&#187; text_orientation=&#187;center&#187; link_option_url=&#187;\/crm\/perfectum-crm-erp\/&#187; border_radii_image=&#187;on|100%|100%|100%|100%&#187; icon_font_size=&#187;44px&#187; use_circle=&#187;on&#187; circle_color=&#187;#3F1C6C&#187; global_colors_info=&#187;{}&#187; image_icon_background_color__sticky_enabled=&#187;#7EBEC5&#8243; image_icon_background_color__sticky=&#187;#7EBEC5&#8243;][\/et_pb_blurb][\/et_pb_column][et_pb_column type=&#187;1_3&#8243; _builder_version=&#187;4.16&#8243; _module_preset=&#187;default&#187; global_colors_info=&#187;{}&#187;][et_pb_blurb image=&#187;https:\/\/dits.md\/wp-content\/uploads\/6874499540_6874499540.webp&#187; _builder_version=&#187;4.27.0&#8243; _module_preset=&#187;default&#187; image_icon_custom_padding=&#187;25px|25px|25px|25px|false|false&#187; text_orientation=&#187;center&#187; link_option_url=&#187;\/crm\/uspacy\/&#187; border_radii_image=&#187;on|100%|100%|100%|100%&#187; icon_font_size=&#187;44px&#187; use_circle=&#187;on&#187; circle_color=&#187;#3F1C6C&#187; global_colors_info=&#187;{}&#187; image_icon_background_color__sticky_enabled=&#187;#7EBEC5&#8243; image_icon_background_color__sticky=&#187;#7EBEC5&#8243;][\/et_pb_blurb][\/et_pb_column][et_pb_column type=&#187;1_3&#8243; _builder_version=&#187;4.16&#8243; _module_preset=&#187;default&#187; global_colors_info=&#187;{}&#187;][\/et_pb_column][\/et_pb_row][\/et_pb_section][et_pb_section fb_built=&#187;1&#8243; _builder_version=&#187;4.16&#8243; background_image=&#187;https:\/\/dits.md\/wp-content\/uploads\/paralax-background.jpg&#187; global_colors_info=&#187;{}&#187;][et_pb_row _builder_version=&#187;4.16&#8243; global_colors_info=&#187;{}&#187;][et_pb_column type=&#187;4_4&#8243; _builder_version=&#187;4.16&#8243; global_colors_info=&#187;{}&#187;][et_pb_text _builder_version=&#187;4.27.0&#8243; text_font=&#187;|600|||||||&#187; text_text_color=&#187;#FFFFFF&#187; text_font_size=&#187;30px&#187; text_line_height=&#187;1.2em&#187; header_2_font_size=&#187;30px&#187; text_orientation=&#187;center&#187; background_layout=&#187;dark&#187; text_font_size_tablet=&#187;&#187; text_font_size_phone=&#187;30px&#187; text_font_size_last_edited=&#187;on|phone&#187; text_line_height_tablet=&#187;&#187; text_line_height_phone=&#187;1em&#187; text_line_height_last_edited=&#187;on|phone&#187; global_colors_info=&#187;{}&#187;]<\/p>\n<h2><strong>Particularit\u0103\u021bile furniz\u0103rii serviciilor unui integrator CRM<\/strong><\/h2>\n<p>[\/et_pb_text][\/et_pb_column][\/et_pb_row][\/et_pb_section][et_pb_section fb_built=&#187;1&#8243; _builder_version=&#187;4.16&#8243; collapsed=&#187;off&#187; global_colors_info=&#187;{}&#187;][et_pb_row column_structure=&#187;1_4,1_4,1_4,1_4&#8243; _builder_version=&#187;4.16&#8243; _module_preset=&#187;default&#187; global_colors_info=&#187;{}&#187;][et_pb_column type=&#187;1_4&#8243; _builder_version=&#187;4.16&#8243; _module_preset=&#187;default&#187; global_colors_info=&#187;{}&#187;][et_pb_blurb use_icon=&#187;on&#187; font_icon=&#187;&#xe05a;||divi||400&#8243; icon_color=&#187;#FFFFFF&#187; image_icon_background_color=&#187;#3F1C6C&#187; image_icon_width=&#187;44px&#187; _builder_version=&#187;4.27.0&#8243; _module_preset=&#187;default&#187; image_icon_custom_padding=&#187;25px|25px|25px|25px|false|false&#187; text_orientation=&#187;center&#187; border_radii_image=&#187;on|100%|100%|100%|100%&#187; icon_font_size=&#187;44px&#187; use_circle=&#187;on&#187; circle_color=&#187;#3F1C6C&#187; global_colors_info=&#187;{}&#187; image_icon_background_color__sticky_enabled=&#187;#7EBEC5&#8243; image_icon_background_color__sticky=&#187;#7EBEC5&#8243;]<\/p>\n<p>Oferim spre alegere mai multe sisteme CRM; orice proiect \u00eencepe cu un caiet de sarcini tehnic.<\/p>\n<p>[\/et_pb_blurb][\/et_pb_column][et_pb_column type=&#187;1_4&#8243; _builder_version=&#187;4.16&#8243; _module_preset=&#187;default&#187; global_colors_info=&#187;{}&#187;][et_pb_blurb use_icon=&#187;on&#187; font_icon=&#187;&#xe059;||divi||400&#8243; icon_color=&#187;#FFFFFF&#187; image_icon_background_color=&#187;#3F1C6C&#187; image_icon_width=&#187;44px&#187; _builder_version=&#187;4.27.0&#8243; _module_preset=&#187;default&#187; image_icon_custom_padding=&#187;25px|25px|25px|25px|false|false&#187; text_orientation=&#187;center&#187; border_radii_image=&#187;on|100%|100%|100%|100%&#187; icon_font_size=&#187;44px&#187; use_circle=&#187;on&#187; circle_color=&#187;#3F1C6C&#187; global_colors_info=&#187;{}&#187; image_icon_background_color__sticky_enabled=&#187;#7EBEC5&#8243; image_icon_background_color__sticky=&#187;#7EBEC5&#8243;]<\/p>\n<p>Oferim clien\u021bilor materiale de instruire aferente dup\u0103 implementarea sistemului CRM.<\/p>\n<p>[\/et_pb_blurb][\/et_pb_column][et_pb_column type=&#187;1_4&#8243; _builder_version=&#187;4.16&#8243; _module_preset=&#187;default&#187; global_colors_info=&#187;{}&#187;][et_pb_blurb use_icon=&#187;on&#187; font_icon=&#187;&#xe06f;||divi||400&#8243; icon_color=&#187;#FFFFFF&#187; image_icon_background_color=&#187;#3F1C6C&#187; image_icon_width=&#187;44px&#187; _builder_version=&#187;4.27.0&#8243; _module_preset=&#187;default&#187; image_icon_custom_padding=&#187;25px|25px|25px|25px|false|false&#187; text_orientation=&#187;center&#187; border_radii_image=&#187;on|100%|100%|100%|100%&#187; icon_font_size=&#187;44px&#187; use_circle=&#187;on&#187; circle_color=&#187;#3F1C6C&#187; global_colors_info=&#187;{}&#187; image_icon_background_color__sticky_enabled=&#187;#7EBEC5&#8243; image_icon_background_color__sticky=&#187;#7EBEC5&#8243;]<\/p>\n<p>Implementarea unui sistem CRM poate fi comandat\u0103 \u00een versiunea cloud sau on-premise.<\/p>\n<p>[\/et_pb_blurb][\/et_pb_column][et_pb_column type=&#187;1_4&#8243; _builder_version=&#187;4.16&#8243; _module_preset=&#187;default&#187; global_colors_info=&#187;{}&#187;][et_pb_blurb use_icon=&#187;on&#187; font_icon=&#187;&#xf109;||fa||900&#8243; icon_color=&#187;#FFFFFF&#187; image_icon_background_color=&#187;#3F1C6C&#187; image_icon_width=&#187;44px&#187; _builder_version=&#187;4.27.0&#8243; _module_preset=&#187;default&#187; image_icon_custom_padding=&#187;25px|25px|25px|25px|false|false&#187; text_orientation=&#187;center&#187; border_radii_image=&#187;on|100%|100%|100%|100%&#187; icon_font_size=&#187;44px&#187; use_circle=&#187;on&#187; circle_color=&#187;#3F1C6C&#187; locked=&#187;off&#187; global_colors_info=&#187;{}&#187; image_icon_background_color__sticky_enabled=&#187;#7EBEC5&#8243; image_icon_background_color__sticky=&#187;#7EBEC5&#8243;]<\/p>\n<p>Implementarea unui sistem CRM este doar \u00eenceputul proiectului. Urmeaz\u0103 instruirea personalului \u0219i asisten\u021ba dup\u0103 implementare.<\/p>\n<p>[\/ et_pb_blurb] [\/ et_pb_column] [\/ et_pb_row] [\/ et_pb_section]<\/p>","protected":false},"excerpt":{"rendered":"<p>\u041e\u043f\u0442\u0438\u043c\u0438\u0437\u0438\u0440\u0443\u0439\u0442\u0435 \u0438 \u043f\u043e\u0432\u044b\u0448\u0430\u0439\u0442\u0435 \u044d\u0444\u0444\u0435\u043a\u0442\u0438\u0432\u043d\u043e\u0441\u0442\u044c \u0440\u0430\u0431\u043e\u0442\u044b \u0441 CRM-\u0441\u0438\u0441\u0442\u0435\u043c\u0430\u043c\u0438 CRM-\u0441\u0438\u0441\u0442\u0435\u043c\u0430 \u043f\u0440\u0435\u0434\u0441\u0442\u0430\u0432\u043b\u044f\u0435\u0442 \u0441\u043e\u0431\u043e\u0439 \u0431\u0430\u0437\u0443 \u043a\u043b\u0438\u0435\u043d\u0442\u043e\u0432, \u043a\u0430\u043b\u0435\u043d\u0434\u0430\u0440\u044c, \u0441\u0438\u0441\u0442\u0435\u043c\u0443 \u0441\u0431\u043e\u0440\u0430 \u0437\u0430\u044f\u0432\u043e\u043a \u0438 \u0430\u043d\u0430\u043b\u0438\u0442\u0438\u043a\u0438, \u0430 \u0442\u0430\u043a\u0436\u0435 \u0438\u043d\u0441\u0442\u0440\u0443\u043c\u0435\u043d\u0442\u044b \u0430\u0432\u0442\u043e\u043c\u0430\u0442\u0438\u0437\u0430\u0446\u0438\u0438 \u043f\u0440\u043e\u0446\u0435\u0441\u0441\u0430 \u043f\u0440\u043e\u0434\u0430\u0436 \u0438 \u043f\u0440\u043e\u0435\u043a\u0442\u043e\u0432\u00a0\u041a\u0430\u043a\u0438\u0435 \u043f\u0440\u0435\u0438\u043c\u0443\u0449\u0435\u0441\u0442\u0432\u0430 CRM-\u0441\u0438\u0441\u0442\u0435\u043c \u0434\u043b\u044f \u0432\u0430\u0448\u0435\u0433\u043e \u0431\u0438\u0437\u043d\u0435\u0441\u0430?\u0418\u0441\u043a\u043b\u044e\u0447\u0430\u044e\u0442\u0441\u044f \u043f\u043e\u0442\u0435\u0440\u0438 \u043f\u0440\u0438 \u043e\u0431\u0440\u0430\u0449\u0435\u043d\u0438\u044f\u0445 \u043a\u043b\u0438\u0435\u043d\u0442\u043e\u0432 \u0441 \u0440\u0430\u0437\u043d\u044b\u0445 \u043a\u0430\u043d\u0430\u043b\u043e\u0432\u041a\u043b\u0438\u0435\u043d\u0442\u0441\u043a\u0430\u044f \u0431\u0430\u0437\u0430 \u043d\u0430\u0434\u0435\u0436\u043d\u043e \u0437\u0430\u0449\u0438\u0449\u0435\u043d\u0430 \u043e\u0442 \u043a\u0440\u0430\u0436\u0438 \u0434\u0430\u043d\u043d\u044b\u0445, \u0430 \u0443\u0447\u0435\u0442 \u043a\u043b\u0438\u0435\u043d\u0442\u043e\u0432 \u0443\u043f\u043e\u0440\u044f\u0434\u043e\u0447\u0435\u043d\u041f\u0440\u043e\u0446\u0435\u0441\u0441 \u043f\u0440\u043e\u0434\u0430\u0436 \u043c\u043e\u0436\u0435\u0442 \u043a\u043e\u043d\u0442\u0440\u043e\u043b\u0438\u0440\u043e\u0432\u0430\u0442\u044c\u0441\u044f \u043f\u043e\u0441\u0440\u0435\u0434\u0441\u0442\u0432\u043e\u043c \u0432\u043e\u0440\u043e\u043d\u043a\u0438 \u043f\u0440\u043e\u0434\u0430\u0436CRM-\u0441\u0438\u0441\u0442\u0435\u043c\u0430 \u043f\u043e\u043c\u043e\u0433\u0430\u0435\u0442 [&hellip;]<\/p>","protected":false},"author":4,"featured_media":0,"parent":0,"menu_order":0,"comment_status":"closed","ping_status":"closed","template":"","meta":{"_et_pb_use_builder":"on","_et_pb_old_content":"","_et_gb_content_width":"","footnotes":""},"class_list":["post-16481","page","type-page","status-publish","hentry"],"_links":{"self":[{"href":"https:\/\/dits.md\/ro\/wp-json\/wp\/v2\/pages\/16481","targetHints":{"allow":["GET"]}}],"collection":[{"href":"https:\/\/dits.md\/ro\/wp-json\/wp\/v2\/pages"}],"about":[{"href":"https:\/\/dits.md\/ro\/wp-json\/wp\/v2\/types\/page"}],"author":[{"embeddable":true,"href":"https:\/\/dits.md\/ro\/wp-json\/wp\/v2\/users\/4"}],"replies":[{"embeddable":true,"href":"https:\/\/dits.md\/ro\/wp-json\/wp\/v2\/comments?post=16481"}],"version-history":[{"count":15,"href":"https:\/\/dits.md\/ro\/wp-json\/wp\/v2\/pages\/16481\/revisions"}],"predecessor-version":[{"id":16551,"href":"https:\/\/dits.md\/ro\/wp-json\/wp\/v2\/pages\/16481\/revisions\/16551"}],"wp:attachment":[{"href":"https:\/\/dits.md\/ro\/wp-json\/wp\/v2\/media?parent=16481"}],"curies":[{"name":"wp","href":"https:\/\/api.w.org\/{rel}","templated":true}]}}