{"id":14,"date":"2012-06-21T12:28:51","date_gmt":"2012-06-21T12:28:51","guid":{"rendered":"https:\/\/dits.md\/wordpress\/?page_id=14"},"modified":"2023-12-21T19:37:21","modified_gmt":"2023-12-21T17:37:21","slug":"o-nas-kontakti","status":"publish","type":"page","link":"https:\/\/dits.md\/ro\/o-nas-kontakti\/","title":{"rendered":"Despre noi"},"content":{"rendered":"<p>[et_pb_section fb_built=\u00bb1\u2033 admin_label=\u00bbsection\u00bb _builder_version=\u00bb4.16\u2033 custom_padding=\u00bb54px|0px|15px|0px\u00bb global_colors_info=\u00bb{}\u00bb][et_pb_row column_structure=\u00bb2_5,3\u2033 row_5_label\u00bbbuild =\u201d4.16\u2033 background_size=\u201dinitial\u201d background_position=\u201dtop_left\u201d background_repeat=\u201drepeat\u201d global_colors_info=\u201d{}\u201d][et_pb_column type=\u201d2_5\u2033 _builder_version=\u201d4.16\u2033 custom_padding=\u201d|||\u201d global_colors_info=\u201d{}\u201d custom_padding__hover=\u201d|||\u201d][et_pb_text admin_label=\u201dText\u201d _builder_version=\u201d4.22.2\u2033 background_size=\u201dinitial\u201d background_position=\u201dsus_st\u00e2nga\u201d background_repeat=\u201drepeat\u201d hover_enable=_\u201d0\u2033 color_enable=_\u201der_enable &quot;off&quot; border_color=&quot;#ffffff&quot; border_style=&quot;solid&quot; global_colors_info=&quot;{}&quot; sticky_enabled=&quot;0\u2033]<\/p>\n<h3>\u00a0ne<\/h3>\n<p>Compania noastr\u0103 lucreaz\u0103 \u00een domeniul IT din 2007. \u00cen acest timp, sa dovedit a ob\u021bine anumite rezultate, principalul lucru fiind clien\u021bii no\u0219tri obi\u0219nui\u021bi! Ne place s\u0103 ajut\u0103m oamenii s\u0103 lucreze \u0219i s\u0103 c\u00e2\u0219tige bani \u0219i s\u0103 nu pierdem timpul cu subtilit\u0103\u021bile IT.<\/p>\n<p><strong>Abordare:<\/strong>\u00a0Moldova, Chi\u0219in\u0103u<\/p>\n<p>strada Sarmizezhetus<\/p>\n<p><strong>Tel.:<\/strong> <a href=\"tel:+37369246523\">+373 69 246 523<\/a><br \/>\n<strong>Tel.:<\/strong> <a href=\"tel:+37360884460\">+373 60 884 460<\/a><\/p>\n<p><strong>Departamentul de vanzari: <\/strong><a href=\"mailto:sales@dits.md\">sales@dits.md<\/a>\u00a0 \/\u00a0<a href=\"tel:+37369403420\">+373 69 403 420<\/a><\/p>\n<p><strong>Ore de lucru:\u00a0<\/strong><span style=\"font-size: 16px;\">Luni-Vineri - 9-00 \/ 18-00<\/span><\/p>\n<p>Sat-Dum \u2013 disponibil prin po\u0219t\u0103 \u0219i telefon[\/et_pb_text][\/et_pb_column][et_pb_column type=\u201d3_5\u2033 _builder_version=\u201d4.16\u2033 custom_padding=\u201d|||\u201d global_colors_info=\u201d{}\u201d custom_padding__hover=\u201d|||\u201d][et_pb_contact_form email=\u201dinfo@dits.md\u201d title=\u201dScrie-ne:\u201d success_message=\u201d\u00ce\u021bi vom r\u0103spunde \u00een cur\u00e2nd!\u201d admin_label=\u201dFormular de contact\u201d module_id=\u201det_pb_contact_form_0\u2033 _builder_version=\u201d4.16\u2033 _unique_id=\u201d91976187-2a2d-44ff-a045-6834b1fbed33\u2033 _builder_version=\u201d4.16\u2033 _unique_id=\u201d91976187-2a2d-44ff-a045-6834b1fbed33\u2033 custom=\u201dC\u2033color=\u201d_C_1_button \u201d#FFFFFF\u201d button_border_color=&quot;#0C71C3\u2033 button_icon_color =\u00bb#0C71C3\u2033 border_radii=\u00bbon|0px|0px|0px|0px\u00bb use_border_color=\u00bboff\u00bb border_color=\u00bb#ffffff\u00bb border_style=\u00bbsolid\u00bb input_border_radius=\u00bb0\u2033 global_colors_info=\u00bb{}\u00bb][tact_field_me] \u00bb field_title=\u00bbNume\u00bb fullwidth_field=\u00bbon\u00bb _builder_version=\u00bb4.16\u2033 form_field_font=\u00bb||||\u00bb use_border_color=\u00bboff\u00bb border_style=\u00bbsolid\u00bb global_colors_info=\u00bb{}\u00bb button_text_size__hover_enabled=\u00bboff\u00bb button_one_text_size__hover_enabled=\u00bboff\u00bb button_two_text_size__hover_enabled=\u00bboff\u00bb button_text_color__hover_enabled\u00bbbutton_text_color__hover_enabled\u00bb _two_ text_color__hover_enabled=\u00bboff\u00bb button_border_width__hover_enabled=\u00bboff \u00bb button_one_border_width__hover_enabled=\u00bboff\u00bb button_two_border_width__hover_enabled=\u00bboff\u00bb button_border_color__hover_enabled=\u00bboff\u00bb button_one_border_color__hover_enabled=\u00bboff\u00bb button_two_border_color__hover_enabled=\u00bboff_border_border_enabled=\u00bboff_border_enabled _radius__hover_enabled=\u00bboff\u00bb button_two_border_radius__hover_enabled=\u00bboff\u00bb button_letter_spacing__hover_enabled=\u00bboff\u00bb button_one_letter_spacing__hover_enabled=\u00bboff &quot; button_two_letter_spacing__hover_enabled=&quot;off&quot; button_bg_color__hover_enabled=&quot;off&quot; button_one_bg_color__hover_enabled=&quot;off&quot; button_two_bg_color__hover_enabled=&quot;off&quot;] [\/et_pb_contact_field] [\/et_pb_contact_field] = &quot;E-mail field_field&quot; = &quot;Campul de e-mail&quot; field_con _builder_version=&quot;4.16&quot; global_colors_info =\u00bb{}\u00bb button_text_size__hover_enabled=\u00bboff\u00bb button_one_text_size__hover_enabled=\u00bboff\u00bb button_two_text_size__hover_enabled=\u00bboff\u00bb button_text_color__hover_enabled=\u00bboff\u00bb button_one_text_color__hover_enabled\u00bb_off=\u00bb_colored \u00bb button_border_width__hover _enabled=&quot;off&quot; button_one_border_width__hover_enabled=&quot;off&quot; button_two_border_width__hover_enabled=&quot; off&quot; button_border_color__hover_enabled=\u00bboff\u00bb button_one_border_color__hover_enabled=\u00bboff\u00bb button_two_border_color__hover_enabled=\u00bboff\u00bb button_border_radius__hover_enabled=\u00bboff\u00bb button_one_border_radius__hover_enabled\u00bbbutton_two_border_enabled\u00bb_off_hover_enabled\u00bb letter_spacing__h over_enabled=\u00bboff\u00bb button_one_letter_spacing__hover_enabled=\u00bboff\u00bb button_two_letter_spacing__hover_enabled=\u00bboff\u00bb button_bg_color__hover_enabled= \u00bboff\u00bb button_one_bg_color__hover_enabled=\u201doff\u201d button_two_bg_color__hover_enabled=\u201doff\u201d] [\/et_pb_contact_field][et_pb_contact_field field_id=\u201dPhone\u201d field_title=\u201dPhone\u201d _builder_version=\u201dt form\u201d|_6\u201d|_\u2033=\u201d4.1_field\u201d|_ use_border_color=\u00bboff\u00bb border_style=\u00bbsolid\u00bb global_colors_info=\u00bb{}\u00bb button_text_size__hover_enabled=\u00bboff\u00bb button_one_text_size__hover_enabled=\u00bboff\u00bb button_two_text_size__hover_enabled=\u00bboff\u00bb button_text_color__hover_enabled\u00bbbutton_text_color__hover_enabled\u00bb _two_ text_color__hover_enabled=\u00bboff\u00bb button_border_width__hover_enabled=\u00bboff \u00bb button_one_border_width__hover_enabled=\u00bboff\u00bb button_two_border_width__hover_enabled=\u00bboff\u00bb button_border_color__hover_enabled=\u00bboff\u00bb button_one_border_color__hover_enabled=\u00bboff\u00bb button_two_border_color__hover_enabled=\u00bboff_border_border_enabled=\u00bboff_border_enabled _radius__hover_enabled=\u00bboff\u00bb button_two_border_radius__hover_enabled=\u00bboff\u00bb button_letter_spacing__hover_enabled=\u00bboff\u00bb button_one_letter_spacing__hover_enabled=\u00bboff \u00bb button_two_letter_spacing__hover_enabled=\u00bboff\u00bb button_bg_color__hover_enabled=\u00bboff\u00bb button_one_bg_color__hover_enabled=\u00bboff\u00bb button_two_bg_color__hover_enabled=\u00bboff\u00bb] [\/et_pb_contact_enabled=\u00bbtitle\u00bbMessage field__field_[et_pb_contact_field_] \u201etext\u201d fullwidth_field=&quot;on&quot; _builder_version= \u00bb 4.16\u2033 global_colors_info=\u00bb{}\u00bb button_text_size__hover_enabled=\u00bboff\u00bb button_one_text_size__hover_enabled=\u00bboff\u00bb button_two_text_size__hover_enabled=\u00bboff\u00bb button_text_color__hover_enabled=\u00bboff\u00bb button_text_hover__enabled\u00bboff_hover__enable ver_enable d=\u201doff\u201d button_border_width__hover_enabled=\u201doff\u201d button_one_border_width__hover_enabled=\u201doff\u201d button_two_border_width__hover_enabled =\u00bboff\u00bb button_border_color__hover_enabled=\u00bboff\u00bb button_one_border_color__hover_enabled=\u00bboff\u00bb button_two_border_color__hover_enabled=\u00bboff\u00bb button_border_radius__hover_enabled=\u00bboff\u00bb button_one_border_radius__hover_enabled\u00bbbutton_two_border_denable__hover_enable=\u00bboff\u00bb button_border_radius__hover_enabled _letter_s pacing__hover_enabled=\u00bboff\u00bb button_one_letter_spacing__hover_enabled=\u00bboff\u00bb button_two_letter_spacing__hover_enabled=\u00bboff\u00bb button_bg_color__hover_enabled =\u00bboff\u00bb button_one_bg_color__hover_enabled=\u00bboff\u00bb button_two_bg_color__hover_enabled=\u00bboff\u00bb] [\/et_pb_contact_field][\/et_pb_contact_form][\/et_pb_column][\/et_pb_row][\/et_pb_row][\/et_pb_built][\/et_pb_built.] \u00bb 4.16\u2033 custom_padding=&quot; 15px|0px|54px|0px&quot; global_colors_info=&quot;{}&quot;][et_pb_row _builder_version=&quot;4.16\u2033 custom_padding=&quot;0px|0px|0px|0px&quot; global_colors_info=&quot;{}&quot;][et_pb_column type=&quot;4_4\u2033 _builder_version=&quot; 4.16\u2033 custom_padding=&quot;|||\u201d global_colors_info=\u201d{}\u201d custom_padding__hover=\u201d|||\u201d][et_pb_code _builder_version=\u201d4.16\u2033 global_colors_info=\u201d{}\u201d]<iframe src=\"https:\/\/www.google.com\/maps\/embed?pb=!1m18!1m12!1m3!1d87073.79905460039!2d28.85817655!3d46.99986905!2m3!1f0!2f0!3f0!3m2!1i1024!2i768!4f13.1!3m3!1m2!1s0x40c97c3628b769a1%3A0x37d1d6305749dd3c!2zQ2hpyJlpbsSDdQ!5e0!3m2!1sen!2s!4v1675951519455!5m2!1sen!2s\" width=\"1920\" height=\"450\" frameborder=\"0\" style=\"border:0;\" allowfullscreen=\"\" aria-hidden=\"false\" tabindex=\"0\"><\/iframe>[\/ et_pb_code] [\/ et_pb_column] [\/ et_pb_row] [\/ et_pb_section]<\/p>","protected":false},"excerpt":{"rendered":"<p>\u00a0noi Compania noastr\u0103 lucreaz\u0103 \u00een IT din 2007. \u00cen acest timp, am reu\u0219it s\u0103 ob\u021binem anumite rezultate, principalul lucru fiind clien\u021bii no\u0219tri obi\u0219nui\u021bi! Ne place s\u0103 ajut\u0103m oamenii s\u0103 lucreze \u0219i s\u0103 c\u00e2\u0219tige bani \u0219i s\u0103 nu pierdem timpul cu subtilit\u0103\u021bi IT. Adresa: Moldova, Chisinau, str. Sarmizegetusa Tel.: +373 69 246 523 Tel.: +373 60 884 460 Departament vanzari: sales@dits.md \/ +373 69 403 420 Orar de lucru: L-V [\u2026]<\/p>","protected":false},"author":1,"featured_media":2751,"parent":0,"menu_order":0,"comment_status":"closed","ping_status":"closed","template":"","meta":{"_et_pb_use_builder":"on","_et_pb_old_content":"","_et_gb_content_width":"","footnotes":""},"class_list":["post-14","page","type-page","status-publish","has-post-thumbnail","hentry"],"_links":{"self":[{"href":"https:\/\/dits.md\/ro\/wp-json\/wp\/v2\/pages\/14","targetHints":{"allow":["GET"]}}],"collection":[{"href":"https:\/\/dits.md\/ro\/wp-json\/wp\/v2\/pages"}],"about":[{"href":"https:\/\/dits.md\/ro\/wp-json\/wp\/v2\/types\/page"}],"author":[{"embeddable":true,"href":"https:\/\/dits.md\/ro\/wp-json\/wp\/v2\/users\/1"}],"replies":[{"embeddable":true,"href":"https:\/\/dits.md\/ro\/wp-json\/wp\/v2\/comments?post=14"}],"version-history":[{"count":11,"href":"https:\/\/dits.md\/ro\/wp-json\/wp\/v2\/pages\/14\/revisions"}],"predecessor-version":[{"id":14037,"href":"https:\/\/dits.md\/ro\/wp-json\/wp\/v2\/pages\/14\/revisions\/14037"}],"wp:featuredmedia":[{"embeddable":true,"href":"https:\/\/dits.md\/ro\/wp-json\/wp\/v2\/media\/2751"}],"wp:attachment":[{"href":"https:\/\/dits.md\/ro\/wp-json\/wp\/v2\/media?parent=14"}],"curies":[{"name":"wp","href":"https:\/\/api.w.org\/{rel}","templated":true}]}}