{"id":13700,"date":"2023-07-27T14:19:06","date_gmt":"2023-07-27T12:19:06","guid":{"rendered":"https:\/\/dits.md\/?page_id=13700"},"modified":"2025-07-02T15:53:36","modified_gmt":"2025-07-02T13:53:36","slug":"plugins-by-dits","status":"publish","type":"page","link":"https:\/\/dits.md\/ro\/plugins-by-dits\/","title":{"rendered":"Plugin by Dits"},"content":{"rendered":"<p>[et_pb_section fb_built=&#187;1&#8243; admin_label=&#187;\u0420\u0430\u0437\u0434\u0435\u043b&#187; _builder_version=&#187;4.24.2&#8243; background_image=&#187;https:\/\/dits.md\/wp-content\/uploads\/fon-1.png&#187; background_enable_pattern_style=&#187;on&#187; background_pattern_style=&#187;tufted&#187; min_height=&#187;126px&#187; custom_padding=&#187;35px|0px|40px|0px|false|false&#187; global_module=&#187;2594&#8243; locked=&#187;off&#187; collapsed=&#187;off&#187; global_colors_info=&#187;{}&#187;][et_pb_row admin_label=&#187;\u0421\u0442\u0440\u043e\u043a\u0430&#187; _builder_version=&#187;4.27.0&#8243; _module_preset=&#187;default&#187; global_colors_info=&#187;{}&#187;][et_pb_column type=&#187;4_4&#8243; _builder_version=&#187;4.27.0&#8243; _module_preset=&#187;default&#187; global_colors_info=&#187;{}&#187;][\/et_pb_column][\/et_pb_row][et_pb_row _builder_version=&#187;4.27.0&#8243; _module_preset=&#187;default&#187; global_colors_info=&#187;{}&#187;][et_pb_column type=&#187;4_4&#8243; _builder_version=&#187;4.27.0&#8243; _module_preset=&#187;default&#187; global_colors_info=&#187;{}&#187;][et_pb_post_title author=&#187;off&#187; date=&#187;off&#187; comments=&#187;off&#187; featured_image=&#187;off&#187; _builder_version=&#187;4.27.0&#8243; _module_preset=&#187;default&#187; title_text_align=&#187;center&#187; title_text_color=&#187;#FFFFFF&#187; title_font_size=&#187;39px&#187; text_orientation=&#187;center&#187; custom_margin=&#187;||9px|||&#187; title_font_size_tablet=&#187;&#187; title_font_size_phone=&#187;30px&#187; title_font_size_last_edited=&#187;on|phone&#187; global_colors_info=&#187;{}&#187;][\/et_pb_post_title][et_pb_text _builder_version=&#187;4.27.0&#8243; _module_preset=&#187;default&#187; global_colors_info=&#187;{}&#187;]<\/p>\n<p style=\"text-align: center;\"><span style=\"color: #ffffff;\">Author &#8212; <a style=\"color: #ffffff;\" href=\"\/ro\/constantin-nacul\/\">Constantin Nacul<\/a><\/span><\/p>\n<p>[\/et_pb_text][\/et_pb_column][\/et_pb_row][\/et_pb_section][et_pb_section fb_built=&#187;1&#8243; _builder_version=&#187;4.16&#8243; _module_preset=&#187;default&#187; global_colors_info=&#187;{}&#187;][et_pb_row column_structure=&#187;1_3,1_3,1_3&#8243; _builder_version=&#187;4.16&#8243; _module_preset=&#187;default&#187; global_colors_info=&#187;{}&#187;][et_pb_column type=&#187;1_3&#8243; _builder_version=&#187;4.16&#8243; _module_preset=&#187;default&#187; global_colors_info=&#187;{}&#187;][et_pb_blurb title=&#187;AIRBA Plugin&#187; url=&#187;https:\/\/dits.md\/airba-plugin-worpress-woocommerce\/&#187; image=&#187;https:\/\/dits.md\/wp-content\/uploads\/airba.png&#187; _builder_version=&#187;4.16&#8243; _module_preset=&#187;default&#187; header_level=&#187;h3&#8243; header_font=&#187;||||||||&#187; header_text_align=&#187;center&#187; text_orientation=&#187;center&#187; global_colors_info=&#187;{}&#187;]<\/p>\n<p><span><strong>\u021aar\u0103<\/strong>:<\/span> Kazahstan<br \/> <strong>CMS: <\/strong>WordPress + WooCommerce.<strong><br \/> <\/strong>Plugin WooCommerce cu plat\u0103 de credit\/rat\u0103 prin AIRBA PAY.<\/p>\n<p>[\/et_pb_blurb][\/et_pb_column][et_pb_column type=\u00bb1_3\u2033 _builder_version=\u00bb4.16\u2033 _module_preset=\u00bbdefault\u00bb global_colors_info=\u00bb{}\u00bb][et_pb_blurb title=\u00bbComparare produs\u00bbdit url.=\u00bbhttps:\/\/ \/products-compare-worpress-woocommerce\/\u00bb image=\u00bbhttps:\/\/dits.md\/wp-content\/uploads\/compare1.jpg\u00bb _builder_version=\u00bb4.22.2\u2033 _module_preset=\u00bbdefault\u00bb header_level=\u00bbh3\u2033 header_font= \u201e||||||||\u201d header_text_align=\u201dcenter\u201d text_orientation=\u201dcenter\u201d global_colors_info=\u201d{}\u201d]<\/p>\n<p><strong>\u021aar\u0103<\/strong>:Toate<br \/><strong>CMS:<\/strong> WordPress + WooCommerce.<br \/>Products Compare este cel mai bun plugin de comparare pentru magazinul dvs. online!<\/p>\n<p>[\/et_pb_blurb][\/et_pb_column][et_pb_column type=\u00bb1_3\u2033 _builder_version=\u00bb4.16\u2033 _module_preset=\u00bbdefault\u00bb global_colors_info=\u00bb{}\u00bb][et_pb_blurb title=\u00bbMillikart WordPress\u00bb plugin-ul Woocommerce Azerbaijan\u00bb \/dits.md\/millikart-plugin-worpress-woocommerce-azerbaycan\/\u00bb image=\u00bbhttps:\/\/dits.md\/wp-content\/uploads\/47.jpg\u00bb alt=\u00bbMillikart LLC Woocommerce Payment Gateway Plugin\u00bb _builder_version=\u00bb 4.22.2\u2033 _module_preset=\u201ddefault\u201d header_level=\u201dh3\u2033 header_font=\u201d||||||||\u201d header_text_align=\u201dcenter\u201d text_orientation=\u201dcenter\u201d global_colors_info=\u201d{}\u201d]<\/p>\n<p><strong>\u021aar\u0103<\/strong>: Azerbaidjan<br \/><strong>CMS:<\/strong> WordPress + WooCommerce.<br \/>Plugin WooCommerce pentru poarta de plat\u0103 Millikart<\/p>\n<p>[\/et_pb_blurb] [\/et_pb_column] [\/et_pb_rown] [et_pb_row column_structure = &quot;1_3.1_3.1_3 \u2033 _Builder_version =&quot; 4.16 \u2033 _MODULE_PRESET = &quot;Default&quot; olors &quot;_{}&quot;_column = &quot;_{}&quot;] Builder_type er_version =&quot; 4.16\u2033 _module_preset=\u201ddefault\u201d global_colors_info=\u201d{}\u201d][\/et_pb_column][et_pb_column type=\u201d1_3\u2033 _builder_version=\u201d4.16\u2033 _module_preset=\u201ddefault\u201d global_colors_column][et_pb_column type=\u201d1_3\u2033 _builder_version=\u201d4.16\u2033 _module_preset=\u201ddefault\u201d global_colors_column][et_pb_column title=\u201d\u201d{b}_blurb_info=\u201dp pentru WooCommerce&quot; url=&quot;https:\/\/dits.md\/plagin-dexpress-serbija-dlja-woocommerce\/&quot; image=&quot;https:\/\/dits.md\/wp-content\/uploads\/325748825_1182481102403142_53090534000253691&quot;95_builder.jpg 24 .2\u2033 _module_preset=\u201ddefault\u201d header_level=\u201dh3\u2033 header_font=\u201d||||||||\u201d header_text_align=\u201dcenter\u201d text_orientation=\u201dcenter\u201d global_colors_info=\u201d{}\u201d]<\/p>\n<p><strong>\u021aar\u0103<\/strong>:Toate<br \/><strong>CMS:<\/strong> WordPress + WooCommerce.<br \/>Pluginul DExpress Serbia pentru WooCommerce este cel mai bun plugin DExpress pentru magazinul dvs. online!<\/p>\n<p>[\/et_pb_blurb][\/et_pb_column][et_pb_column type=&#187;1_3&#8243; _builder_version=&#187;4.16&#8243; _module_preset=&#187;default&#187; global_colors_info=&#187;{}&#187;][\/et_pb_column][\/et_pb_row][\/et_pb_section][et_pb_section fb_built=&#187;1&#8243; _builder_version=&#187;4.24.2&#8243; _module_preset=&#187;default&#187; global_colors_info=&#187;{}&#187;][et_pb_row _builder_version=&#187;4.24.2&#8243; _module_preset=&#187;default&#187; global_colors_info=&#187;{}&#187;][et_pb_column type=&#187;4_4&#8243; _builder_version=&#187;4.24.2&#8243; _module_preset=&#187;default&#187; global_colors_info=&#187;{}&#187;][et_pb_text _builder_version=&#187;4.24.2&#8243; _module_preset=&#187;default&#187; global_colors_info=&#187;{}&#187;]<\/p>\n<h1 style=\"text-align: center;\">Dezvoltare plugin WordPress<\/h1>\n<p data-start=\"33\" data-end=\"351\">Din anul 2007, ajut\u0103m afacerile s\u0103 construiasc\u0103, s\u0103 \u00eembun\u0103t\u0103\u021beasc\u0103 \u0219i s\u0103 creasc\u0103 \u00een mediul digital. Fie c\u0103 ai nevoie s\u0103 validezi o idee, s\u0103 lansezi un site web, s\u0103 optimizezi performan\u021ba sau s\u0103 \u00ee\u021bi scalezi eforturile de marketing, noi avem expertiza necesar\u0103 pentru a face acest lucru posibil. Nu oferim solu\u021bii universale, potrivite pentru toat\u0103 lumea.<\/p>\n<p data-start=\"353\" data-end=\"610\">Fiecare afacere este diferit\u0103, iar noi ne acord\u0103m timpul necesar pentru a \u00een\u021belege obiectivele, provoc\u0103rile \u0219i a\u0219tept\u0103rile tale. Rolul nostru este s\u0103 oferim strategii practice \u0219i eficiente care s\u0103 te ajute s\u0103 mergi \u00eenainte. \u00centotdeauna exist\u0103 ceva ce poate fi \u00eembun\u0103t\u0103\u021bit \u2013 noi avem instrumentele \u0219i cuno\u0219tin\u021bele necesare pentru asta.<\/p>\n<p data-start=\"612\" data-end=\"752\">Lucr\u0103m cu clien\u021bi din \u00eentreaga Europ\u0103, SUA, Canada \u0219i Asia, oferind solu\u021bii care \u00eei ajut\u0103 s\u0103 ob\u021bin\u0103 rezultate reale \u0219i m\u0103surabile.<\/p>\n<p data-start=\"754\" data-end=\"793\"><a href=\"https:\/\/profiles.wordpress.org\/ditsagency\/\" rel=\"nofollow noopener\" target=\"_blank\">Vizualizeaz\u0103 profilul nostru de pe WordPress.org<\/a><\/p>\n<p>O echip\u0103 de dezvoltatori profesioni\u0219ti de la dits.md este implicat\u0103 \u00een dezvoltarea cu succes a pluginurilor WordPress pentru magazinele online de pe platforma WordPress. Munca noastr\u0103 include crearea de solu\u021bii specializate pentru WooCommerce, ceea ce ne permite s\u0103 extindem semnificativ func\u021bionalitatea caracteristicilor standard ale acestui popular CMS.<\/p>\n<p>Una dintre evolu\u021biile noastre notabile este AIRBA Plugin pentru pia\u021ba din Kazahstan. Acest <a href=\"\/ro\/airba-plugin-worpress-woocommerce\/\">Pluginul WordPress integreaz\u0103 op\u021biunile de \u00eemprumut \u0219i rate<\/a> prin serviciul AIRBA PAY direct \u00een procesul de cump\u0103rare, f\u0103c\u00e2ndu-l c\u00e2t mai convenabil \u0219i accesibil pentru utilizatorul final. Aceast\u0103 caracteristic\u0103 simplific\u0103 foarte mult procesul de cump\u0103rare, cresc\u00e2nd conversia \u0219i loialitatea clien\u021bilor.<\/p>\n<p>Al doilea produs important din portofoliul nostru este Plugin Product Compare, care este disponibil pentru toate \u021b\u0103rile. Aceast\u0103 solu\u021bie este puternic\u0103 <a href=\"\/ro\/products-compare-worpress-woocommerce\/\">Plugin WordPress pentru compararea produselor din magazinele online pe WooCommerce<\/a>. Plugin Product Compare \u00eei ajut\u0103 pe cump\u0103r\u0103tori s\u0103 compare cu u\u0219urin\u021b\u0103 caracteristicile produselor, pre\u021burile \u0219i alte atribute, simplific\u00e2nd procesul de selec\u021bie \u0219i sporind satisfac\u021bia utilizatorilor.<\/p>\n<p>Pentru pia\u021ba azer\u0103, am dezvoltat Millikart LLC WooCommerce Payment Gateway Plugin, care <a href=\"\/ro\/millikart-plugin-worpress-woocommerce-azerbaycan\/\">integreaz\u0103 gateway-ul de plat\u0103 Millikart cu WooCommerce<\/a>, oferind tranzac\u021bii online sigure \u0219i securizate. Acest plugin WordPress este o solu\u021bie cheie pentru magazinele online locale care doresc s\u0103 \u00ee\u0219i extind\u0103 acoperirea \u0219i s\u0103 simplifice procesul de plat\u0103 pentru clien\u021bii lor.<\/p>\n<p>\u00cen plus, am propus o solu\u021bie pentru pia\u021ba s\u00e2rb\u0103 - pluginul DExpress Serbia pentru WooCommerce, care a devenit cel mai bun <a href=\"\/ro\/plagin-dexpress-serbija-dlja-woocommerce\/\">Plugin DExpress pentru magazine online<\/a>. Simplific\u0103 foarte mult logistica \u0219i procesarea comenzilor, ceea ce este esen\u021bial pentru func\u021bionarea eficient\u0103 a unui magazin online.<\/p>\n<p>Solu\u021biile noastre sunt concepute pentru a oferi companiilor oportunitatea de a folosi propriul plugin WordPress, care le va \u00eendeplini pe deplin cerin\u021bele \u0219i obiectivele unice. Scopul nostru este s\u0103 oferim solu\u021bii eficiente, personalizate, care s\u0103 v\u0103 ajute afacerea s\u0103 ias\u0103 \u00een eviden\u021b\u0103 \u0219i s\u0103 aib\u0103 succes.<\/p>\n<p>\u00ceN <a href=\"\/ro\/\">dits.md<\/a> ve\u021bi g\u0103si speciali\u0219ti cu experien\u021b\u0103 gata s\u0103 dezvolte \u0219i s\u0103 implementeze pluginuri func\u021bionale \u0219i de \u00eenalt\u0103 calitate pentru magazinul dvs. online, f\u0103c\u00e2nd afacerea dvs. mai competitiv\u0103 \u0219i de succes.<\/p>\n<p>[\/ et_pb_text] [\/ et_pb_column] [\/ et_pb_row] [\/ et_pb_section]<\/p>","protected":false},"excerpt":{"rendered":"<p>Author &#8212; Constantin NaculCountry: Kazakhstan CMS: WordPress + WooCommerce. \u041f\u043b\u0430\u0433\u0438\u043d \u0434\u043b\u044f WooCommerce \u0441 \u043e\u043f\u043b\u0430\u0442\u043e\u0439 \u0432 \u043a\u0440\u0435\u0434\u0438\u0442\/\u0440\u0430\u0441\u0441\u0440\u043e\u0447\u043a\u0443 \u0447\u0435\u0440\u0435\u0437 AIRBA PAY.Country: AllCMS: WordPress + WooCommerce.Products Compare \u2014 \u043b\u0443\u0447\u0448\u0438\u0439 \u043f\u043b\u0430\u0433\u0438\u043d \u0441\u0440\u0430\u0432\u043d\u0435\u043d\u0438\u044f \u0434\u043b\u044f \u0432\u0430\u0448\u0435\u0433\u043e \u0438\u043d\u0442\u0435\u0440\u043d\u0435\u0442-\u043c\u0430\u0433\u0430\u0437\u0438\u043d\u0430!Country: \u0410\u0437\u0435\u0440\u0431\u0430\u0439\u0434\u0436\u0430\u043dCMS: WordPress + WooCommerce.\u041f\u043b\u0430\u0433\u0438\u043d WooCommerce \u0434\u043b\u044f \u043f\u043b\u0430\u0442\u0435\u0436\u043d\u043e\u0433\u043e \u0448\u043b\u044e\u0437\u0430 MillikartCountry: AllCMS: WordPress + WooCommerce.DExpress Serbia plugin for WooCommerce \u2014 \u043b\u0443\u0447\u0448\u0438\u0439 \u043f\u043b\u0430\u0433\u0438\u043d DExpress \u0434\u043b\u044f \u0432\u0430\u0448\u0435\u0433\u043e \u0438\u043d\u0442\u0435\u0440\u043d\u0435\u0442-\u043c\u0430\u0433\u0430\u0437\u0438\u043d\u0430!\u0420\u0430\u0437\u0440\u0430\u0431\u043e\u0442\u043a\u0430 [&hellip;]<\/p>","protected":false},"author":4,"featured_media":13703,"parent":0,"menu_order":0,"comment_status":"closed","ping_status":"closed","template":"","meta":{"_et_pb_use_builder":"on","_et_pb_old_content":"","_et_gb_content_width":"","footnotes":""},"class_list":["post-13700","page","type-page","status-publish","has-post-thumbnail","hentry"],"_links":{"self":[{"href":"https:\/\/dits.md\/ro\/wp-json\/wp\/v2\/pages\/13700","targetHints":{"allow":["GET"]}}],"collection":[{"href":"https:\/\/dits.md\/ro\/wp-json\/wp\/v2\/pages"}],"about":[{"href":"https:\/\/dits.md\/ro\/wp-json\/wp\/v2\/types\/page"}],"author":[{"embeddable":true,"href":"https:\/\/dits.md\/ro\/wp-json\/wp\/v2\/users\/4"}],"replies":[{"embeddable":true,"href":"https:\/\/dits.md\/ro\/wp-json\/wp\/v2\/comments?post=13700"}],"version-history":[{"count":9,"href":"https:\/\/dits.md\/ro\/wp-json\/wp\/v2\/pages\/13700\/revisions"}],"predecessor-version":[{"id":16395,"href":"https:\/\/dits.md\/ro\/wp-json\/wp\/v2\/pages\/13700\/revisions\/16395"}],"wp:featuredmedia":[{"embeddable":true,"href":"https:\/\/dits.md\/ro\/wp-json\/wp\/v2\/media\/13703"}],"wp:attachment":[{"href":"https:\/\/dits.md\/ro\/wp-json\/wp\/v2\/media?parent=13700"}],"curies":[{"name":"wp","href":"https:\/\/api.w.org\/{rel}","templated":true}]}}