{"id":13544,"date":"2023-06-14T16:40:17","date_gmt":"2023-06-14T14:40:17","guid":{"rendered":"https:\/\/dits.md\/?page_id=13544"},"modified":"2023-07-27T14:19:52","modified_gmt":"2023-07-27T12:19:52","slug":"airba-plugin-worpress-woocommerce","status":"publish","type":"page","link":"https:\/\/dits.md\/ro\/airba-plugin-worpress-woocommerce\/","title":{"rendered":"Plugin AIRBA Worpress Woocommerce"},"content":{"rendered":"<p>[et_pb_section fb_built=\u00bb1\u2033 admin_label=\u00bbSection\u00bb _builder_version=\u00bb4.0.2\u2033 background_image=\u00bbhttps:\/\/dits.md\/wp-content\/uploads\/paralax-background.jpg\u00bb min_height=\u00bb126px\u00bb custom_padding=\u00bb 35px|0px|40px|0px|false|false\u00bb global_module=\u00bb2594\u2033 blocat=\u00bboff\u00bb collapsed=\u00bbon\u00bb][et_pb_row _builder_version=\u00bb4.0.2\u2033 width=\u00bb100%\u00bb max_width=\u00bb100%\u00bb custom_margin=\u00bb custom_margin=\u00bb ||||false|false&quot; custom_padding=&quot;18px||||false|false&quot;][et_pb_column type=&quot;4_4\u2033 _builder_version=&quot;4.0.2\u2033][et_pb_post_title meta=&quot;off&quot; featured_image=&quot;off&quot; _builder_version= \u00bb4.8.0\u2033 _module_preset=\u00bbimplicit\u00bb title_font=\u00bb|600|||||||\u00bb title_text_align=\u00bbcenter\u00bb title_text_color=\u00bb#ffffff\u00bb title_font_size=\u00bb41px\u00bb title_line_height=\u00bb1.2em\u00bb hover_enabled=\u00bb0\u2033 title_font_size_tablet=\u00bb\u00bb title_font_size_phone=\u00bb27px\u00bb title_font_font_size=\u00bbtitle_font_tops =\u00bb27px &quot;title_2_font_size_last_edited=&quot; on|desktop&quot; title_3_font_size_phone=&quot;27px&quot; title_3_font_size_last_edited=&quot;on|desktop&quot; title_4_font_size_phone=&quot;27px&quot; title_4_font_size_last_edited=&quot;on|desktop&quot; title_5_font_size_phone=&quot;27_font_edit_phone=&quot;27_px&quot;_edited=&quot;27_font_size_phone&quot; t_size_phone=\u201d27px\u201d title_6_font_size_last_edited=\u201don| desktop&quot; sticky_enabled=\u00bb0\u2033][\/et_pb_post_title][\/et_pb_column][\/et_pb_row][\/et_pb_section][et_pb_section fb_built=\u00bb1\u2033 _builder_version=\u00bb4.0.2\u2033][et_pb_row 1_structure_, 2_builder 1_, 2_version 1_, 2_row \u00bb4.8.0\u2033 width=\u00bb100%\u00bb][et_pb_column type=\u00bb1_3\u2033 _builder_version=\u00bb4.0.2\u2033][et_pb_image src=\u00bbhttps:\/\/dits.md\/wp-content\/uploads\/airba.png\u00bb alt =&quot;Millikart LLC Woocommerce Payment Gateway Plugin&quot; title_text=&quot;AIRBA&quot; url_new_window=&quot;on&quot; align=&quot;center&quot; _builder_version=&quot;4.8.0\u2033 custom_padding=&quot;0px||0px|||&quot; hover_enabled=\u00bb0\u2033 sticky_enabled=\u00bb0\u2033][\/et_pb_image][\/et_pb_column][et_pb_column type=\u00bb2_3\u2033 _builder_version=\u00bb4.0.2\u2033][et_pb_text _builder_version=\u00bbmodulul personalizat=\u00bb4.8.0.0\u2033 preset &quot;38px|||||&quot;]<\/p>\n<p>AIRBA este un plugin pentru WooCommerce care ofer\u0103 posibilitatea de a pl\u0103ti cump\u0103r\u0103turile pe credit \/ rate. Atunci c\u00e2nd aleg aceast\u0103 metod\u0103 de plat\u0103, clien\u021bii sunt redirec\u021biona\u021bi c\u0103tre pagina AIRBA PAY, unde au acces la diverse oferte de rate de la b\u0103ncile partenere.<\/p>\n<p>Clien\u021bii pot alege varianta cea mai potrivit\u0103, pot \u00eendeplini formalit\u0103\u021bile necesare, iar apoi pluginul AIRBA este notificat despre starea de lichidare a ratei pentru procesarea comenzii. Aceasta ofer\u0103 o op\u021biune de plat\u0103 convenabil\u0103 \u0219i flexibil\u0103 pentru cump\u0103r\u0103tori, \u00eembun\u0103t\u0103\u021bindu-v\u0103 experien\u021ba magazinului online.<\/p>\n<p>[\/et_pb_text][et_pb_button button_url=&#187;\/contact&#187; button_text=&#187;\u0417\u0430\u043a\u0430\u0437\u0430\u0442\u044c \u043f\u043e\u0434\u043a\u043b\u044e\u0447\u0435\u043d\u0438\u0435 \u043f\u043b\u0430\u0433\u0438\u043d\u0430&#187; button_alignment=&#187;center&#187; module_class=&#187;open-call-me&#187; _builder_version=&#187;4.8.0&#8243; _module_preset=&#187;default&#187; custom_button=&#187;on&#187; button_text_color=&#187;#3F1C6C&#187; button_icon=&#187;%%37%%&#187;][\/et_pb_button][\/et_pb_column][\/et_pb_row][\/et_pb_section][et_pb_section fb_built=&#187;1&#8243; _builder_version=&#187;4.0.2&#8243; background_image=&#187;https:\/\/dits.md\/wp-content\/uploads\/paralax-background.jpg&#187; locked=&#187;off&#187;][et_pb_row _builder_version=&#187;4.0.2&#8243;][et_pb_column type=&#187;4_4&#8243; _builder_version=&#187;4.0.2&#8243;][et_pb_text _builder_version=&#187;4.8.0&#8243; text_font=&#187;|600|||||||&#187; text_text_color=&#187;#FFFFFF&#187; text_font_size=&#187;30px&#187; text_line_height=&#187;1.1em&#187; header_2_text_color=&#187;#FFFFFF&#187; text_orientation=&#187;center&#187; text_font_size_tablet=&#187;&#187; text_font_size_phone=&#187;30px&#187; text_font_size_last_edited=&#187;on|phone&#187; text_line_height_tablet=&#187;&#187; text_line_height_phone=&#187;1em&#187; text_line_height_last_edited=&#187;on|phone&#187;]<\/p>\n<p>Cre\u0219te\u021bi-v\u0103 v\u00e2nz\u0103rile \u0219i atrage\u021bi mai mul\u021bi clien\u021bi cu pluginul AIRBA!<\/p>\n<p>[\/et_pb_text][\/et_pb_column][\/et_pb_row][\/et_pb_section][et_pb_section fb_built=\u00bb1\u2033 _builder_version=\u00bb4.0.2\u2033 width=\u00bb100%\u00bb locked=\u00bboff\u00bb][et_pb_row\u00bb][et_pb_row] 1__2,1_row _builder_version=\u00bb4.8.0\u2033 _module_preset=\u00bbdefault\u00bb][et_pb_column type=\u00bb1_2\u2033 _builder_version=\u00bb4.8.0\u2033 _module_preset=\u00bbdefault\u00bb][et_pb_image src=\u00bbhttps:\/\/dits.md\/\/wp-content\/wp uploads\/airba.jpg&quot; title_text=&quot;airba&quot; _builder_version=&quot;4.8.0\u2033 _module_preset=&quot;default&quot; animation_style=&quot;slide&quot;][\/et_pb_image][\/et_pb_column][et_pb_column type=&quot;1_2\u2033 _builder_version=&quot;4.8.0&quot;. \u2033 _module_preset=\u201ddefault\u201d][et_pb_text _builder_version=\u201d4.8.0\u2033 _module_preset=\u201ddefault\u201d custom_margin=\u201d36px|||||\u201d]<\/p>\n<p>Cu AIRBA by DITS, magazinul dvs. devine \u0219i mai atractiv \u0219i competitiv pe pia\u021b\u0103. Ve\u021bi putea oferi clien\u021bilor dvs. o op\u021biune de plat\u0103 \u00een rate confortabil\u0103, care le permite s\u0103 aleag\u0103 cea mai potrivit\u0103 ofert\u0103 de la b\u0103ncile partenere. Acest lucru face achizi\u021biile mai accesibile \u0219i mai flexibile pentru publicul dvs.<\/p>\n<p>Nu trebuie s\u0103 v\u0103 face\u021bi griji cu privire la gestionarea cererilor de plat\u0103 \u00een rate. Pluginul AIRBA ofer\u0103 o interfa\u021b\u0103 intuitiv\u0103, permi\u021b\u00e2ndu-v\u0103 s\u0103 gestiona\u021bi cererile direct din panoul de administrare al magazinului dvs. Aceast\u0103 facilitare, \u00eempreun\u0103 cu tehnologiile de plat\u0103 sigure \u0219i b\u0103ncile partenere de \u00eencredere, asigur\u0103 un nivel ridicat de securitate \u0219i \u00eencredere pentru clien\u021bii dvs.<\/p>\n<p>[\/et_pb_text][\/et_pb_column][\/et_pb_row][\/et_pb_section][et_pb_section fb_built=\u00bb1\u2033 _builder_version=\u00bb4.0.2\u2033 background_image=\u00bbhttps:\/\/dits.md\/wp-content\/uploads-background\/paralax .jpg&quot; width=&quot;100%&quot;][et_pb_row _builder_version=&quot;4.0.2\u2033 blocat=&quot;off&quot;][et_pb_column type=&quot;4_4\u2033 _builder_version=&quot;4.0.2\u2033][et_pb_text _builder_version=&quot;4.8.0\u2033=text_font \u201e|600|||||||\u201d text_text_color=\u00bb#FFFFFF\u00bb text_font_size=\u00bb30px\u00bb text_line_height=\u00bb1.1em\u00bb header_2_text_color=\u00bb#FFFFFF\u00bb text_orientation=\u00bbcenter\u00bb text_font_size_tablet=\u00bb\u00bb text_font_size_phone=\u00bb30_font_size\u00bb text_font_t =\u00bb\u00bb text_line_height_phone=\u00bb1em \u201etext_line_height_last_edited=&quot;pe|telefon&quot;]<\/p>\n<p>Beneficiile utiliz\u0103rii pluginului AIRBA \u00eentr-un magazin online<\/p>\n<p>[\/et_pb_text][\/et_pb_column][\/et_pb_row][\/et_pb_section][et_pb_section fb_built=&#187;1&#8243; _builder_version=&#187;4.0.2&#8243;][et_pb_row column_structure=&#187;1_3,1_3,1_3&#8243; _builder_version=&#187;4.8.0&#8243; _module_preset=&#187;default&#187;][et_pb_column type=&#187;1_3&#8243; _builder_version=&#187;4.8.0&#8243; _module_preset=&#187;default&#187;][et_pb_blurb title=&#187;\u0420\u043e\u0441\u0442 \u043f\u0440\u043e\u0434\u0430\u0436&#187; use_icon=&#187;on&#187; font_icon=&#187;%%158%%&#187; icon_color=&#187;#FFFFFF&#187; use_circle=&#187;on&#187; circle_color=&#187;#3F1C6C&#187; use_icon_font_size=&#187;on&#187; icon_font_size=&#187;44px&#187; _builder_version=&#187;4.8.0&#8243; _module_preset=&#187;default&#187; text_orientation=&#187;center&#187;]<\/p>\n<p>Oferirea unei op\u021biuni de plat\u0103 \u00een rate cu AIRBA v\u0103 va permite s\u0103 atrage\u021bi noi clien\u021bi \u0219i s\u0103 v\u0103 cre\u0219te\u021bi v\u00e2nz\u0103rile.<\/p>\n<p>[\/et_pb_blurb][\/et_pb_column][et_pb_column type=&#187;1_3&#8243; _builder_version=&#187;4.8.0&#8243; _module_preset=&#187;default&#187;][et_pb_blurb title=&#187;\u0413\u0438\u0431\u043a\u043e\u0441\u0442\u044c \u0438 \u043a\u043e\u043c\u0444\u043e\u0440\u0442 \u0434\u043b\u044f \u043a\u043b\u0438\u0435\u043d\u0442\u043e\u0432&#187; use_icon=&#187;on&#187; font_icon=&#187;%%151%%&#187; icon_color=&#187;#FFFFFF&#187; use_circle=&#187;on&#187; circle_color=&#187;#3F1C6C&#187; use_icon_font_size=&#187;on&#187; icon_font_size=&#187;44px&#187; _builder_version=&#187;4.8.0&#8243; _module_preset=&#187;default&#187; text_orientation=&#187;center&#187;]<\/p>\n<p>Cump\u0103r\u0103torii vor avea posibilitatea de a alege cea mai convenabil\u0103 variant\u0103 de rate din ofertele b\u0103ncilor, ceea ce face achizi\u021biile mai accesibile.<\/p>\n<p>[\/et_pb_blurb][\/et_pb_column][et_pb_column type=&#187;1_3&#8243; _builder_version=&#187;4.8.0&#8243; _module_preset=&#187;default&#187;][et_pb_blurb title=&#187;\u041b\u0438\u0434\u0435\u0440\u0441\u0442\u0432\u043e \u043d\u0430 \u0440\u044b\u043d\u043a\u0435&#187; use_icon=&#187;on&#187; font_icon=&#187;%%169%%&#187; icon_color=&#187;#FFFFFF&#187; use_circle=&#187;on&#187; circle_color=&#187;#3F1C6C&#187; use_icon_font_size=&#187;on&#187; icon_font_size=&#187;44px&#187; _builder_version=&#187;4.8.0&#8243; _module_preset=&#187;default&#187; text_orientation=&#187;center&#187;]<\/p>\n<p>Implementarea op\u021biunii de plat\u0103 \u00een rate v\u0103 ofer\u0103 un avantaj competitiv \u0219i v\u0103 ajut\u0103 s\u0103 ie\u0219i\u021bi \u00een eviden\u021b\u0103 fa\u021b\u0103 de alte magazine online.<\/p>\n<p>[\/et_pb_blurb][\/et_pb_column][\/et_pb_row][et_pb_row column_structure=&#187;1_3,1_3,1_3&#8243; _builder_version=&#187;4.8.0&#8243; _module_preset=&#187;default&#187; custom_margin=&#187;34px|auto||auto||&#187;][et_pb_column type=&#187;1_3&#8243; _builder_version=&#187;4.8.0&#8243; _module_preset=&#187;default&#187;][et_pb_blurb title=&#187;\u0423\u0434\u043e\u0431\u043d\u043e\u0435 \u0443\u043f\u0440\u0430\u0432\u043b\u0435\u043d\u0438\u0435 \u0437\u0430\u044f\u0432\u043a\u0430\u043c\u0438&#187; use_icon=&#187;on&#187; font_icon=&#187;%%148%%&#187; icon_color=&#187;#FFFFFF&#187; use_circle=&#187;on&#187; circle_color=&#187;#3F1C6C&#187; use_icon_font_size=&#187;on&#187; icon_font_size=&#187;44px&#187; _builder_version=&#187;4.8.0&#8243; _module_preset=&#187;default&#187; text_orientation=&#187;center&#187;]<\/p>\n<p>Interfa\u021ba intuitiv\u0103 a pluginului AIRBA by DITS permite gestionarea u\u0219oar\u0103 a cererilor de plat\u0103 \u00een rate direct din panoul de administrare al magazinului dvs.<\/p>\n<p>[\/et_pb_blurb][\/et_pb_column][et_pb_column type=&#187;1_3&#8243; _builder_version=&#187;4.8.0&#8243; _module_preset=&#187;default&#187;][et_pb_blurb title=&#187;\u0411\u0435\u0437\u043e\u043f\u0430\u0441\u043d\u043e\u0441\u0442\u044c \u0438 \u043d\u0430\u0434\u0435\u0436\u043d\u043e\u0441\u0442\u044c&#187; use_icon=&#187;on&#187; font_icon=&#187;%%93%%&#187; icon_color=&#187;#FFFFFF&#187; use_circle=&#187;on&#187; circle_color=&#187;#3F1C6C&#187; use_icon_font_size=&#187;on&#187; icon_font_size=&#187;44px&#187; _builder_version=&#187;4.8.0&#8243; _module_preset=&#187;default&#187; text_orientation=&#187;center&#187;]<\/p>\n<p>Cooperarea cu AIRBA asigur\u0103 securitatea pl\u0103\u021bilor \u00een rate datorit\u0103 b\u0103ncilor partenere de \u00eencredere \u0219i tehnologiilor avansate de securitate.<\/p>\n<p>[\/et_pb_blurb][\/et_pb_column][et_pb_column type=&#187;1_3&#8243; _builder_version=&#187;4.8.0&#8243; _module_preset=&#187;default&#187;][et_pb_blurb title=&#187;\u0420\u0430\u0441\u0448\u0438\u0440\u0435\u043d\u0438\u0435 \u043a\u043b\u0438\u0435\u043d\u0442\u0441\u043a\u043e\u0439 \u0431\u0430\u0437\u044b&#187; use_icon=&#187;on&#187; font_icon=&#187;%%131%%&#187; icon_color=&#187;#FFFFFF&#187; use_circle=&#187;on&#187; circle_color=&#187;#3F1C6C&#187; use_icon_font_size=&#187;on&#187; icon_font_size=&#187;44px&#187; _builder_version=&#187;4.8.0&#8243; _module_preset=&#187;default&#187; text_orientation=&#187;center&#187;]<\/p>\n<p>Posibilitatea de a pl\u0103ti \u00een rate atrage noi clien\u021bi care caut\u0103 solu\u021bii financiare flexibile. Acest lucru v\u0103 permite s\u0103 v\u0103 extinde\u021bi baza de clien\u021bi \u0219i s\u0103 cre\u0219te\u021bi loialitatea clien\u021bilor.<\/p>\n<p>[\/et_pb_blurb][\/et_pb_column][\/et_pb_row][\/et_pb_section][et_pb_section fb_built=\u00bb1\u2033 _builder_version=\u00bb4.0.2\u2033 background_image=\u00bbhttps:\/\/dits.md\/wp-content\/uploads-background\/parala .jpg&quot;][et_pb_row _builder_version=\u00bb4.0.2\u2033][et_pb_column type=\u00bb4_4\u2033 _builder_version=\u00bb4.0.2\u2033][et_pb_text _builder_version=\u00bb4.8.0\u2033 text_font=\u00bb|||600|||||| \u00bb text_text_color=\u201d#FFFFFF\u201d text_font_size=\u201d30px\u201d text_line_height=\u201d1.2em\u201d text_orientation=\u201dcenter\u201d background_layout=\u201ddark\u201d text_font_size_tablet=\u201d\u201d text_font_size_phone=\u201d30px\u201d text_font_edit_size_line=\u201d_height_line text=\u201d_height_table_line_last _telefon= \u00bb1em \u201etext_line_height_last_edited=&quot;pe|telefon&quot;]<\/p>\n<p>Care este func\u021bionalitatea pluginului AIRBA by DITS pentru un magazin online?<\/p>\n<p>[\/et_pb_text][\/et_pb_column][\/et_pb_row][\/et_pb_section][et_pb_section fb_built=\u00bb1\u2033 _builder_version=\u00bb4.0.2\u2033 custom_padding=\u00bb43px||29px|||\u00bb][et_pb_2row coloana 1_2,1\u2033 \u2033 _builder_version=\u201d4.8.0\u2033 _module_preset=\u201ddefault\u201d locked=\u201doff\u201d][et_pb_column type=\u201d1_2\u2033 _builder_version=\u201d4.8.0\u2033 _module_preset=\u201ddefault\u201d][et_pb_Toggle title=\u201d_Pagina de instalare\u201d &quot;#3F1C6C&quot; open_toggle_background_color=&quot;#FFFFFF&quot; closed_toggle_background_color=&quot;#FFFFFF&quot; icon_color=&quot;#3F1C6C&quot; use_icon_font_size=&quot;on&quot; icon_font_size=&quot;20px&quot; _modul_font_size=&quot;20px&quot; _moder._0.0&quot; _modulator._version&quot;_modul 5T3F1C6C\u201d title_font=&quot;|600 |||||||&quot; title_text_align=\u201dleft\u201d title_font_size=\u201d17px\u201d background_color=\u201d#FFFFFF\u201d border_color_all=\u201d#3F1C6C\u201d]<\/p>\n<p>Pluginul v\u0103 permite s\u0103 ad\u0103uga\u021bi o op\u021biune de plat\u0103 \u00een rate la pagina de finalizare a comenzii. Clien\u021bii pot alege aceast\u0103 metod\u0103 de plat\u0103 \u0219i pot vizualiza ofertele de rate de la diferite b\u0103nci partenere.<\/p>\n<p>[\/et_pb_toggle][\/et_pb_column][et_pb_column type=\u201d1_2\u2033 _builder_version=\u201d4.8.0\u2033 _module_preset=\u201ddefault\u201d][et_pb_toggle title=\u201dIntegrare cu b\u0103ncile partenere\u201d open_toggle_Text=\u201d1_\u201d1_CTP5_T TP5TFFFFFF&quot; closed_toggle_background_color = \u00bb#FFFFFF\u00bb icon_color=\u00bb#3F1C6C\u00bb use_icon_font_size=\u00bbon\u00bb icon_font_size=\u00bb20px\u00bb _builder_version=\u00bb4.8.0\u2033 _module_preset=\u00bbdefault\u00bb title_text_color=\u00bb#3F1|0|0|0|0|0|0|0|0|0| title_text_align=\u201dleft\u201d title_font_size=\u201d17px\u201d background_color=\u201d#FFFFFF\u201d border_color_all=\u201d#3F1C6C\u201d]<\/p>\n<p>Pluginul AIRBA by DITS este un agregator bancar, ceea ce \u00eenseamn\u0103 c\u0103 se integreaz\u0103 cu diverse b\u0103nci partenere. Clien\u021bii pot alege o ofert\u0103 potrivit\u0103 de rate de la una dintre b\u0103nci \u0219i pot aplica pentru rate.<\/p>\n<p>[\/et_pb_toggle][\/et_pb_column][\/et_pb_row][et_pb_row column_structure=\u00bb1_2,1_2\u2033 _builder_version=\u00bb4.8.0\u2033 _module_preset=\u00bbdefault\u00bb locked=\u00bboff\u00bb][et_pb_column type\u2033=\u00bb= 1_2 builder_version_8 0&quot; &quot;on&quot; icon_font_size=&quot;20px&quot; _builder_version =\u00bb4.8.0\u2033 _module_preset=\u00bbimplicit\u00bb title_text_color=\u00bb#3F1C6C\u00bb title_font=\u00bb|600||||||\u00bb title_text_align=\u201dleft\u201d title_font_size=\u201d17px\u201d background_color=\u201d#FFFFFF\u201d border_color_all=\u201d#3F1C6C\u201d]<\/p>\n<p>Pluginul prime\u0219te notific\u0103ri despre starea pl\u0103\u021bii \u00een rate de la b\u0103ncile partenere. Ve\u021bi primi informa\u021bii despre aprobarea sau respingerea cererii de rate, ceea ce v\u0103 permite s\u0103 informa\u021bi \u00een timp util clientul despre stadiul pl\u0103\u021bii sale.<\/p>\n<p>[\/et_pb_toggle][\/et_pb_column][et_pb_column type=\u00bb1_2\u2033 _builder_version=\u00bb4.8.0\u2033 _module_preset=\u00bbdefault\u00bb][et_pb_toggle title=\u00bbGestiona\u021bi aplica\u021biile de la administrator. panouri&quot; open_toggle_text_color=&quot;#3F1C6C&quot; open_toggle_background_color=&quot;#FFFFFF&quot; closed_toggle_background_color=&quot;#FFFFFF&quot; icon_color=&quot;#3F1C6C&quot; use_icon_font_size=&quot;on&quot; icon_font.0px_module=&quot;200px_module=&quot;2.0px_build&quot; preset=&quot;implicit&quot; title_text_color=&quot;#3F1C6C&quot; title_font =&quot;|600|||||||&quot; title_text_align=\u201dleft\u201d title_font_size=\u201d17px\u201d background_color=\u201d#FFFFFF\u201d border_color_all=\u201d#3F1C6C\u201d]<\/p>\n<p>\u00cen panoul administrativ al magazinului dvs. online, pute\u021bi gestiona cererile de rate. Pute\u021bi crea solicit\u0103ri atunci c\u00e2nd plasa\u021bi o comand\u0103, pute\u021bi anula solicit\u0103rile manual c\u00e2nd \u0219terge\u021bi o comand\u0103 sau returna\u021bi m\u0103rfuri.<\/p>\n<p>[\/et_pb_toggle][\/et_pb_column][\/et_pb_row][et_pb_row column_structure=\u00bb1_2,1_2\u2033 _builder_version=\u00bb4.8.0\u2033 _module_preset=\u00bbdefault\u00bb locked=\u00bboff\u00bb][et_pb_column type\u2033=\u00bb= 1_2 builder_version_8 0&quot; on&quot; icon_font_size=&quot;20px&quot; _builder_version= \u00bb4.8.0\u2033 _module_preset=\u00bbimplicit\u00bb title_text_color=\u00bb#3F1C6C\u00bb title_font=\u00bb|600||||||\u00bb title_text_align=\u201dleft\u201d title_font_size=\u201d17px\u201d background_color=\u201d#FFFFFF\u201d border_color_all=\u201d#3F1C6C\u201d]<\/p>\n<p>\u00cen panoul administrativ, pute\u021bi configura o list\u0103 de b\u0103nci partenere cu care colabora\u021bi. Acest lucru v\u0103 permite s\u0103 selecta\u021bi \u0219i s\u0103 controla\u021bi ofertele \u00een rate de la anumite b\u0103nci.<\/p>\n<p>[\/et_pb_toggle][\/et_pb_column][et_pb_column type=\u201d1_2\u2033 _builder_version=\u201d4.8.0\u2033 _module_preset=\u201ddefault\u201d][et_pb_toggle title=\u201dSiguran\u021b\u0103 \u0219i fiabilitate\u201d open_toggle_text_Tcolor\u201d1_CTP_T_back\u201d1_CTP_T T FFFFFF&quot; closed_toggle_background_color= \u201e #FFFFFF\u201d icon_color=\u201d#3F1C6C\u201d use_icon_font_size=\u201don\u201d icon_font_size=\u201d20px\u201d _builder_version=\u201d4.8.0\u2033 _module_preset=\u201ddefault\u201d title_text_color=\u201d#3F\u201d|title\u201d|0\u201d||0\u201d| title_text_align=\u201dleft\u201d title_font_size=\u201d17px\u201d background_color=\u201d#FFFFFF\u201d border_color_all=\u201d#3F1C6C\u201d]<\/p>\n<p>Pluginul AIRBA by DITS asigur\u0103 securitatea pl\u0103\u021bilor \u00een rate prin cooperarea cu b\u0103nci de \u00eencredere \u0219i utilizarea tehnologiilor avansate de securitate.<\/p>\n<p>[\/et_pb_toggle][\/et_pb_column][\/et_pb_row][et_pb_row _builder_version=\u00bb4.8.0\u2033 _module_preset=\u00bbdefault\u00bb custom_margin=\u00bb30px|auto||auto||\u00bb custom_padding=\u00bb40px||40px|||\u00bb][et_pb_column type=\u00bb4_4\u2033 _builder_version=\u00bb4.8.0\u2033 _module_preset=\u00bbdefault\u00bb][et_pb_text _builder_version=\u00bb4.8.0\u2033 _module_preset=\u00bb1line_deault\u00bb head=\u00bb_default. em&quot; header_3_line_height=&quot;1.2em&quot;]<\/p>\n<h3 style=\"text-align: center;\">Pluginul AIRBA Kazahstan furnizeaz\u0103 o gam\u0103 larg\u0103 de func\u021bionalit\u0103\u021bi pentru o plat\u0103 \u00een rate confortabil\u0103 \u0219i sigur\u0103 \u00een magazinul dvs. online, ajut\u00e2ndu-v\u0103 s\u0103 atrage\u021bi un num\u0103r mai mare de clien\u021bi \u0219i s\u0103 m\u0103ri\u021bi volumul v\u00e2nz\u0103rilor.<\/h3>\n<p>[\/et_pb_text][\/et_pb_column][\/et_pb_row][\/et_pb_section][et_pb_section fb_built=\u00bb1\u2033 _builder_version=\u00bb3.24.1\u2033 background_image=\u00bbhttps:\/\/dits.md\/wp-content\/uploads\/0423.jpg \u00bb parallax=\u00bbon\u00bb custom_margin=\u00bb||-27px|||\u00bb][et_pb_row column_structure=\u00bb2_3,1_3\u2033 _builder_version=\u00bb3.25\u2033 custom_css_main_element=\u00bbdisplay: flex;||flex-wrap: wrap;||align -items: center;&quot;][et_pb_column type=&quot;2_3\u2033 _builder_version=&quot;3.25\u2033 custom_padding=&quot;|||&quot; custom_padding__hover=\u00bb|||\u00bb][et_pb_text _builder_version=\u00bb4.8.0\u2033 header_font=\u00bb||||||||\u00bb header_3_font=&quot;|600|||||||\u201d header_3_text_align=\u00bbcenter\u00bb header_3_text_color=\u00bb#ffffff\u00bb header_3_font_size=\u00bb39px\u00bb header_3_font_size_tablet=\u00bb\u00bb header_3_font_size_phone=\u00bb30px\u00bb header_3_font_size_last_edit]<\/p>\n<h3 style=\"text-align: center;\">Cump\u0103ra\u021bi pluginul AIRBA acum!\u00a0<\/h3>\n<p>[\/et_pb_text][\/et_pb_column][et_pb_column type=&#187;1_3&#8243; _builder_version=&#187;3.25&#8243; custom_padding=&#187;|||&#187; custom_padding__hover=&#187;|||&#187;][et_pb_button button_text=&#187;\u041e\u0444\u043e\u0440\u043c\u0438\u0442\u044c \u0437\u0430\u044f\u0432\u043a\u0443&#187; button_alignment=&#187;center&#187; module_class=&#187;open-call-me&#187; _builder_version=&#187;4.0.2&#8243; custom_button=&#187;on&#187; button_font=&#187;||||||||&#187; button_icon=&#187;%%75%%&#187; background_layout=&#187;dark&#187; button_text_size__hover_enabled=&#187;off&#187; button_text_size__hover=&#187;null&#187; button_one_text_size__hover_enabled=&#187;off&#187; button_one_text_size__hover=&#187;null&#187; button_two_text_size__hover_enabled=&#187;off&#187; button_two_text_size__hover=&#187;null&#187; button_text_color__hover_enabled=&#187;off&#187; button_text_color__hover=&#187;null&#187; button_one_text_color__hover_enabled=&#187;off&#187; button_one_text_color__hover=&#187;null&#187; button_two_text_color__hover_enabled=&#187;off&#187; button_two_text_color__hover=&#187;null&#187; button_border_width__hover_enabled=&#187;off&#187; button_border_width__hover=&#187;null&#187; button_one_border_width__hover_enabled=&#187;off&#187; button_one_border_width__hover=&#187;null&#187; button_two_border_width__hover_enabled=&#187;off&#187; button_two_border_width__hover=&#187;null&#187; button_border_color__hover_enabled=&#187;off&#187; button_border_color__hover=&#187;null&#187; button_one_border_color__hover_enabled=&#187;off&#187; button_one_border_color__hover=&#187;null&#187; button_two_border_color__hover_enabled=&#187;off&#187; button_two_border_color__hover=&#187;null&#187; button_border_radius__hover_enabled=&#187;off&#187; button_border_radius__hover=&#187;null&#187; button_one_border_radius__hover_enabled=&#187;off&#187; button_one_border_radius__hover=&#187;null&#187; button_two_border_radius__hover_enabled=&#187;off&#187; button_two_border_radius__hover=&#187;null&#187; button_letter_spacing__hover_enabled=&#187;off&#187; button_letter_spacing__hover=&#187;null&#187; button_one_letter_spacing__hover_enabled=&#187;off&#187; button_one_letter_spacing__hover=&#187;null&#187; button_two_letter_spacing__hover_enabled=&#187;off&#187; button_two_letter_spacing__hover=&#187;null&#187; button_bg_color__hover_enabled=&#187;off&#187; button_bg_color__hover=&#187;null&#187; button_one_bg_color__hover_enabled=&#187;off&#187; button_one_bg_color__hover=&#187;null&#187; button_two_bg_color__hover_enabled=&#187;off&#187; button_two_bg_color__hover=&#187;null&#187;][\/et_pb_button][\/et_pb_column][\/et_pb_row][\/et_pb_section]<\/p>","protected":false},"excerpt":{"rendered":"<p>AIRBA este un plugin pentru WooCommerce care ofer\u0103 posibilitatea de a pl\u0103ti achizi\u021biile \u00een credit\/rate. La selectarea acestei metode de plat\u0103, clien\u021bii sunt redirec\u021biona\u021bi c\u0103tre pagina AIRBA PAY unde au acces la diverse oferte de rate de la b\u0103ncile partenere. Clien\u021bii pot selecta cea mai potrivit\u0103 op\u021biune, pot \u00eendeplini formalit\u0103\u021bile necesare \u0219i apoi pluginul AIRBA prime\u0219te o notificare despre starea ratei pentru procesarea comenzii. Acest [\u2026]<\/p>","protected":false},"author":4,"featured_media":0,"parent":0,"menu_order":0,"comment_status":"closed","ping_status":"closed","template":"","meta":{"_et_pb_use_builder":"on","_et_pb_old_content":"","_et_gb_content_width":"","footnotes":""},"class_list":["post-13544","page","type-page","status-publish","hentry"],"_links":{"self":[{"href":"https:\/\/dits.md\/ro\/wp-json\/wp\/v2\/pages\/13544","targetHints":{"allow":["GET"]}}],"collection":[{"href":"https:\/\/dits.md\/ro\/wp-json\/wp\/v2\/pages"}],"about":[{"href":"https:\/\/dits.md\/ro\/wp-json\/wp\/v2\/types\/page"}],"author":[{"embeddable":true,"href":"https:\/\/dits.md\/ro\/wp-json\/wp\/v2\/users\/4"}],"replies":[{"embeddable":true,"href":"https:\/\/dits.md\/ro\/wp-json\/wp\/v2\/comments?post=13544"}],"version-history":[{"count":15,"href":"https:\/\/dits.md\/ro\/wp-json\/wp\/v2\/pages\/13544\/revisions"}],"predecessor-version":[{"id":13709,"href":"https:\/\/dits.md\/ro\/wp-json\/wp\/v2\/pages\/13544\/revisions\/13709"}],"wp:attachment":[{"href":"https:\/\/dits.md\/ro\/wp-json\/wp\/v2\/media?parent=13544"}],"curies":[{"name":"wp","href":"https:\/\/api.w.org\/{rel}","templated":true}]}}