{"id":13366,"date":"2023-03-20T15:17:54","date_gmt":"2023-03-20T13:17:54","guid":{"rendered":"https:\/\/dits.md\/?page_id=13366"},"modified":"2025-10-21T13:08:47","modified_gmt":"2025-10-21T11:08:47","slug":"millikart-plugin-worpress-woocommerce-azerbaycan","status":"publish","type":"page","link":"https:\/\/dits.md\/ro\/millikart-plugin-worpress-woocommerce-azerbaycan\/","title":{"rendered":"Plugin Millikart Worpress Woocommerce Azerbaidjan"},"content":{"rendered":"<p>[et_pb_section fb_built=&#187;1&#8243; admin_label=&#187;\u0420\u0430\u0437\u0434\u0435\u043b&#187; _builder_version=&#187;4.24.2&#8243; background_image=&#187;https:\/\/dits.md\/wp-content\/uploads\/fon-1.png&#187; background_enable_pattern_style=&#187;on&#187; background_pattern_style=&#187;tufted&#187; min_height=&#187;126px&#187; custom_padding=&#187;35px|0px|40px|0px|false|false&#187; global_module=&#187;2594&#8243; locked=&#187;off&#187; collapsed=&#187;off&#187; global_colors_info=&#187;{}&#187;][et_pb_row admin_label=&#187;\u0421\u0442\u0440\u043e\u043a\u0430&#187; _builder_version=&#187;4.27.0&#8243; _module_preset=&#187;default&#187; global_colors_info=&#187;{}&#187;][et_pb_column type=&#187;4_4&#8243; _builder_version=&#187;4.27.0&#8243; _module_preset=&#187;default&#187; global_colors_info=&#187;{}&#187;][\/et_pb_column][\/et_pb_row][et_pb_row _builder_version=&#187;4.27.0&#8243; _module_preset=&#187;default&#187; global_colors_info=&#187;{}&#187;][et_pb_column type=&#187;4_4&#8243; _builder_version=&#187;4.27.0&#8243; _module_preset=&#187;default&#187; global_colors_info=&#187;{}&#187;][et_pb_post_title author=&#187;off&#187; date=&#187;off&#187; comments=&#187;off&#187; featured_image=&#187;off&#187; _builder_version=&#187;4.27.0&#8243; _module_preset=&#187;default&#187; title_text_align=&#187;center&#187; title_text_color=&#187;#FFFFFF&#187; title_font_size=&#187;39px&#187; text_orientation=&#187;center&#187; custom_margin=&#187;||9px|||&#187; title_font_size_tablet=&#187;&#187; title_font_size_phone=&#187;30px&#187; title_font_size_last_edited=&#187;on|phone&#187; global_colors_info=&#187;{}&#187;][\/et_pb_post_title][et_pb_text _builder_version=&#187;4.27.0&#8243; _module_preset=&#187;default&#187; global_colors_info=&#187;{}&#187;]<\/p>\n<p style=\"text-align: center;\"><span style=\"color: #ffffff;\">Author &#8212; <a style=\"color: #ffffff;\" href=\"\/ro\/constantin-nacul\/\">Constantin Nacul<\/a><\/span><\/p>\n<p>[\/et_pb_text][\/et_pb_column][\/et_pb_row][\/et_pb_section][et_pb_section fb_built=&#187;1&#8243; _builder_version=&#187;4.16&#8243; global_colors_info=&#187;{}&#187;][et_pb_row column_structure=&#187;1_3,2_3&#8243; _builder_version=&#187;4.16&#8243; width=&#187;100%&#187; global_colors_info=&#187;{}&#187;][et_pb_column type=&#187;1_3&#8243; _builder_version=&#187;4.16&#8243; global_colors_info=&#187;{}&#187;][et_pb_image src=&#187;https:\/\/dits.md\/wp-content\/uploads\/47.jpg&#187; alt=&#187;Millikart LLC Woocommerce Payment Gateway Plugin&#187; title_text=&#187;47&#8243; url=&#187;https:\/\/millikart.az\/az\/&#187; url_new_window=&#187;on&#187; align=&#187;center&#187; _builder_version=&#187;4.16&#8243; custom_padding=&#187;0px||0px|||&#187; global_colors_info=&#187;{}&#187;][\/et_pb_image][\/et_pb_column][et_pb_column type=&#187;2_3&#8243; _builder_version=&#187;4.16&#8243; global_colors_info=&#187;{}&#187;][et_pb_text _builder_version=&#187;4.24.2&#8243; text_text_color=&#187;#000000&#8243; width=&#187;100%&#187; global_colors_info=&#187;{}&#187;]<\/p>\n<p>Plugin\u00a0<strong>Millikart Payment Gateway pentru WooCommerce<\/strong>\u00a0permite magazine online pe platform\u0103\u00a0<strong>WooCommerce \u00een Azerbaidjan<\/strong>\u00a0asigura o acceptare fiabil\u0103 a pl\u0103\u021bilor.<\/p>\n<p>Extensia adaug\u0103 posibilitatea de a pl\u0103ti cu carduri de credit sau de debit site-ului dvs.<\/p>\n<p><strong>#<span class=\"Y2IQFc\" lang=\"en\">Designed with love\ud83d\udc9cby DITS<\/span><\/strong><\/p>\n<p>&nbsp;<\/p>\n<p>[\/et_pb_text][et_pb_button button_url=&#187;\/contact&#187; button_text=&#187;\u0417\u0430\u043a\u0430\u0437\u0430\u0442\u044c \u043f\u043b\u0430\u0433\u0438\u043d&#187; button_alignment=&#187;center&#187; _builder_version=&#187;4.27.0&#8243; _module_preset=&#187;default&#187; custom_button=&#187;on&#187; button_text_color=&#187;#3F1C6C&#187; button_icon=&#187;&#x46;||divi||400&#8243; hover_enabled=&#187;0&#8243; global_colors_info=&#187;{}&#187; module_class=&#187;open-call-me&#187; sticky_enabled=&#187;0&#8243;][\/et_pb_button][\/et_pb_column][\/et_pb_row][\/et_pb_section][et_pb_section fb_built=&#187;1&#8243; _builder_version=&#187;4.16&#8243; background_image=&#187;https:\/\/dits.md\/wp-content\/uploads\/paralax-background.jpg&#187; locked=&#187;off&#187; global_colors_info=&#187;{}&#187;][et_pb_row _builder_version=&#187;4.16&#8243; global_colors_info=&#187;{}&#187;][et_pb_column type=&#187;4_4&#8243; _builder_version=&#187;4.16&#8243; global_colors_info=&#187;{}&#187;][et_pb_text _builder_version=&#187;4.24.2&#8243; text_font=&#187;|600|||||||&#187; text_text_color=&#187;#FFFFFF&#187; text_font_size=&#187;39px&#187; header_2_text_color=&#187;#FFFFFF&#187; text_orientation=&#187;center&#187; custom_padding=&#187;||1px|||&#187; text_font_size_tablet=&#187;&#187; text_font_size_phone=&#187;30px&#187; text_font_size_last_edited=&#187;on|phone&#187; text_line_height_tablet=&#187;&#187; text_line_height_phone=&#187;1em&#187; text_line_height_last_edited=&#187;on|phone&#187; global_colors_info=&#187;{}&#187;]<\/p>\n<h2><strong>Plugin Millikart pentru magazinul online de pe WooCommerce<\/strong><\/h2>\n<p>[\/et_pb_text][\/et_pb_column][\/et_pb_row][\/et_pb_section][et_pb_section fb_built=\u00bb1\u2033 _builder_version=\u00bb4.16\u2033 width=\u00bb100%\u00bb locked=\u00bboff\u00bb global_colors_row][et column=\u00bb{b}_info_structure\u00bb 3_5,2_5\u2033 _builder_version=\u201d4.16\u2033 custom_padding=\u201d3px|||||\u201d global_colors_info=\u00bb{}\u00bb][et_pb_column type=\u00bb3_5\u2033 _builder_version=\u00bb4.16\u2033 global_colors_info=\u00bb{}\u00bb][et_pb_image src=\u00bbhttps:\/\/dits.md\/wp-content\/uploads\/millikart2-1.jpg \u00bb alt=\u201dMillikart\u201d title_text=\u201dMillikart\u201d _builder_version=\u201d4.24.2\u2033 _module_preset=\u201ddefault\u201d global_colors_info=\u201d{}\u201d][\/et_pb_image][\/et_pb_column][et_pb_column type=\u201d2_5\u2033 \u2033 4_1\u2033 build_6. global_colors_info=\u201d{}\u201d][et_pb_cta title=&quot;Plugin-ul de plat\u0103 Millikart este cea mai bun\u0103 solu\u021bie pentru site-ul t\u0103u!\u201d _builder_version=\u201d4.24.2\u2033 _module_preset=\u201ddefault\u201d header_font_size=\u201d25px\u201d header_letter_spacing=\u201d2px\u201d body_font_size=\u201d19px\u201d background_enable_color=\u201doff\u201d background_enable_image=\u201doff\u201d custom_button=\u201dcolor=\u201dFFlay\u201d1_text=\u201dFFlay\u201d_TP=\u201dTFFlay\u201d lumina&quot; global_colors_info=&quot;{}&quot;]<\/p>\n<p class=\"section-text secondary-color\">Experien\u021ba noastr\u0103 de 15 ani ne permite s\u0103 declar\u0103m cu \u00eencredere \u00eencrederea ridicat\u0103 a clien\u021bilor DITS.<\/p>\n<p>[\/et_pb_cta][et_pb_button button_url=\u00bbhttps:\/\/www.facebook.com\/ditsmd\u00bb button_text=\u00bbRecenzii ale companiei \u2b50\ufe0f\u2b50\ufe0f\u2b50\ufe0f\u2b50\ufe0f\u2b50\ufe0f\u00bb button_alignment=\u00bbcenter\u00bb _builder_version=\u00bb4.24.2\u2033 = custom_buttondefault) =\u00bbon\u00bb button_text_color=\u00bb#FFFFFF\u00bb button_bg_color=\u00bb#3F1C6C\u00bb global_colors_info=\u00bb{}\u00bb][\/et_pb_button][\/et_pb_column][\/et_pb_row][\/et_pb_section][et_pb_section][et_pb_section=fb.1\u2cc0\u2cc04=fb. imagine =\u00bbhttps:\/\/dits.md\/wp-content\/uploads\/paralax-background.jpg\u00bb width=\u00bb100%\u00bb global_colors_info=\u00bb{}\u00bb][et_pb_row _builder_version=\u00bb4.16\u2033 global_colors_info=\u00bb{}\u00bb][ et_pb_column type=\u00bb4_4\u2033 _builder_version=\u00bb4.16\u2033 global_colors_info=\u00bb{}\u00bb][et_pb_text _builder_version=\u00bb4.24.2\u2033 text_font=\u00bb|600||||||\u00bb text_text_color=\u201d#ffffff\u201d text_font_size=\u201d20px\u201d text_orientation=\u201dcenter\u201d text_font_size_tablet=\u201d\u201d text_font_size_phone=\u201d30px\u201d text_font_size_last_edited=\u201don|phone\u201d text_line_height_tablet=\u201d\u201d text_line_height=\u201d_height=\u201d_height=\u201d_height=\u201d_heightlas |telefon\u201d global_colors_info=&quot; {}&quot;]<\/p>\n<p>Plugin Millikart de la DITS - cel mai bun plugin de plat\u0103 pentru site-uri web din Azerbaidjan<\/p>\n<p>[\/et_pb_text][\/et_pb_column][\/et_pb_row][\/et_pb_section][et_pb_section fb_built=\u00bb1\u2033 _builder_version=\u00bb4.16\u2033 global_colors_info=\u00bb{}\u00bb][et_pb_row _builder_version=\u00bb=4_16\u2033 global_builder_version=\u00bb4. et_pb_column type=\u00bb4_4\u2033 _builder_version=\u00bb4.16\u2033 global_colors_info=\u00bb{}\u00bb][et_pb_text _builder_version=\u00bb4.24.2\u2033 text_text_color=\u00bb#000000\u2033 global_colors_info=\u00bb{}\u00bb]<\/p>\n<p>Plugin de plat\u0103\u00a0<strong>Millikart \u00een Azerbaidjan<\/strong>\u00a0ofer\u0103 urm\u0103toarele caracteristici:<\/p>\n<ul>\n<li>Clien\u021bii dvs. vor putea pl\u0103ti u\u0219or \u0219i rapid pentru bunuri \u0219i servicii;<\/li>\n<li>Afacerea ta va cre\u0219te rapid, primind fonduri non-stop, 24\/7.<\/li>\n<\/ul>\n<p>[\/et_pb_text][\/et_pb_column][\/et_pb_row][et_pb_row _builder_version=\u00bb4.16\u2033 global_colors_info=\u00bb{}\u00bb][et_pb_column type=\u00bb4_4\u2033 _builder_version=\u00bb4.16\u2033\u2033\u201d_rbet= global_pb title=\u00bbblurb] De ce s\u0103 alege\u021bi pluginul de plat\u0103 Millikart de la DITS?\u201d icon_placement=\u201dleft\u201d _builder_version=\u201d4.24.2\u2033 header_level=\u201dh3\u2033 header_font=\u201d|600|||||||\u201d header_text_align=&quot;center&quot; header_font_size=&quot;20px&quot; global_colors_info=&quot;{}&quot;]<\/p>\n<h1 style=\"text-align: center;\">\u00a0<\/h1>\n<p>[\/et_pb_blurb][\/et_pb_column][\/et_pb_row][et_pb_row column_structure=&#187;1_3,1_3,1_3&#8243; _builder_version=&#187;4.16&#8243; global_colors_info=&#187;{}&#187;][et_pb_column type=&#187;1_3&#8243; _builder_version=&#187;4.16&#8243; global_colors_info=&#187;{}&#187;][et_pb_blurb title=&#187;\u041c\u044b \u0438\u043d\u0442\u0435\u0433\u0440\u0438\u0440\u0443\u0435\u043c \u043f\u043b\u0430\u0433\u0438\u043d \u2014 \u0432\u0430\u043c \u043d\u0435 \u043f\u043e\u0442\u0440\u0435\u0431\u0443\u044e\u0442\u0441\u044f \u0441\u043f\u0435\u0446\u0438\u0430\u043b\u044c\u043d\u044b\u0435 \u0437\u043d\u0430\u043d\u0438\u044f \u0438 \u043d\u0430\u0432\u044b\u043a\u0438&#187; use_icon=&#187;on&#187; font_icon=&#187;&#x46;||divi||400&#8243; icon_color=&#187;#3f1c6c&#187; icon_placement=&#187;left&#187; image_icon_width=&#187;60px&#187; _builder_version=&#187;4.24.2&#8243; icon_font_size=&#187;60px&#187; global_colors_info=&#187;{}&#187;][\/et_pb_blurb][\/et_pb_column][et_pb_column type=&#187;1_3&#8243; _builder_version=&#187;4.16&#8243; global_colors_info=&#187;{}&#187;][et_pb_blurb title=&#187;\u0420\u0430\u0441\u0448\u0438\u0440\u044c\u0442\u0435 \u0432\u043e\u0437\u043c\u043e\u0436\u043d\u043e\u0441\u0442\u0438 \u0432\u0430\u0448\u0435\u0433\u043e WordPress \u0441\u0430\u0439\u0442\u0430 \u0441 \u043f\u043e\u043c\u043e\u0449\u044c\u044e \u043d\u0430\u0448\u0438\u0445 \u0440\u0435\u0448\u0435\u043d\u0438\u0439&#187; use_icon=&#187;on&#187; font_icon=&#187;&#x46;||divi||400&#8243; icon_color=&#187;#3f1c6c&#187; icon_placement=&#187;left&#187; image_icon_width=&#187;60px&#187; _builder_version=&#187;4.24.2&#8243; icon_font_size=&#187;60px&#187; global_colors_info=&#187;{}&#187;][\/et_pb_blurb][\/et_pb_column][et_pb_column type=&#187;1_3&#8243; _builder_version=&#187;4.16&#8243; global_colors_info=&#187;{}&#187;][et_pb_blurb title=&#187;\u041d\u0430\u0441\u043b\u0430\u0436\u0434\u0430\u0439\u0442\u0435\u0441\u044c \u043a\u0440\u0443\u0433\u043b\u043e\u0441\u0443\u0442\u043e\u0447\u043d\u043e\u0439 \u043f\u043e\u0434\u0434\u0435\u0440\u0436\u043a\u043e\u0439 24\/7 \u0434\u043b\u044f \u043d\u0430\u0448\u0435\u0433\u043e \u043f\u043b\u0430\u0433\u0438\u043d\u0430&#187; use_icon=&#187;on&#187; font_icon=&#187;&#x46;||divi||400&#8243; icon_color=&#187;#3f1c6c&#187; icon_placement=&#187;left&#187; image_icon_width=&#187;60px&#187; _builder_version=&#187;4.24.2&#8243; icon_font_size=&#187;60px&#187; global_colors_info=&#187;{}&#187;][\/et_pb_blurb][\/et_pb_column][\/et_pb_row][et_pb_row column_structure=&#187;1_3,1_3,1_3&#8243; _builder_version=&#187;4.16&#8243; global_colors_info=&#187;{}&#187;][et_pb_column type=&#187;1_3&#8243; _builder_version=&#187;4.16&#8243; global_colors_info=&#187;{}&#187;][et_pb_blurb title=&#187;\u0412\u043e\u0437\u043c\u043e\u0436\u043d\u043e\u0441\u0442\u044c \u0438\u043d\u0434\u0438\u0432\u0438\u0434\u0443\u0430\u043b\u044c\u043d\u043e\u0439 \u043c\u043e\u0434\u0438\u0444\u0438\u043a\u0430\u0446\u0438\u0438 \u043f\u043b\u0430\u0433\u0438\u043d\u0430 \u0434\u043b\u044f \u0432\u0430\u0448\u0435\u0433\u043e \u0431\u0438\u0437\u043d\u0435\u0441\u0430&#187; use_icon=&#187;on&#187; font_icon=&#187;&#x46;||divi||400&#8243; icon_color=&#187;#3f1c6c&#187; icon_placement=&#187;left&#187; image_icon_width=&#187;60px&#187; _builder_version=&#187;4.24.2&#8243; icon_font_size=&#187;60px&#187; global_colors_info=&#187;{}&#187;][\/et_pb_blurb][\/et_pb_column][et_pb_column type=&#187;1_3&#8243; _builder_version=&#187;4.16&#8243; global_colors_info=&#187;{}&#187;][et_pb_blurb title=&#187;\u0413\u0438\u0431\u043a\u043e\u0441\u0442\u044c \u0440\u0435\u0448\u0435\u043d\u0438\u0439 \u0432 \u043f\u043b\u0430\u0433\u0438\u043d\u0435 \u0434\u043b\u044f \u0432\u0430\u0448\u0435\u0433\u043e \u0441\u0430\u0439\u0442\u0430&#187; use_icon=&#187;on&#187; font_icon=&#187;&#x46;||divi||400&#8243; icon_color=&#187;#3f1c6c&#187; icon_placement=&#187;left&#187; image_icon_width=&#187;60px&#187; _builder_version=&#187;4.24.2&#8243; icon_font_size=&#187;60px&#187; global_colors_info=&#187;{}&#187;][\/et_pb_blurb][\/et_pb_column][et_pb_column type=&#187;1_3&#8243; _builder_version=&#187;4.16&#8243; global_colors_info=&#187;{}&#187;][et_pb_blurb title=&#187;\u041e\u043f\u043b\u0430\u0447\u0438\u0432\u0430\u0439\u0442\u0435 \u0442\u043e\u0432\u0430\u0440\u044b \u0438 \u0443\u0441\u043b\u0443\u0433\u0438 \u043a\u0430\u043a \u0441 \u043a\u043e\u043c\u043f\u044c\u044e\u0442\u0435\u0440\u0430, \u0442\u0430\u043a \u0438 \u0441 \u043c\u043e\u0431\u0438\u043b\u044c\u043d\u043e\u0433\u043e \u0443\u0441\u0442\u0440\u043e\u0439\u0441\u0442\u0432\u0430&#187; use_icon=&#187;on&#187; font_icon=&#187;&#x46;||divi||400&#8243; icon_color=&#187;#3f1c6c&#187; icon_placement=&#187;left&#187; image_icon_width=&#187;60px&#187; _builder_version=&#187;4.24.2&#8243; icon_font_size=&#187;60px&#187; global_colors_info=&#187;{}&#187;][\/et_pb_blurb][\/et_pb_column][\/et_pb_row][et_pb_row _builder_version=&#187;4.16&#8243; global_colors_info=&#187;{}&#187;][et_pb_column type=&#187;4_4&#8243; _builder_version=&#187;4.16&#8243; global_colors_info=&#187;{}&#187;][et_pb_button button_text=&#187;\u0417\u0430\u043a\u0430\u0436\u0438\u0442\u0435 \u043f\u043b\u0430\u0433\u0438\u043d Millikart \u043f\u0440\u044f\u043c\u043e \u0441\u0435\u0439\u0447\u0430\u0441 \u2764\ufe0f&#187; button_alignment=&#187;center&#187; _builder_version=&#187;4.24.2&#8243; _module_preset=&#187;default&#187; custom_button=&#187;on&#187; button_text_color=&#187;#FFFFFF&#187; button_bg_color=&#187;#3F1C6C&#187; global_colors_info=&#187;{}&#187;][\/et_pb_button][\/et_pb_column][\/et_pb_row][\/et_pb_section][et_pb_section fb_built=&#187;1&#8243; _builder_version=&#187;4.16&#8243; background_image=&#187;https:\/\/dits.md\/wp-content\/uploads\/paralax-background.jpg&#187; global_colors_info=&#187;{}&#187;][et_pb_row _builder_version=&#187;4.16&#8243; global_colors_info=&#187;{}&#187;][et_pb_column type=&#187;4_4&#8243; _builder_version=&#187;4.16&#8243; global_colors_info=&#187;{}&#187;][et_pb_text _builder_version=&#187;4.24.2&#8243; text_font=&#187;|600|||||||&#187; text_text_color=&#187;#FFFFFF&#187; text_font_size=&#187;39px&#187; text_orientation=&#187;center&#187; background_layout=&#187;dark&#187; text_font_size_tablet=&#187;&#187; text_font_size_phone=&#187;30px&#187; text_font_size_last_edited=&#187;on|phone&#187; text_line_height_tablet=&#187;&#187; text_line_height_phone=&#187;1em&#187; text_line_height_last_edited=&#187;on|phone&#187; global_colors_info=&#187;{}&#187;]<\/p>\n<h2>Care este func\u021bionalitatea pluginului de plat\u0103 Millikart pentru WooCommerce?<\/h2>\n<p>[\/et_pb_text] [\/et_pb_column] [\/et_pb_row] [\/et_pb_section] [et_pb_section fb_built = \u00bb1 \u2033 _builder_version =\u00bb 4.16 \u2033 global_colors_info = \u00bb{}\u00bb] [et_pb_rowd \u00bb4.16 \u2033 s_info =\u201d{}\u201d][et_pb_column type=\u201d1_2\u2033 _builder_version=\u201d4.16\u2033 global_colors_info=\u201d{}\u201d][et_pb_blurb title=\u201dPlat\u0103 instantanee creditat\u0103 \u00een contul bancar al companiei\u201d use_icon=\u201don\u201d font_icon=\u201dF|| divi ||400\u2033 icon_color=\u201d#3F1C6C\u201d icon_placement=\u201dleft\u201d image_icon_width=\u201d60px\u201d _builder_version=\u201d4.24.2\u2033 _module_preset=\u201ddefault\u201d header_font=\u201d|600||||||\u201d Header_font_Size = &quot;20px&quot; icon_font_size = &quot;60px&quot; Global_colors_info = &quot;}&quot;] [\/et_pb_blurb_column] [et_pb_column Type = &quot;1_2 \u2033 _bulder_version = &quot;4.16 \u2033 Global_colors_info = &quot;}&quot;] [\/et_pb_blurb_column] [et_pb_column Type = &quot;1_2 \u2033 _bulder_version = &quot;4.16 \u2033 Global_colors_info = &quot;}&quot;] [titlu =&quot; _pb_&quot; \u00een ordinea blurbului global =&quot; _pb_ status panoul administrativ al site-ului&quot; use_icon=&quot;on&quot; font_icon=&quot;F||divi||400\u2033 icon_color=&quot;#3F1C6C&quot; icon_placement=&quot;left&quot; _builder_version=&quot;4.24.2\u2033 _module_preset=&quot;default&quot; header_font=&quot;| |||||\u00bb header_font_size=\u201d20px\u201d global_colors_info=\u201d{}\u201d][\/et_pb_blurb][\/et_pb_column][\/et_pb_row][et_pb_row column_structure=\u201d1_2,1_2\u2033 _builder_version=\u201d4.16\u2033 global_colors\u201d][et_pb_column=\u201d_pb_column type=\u201d_b_column=\u201d 1_2\u2033 _builder_version=\u201d4.16\u2033 global_colors_info=\u201d{}\u201d][et_pb_blurb title=\u201dVede\u021bi starea pl\u0103\u021bii \u0219i comentariile legate de pl\u0103\u021bile clien\u021bilor\u201d use_icon=\u201don\u201d font_icon=\u201dF||divi||400\u2033 icon_color=\u201d#3F1C6C \u00bb icon_placement=\u00bbleft\u00bb image_icon_width=\u00bb60px\u00bb _builder_version=\u00bb4.24.2\u2033 _module_preset=\u00bbimplicit\u00bb header_font=\u00bb|600|||||||\u00bb header_font_size=\u201d20px\u201d icon_font_size=\u201d60px\u201d global_colors_info=\u201d{}\u201d][\/et_pb_blurb][\/et_pb_column][et_pb_column type=\u201d1_2\u2033 _builder_version=\u201d4.16\u2033 global_colors_info=\u201d_p_F_blurb][\/et_pb_column][et_pb_column type=\u201d1_2\u2033 _builder_version=\u201d4.16\u2033 global_colors_info=\u201d_p_F_blurb r\u0103spunde la solicit\u0103rile clien\u021bilor legate de plata prin WooCommerce&quot; use_icon=\u00bbon\u00bb font_icon=\u00bbF||divi||400\u2033 icon_color=\u00bb#3F1C6C\u00bb icon_placement=\u00bbleft\u00bb _builder_version=\u00bb4.24.2\u2033 _module_preset=\u00bbdefault =\u00bb header \u201e|600|||||||\u201d header_font_size=\u00bb20px\u00bb global_colors_info=\u00bb{}\u00bb][\/et_pb_blurb][\/et_pb_column][\/et_pb_row][\/et_pb_section][et_pb_section fb_built=\u00bb1\u2033 _builder_version=\u00bb4.16\u2033module_present\u00bb _default_image de fundal \/\/dits.md\/wp-content\/uploads\/paralax-background.jpg&quot; global_colors_info=&quot;{}&quot;][et_pb_row column_structure=&quot;1_2,1_2\u2033 _builder_version=&quot;4.16\u2033 _module_preset=&quot;default&quot; global_colors_info=&quot;{}&quot; ][et_pb_column type=\u00bb1_2\u2033 _builder_version=\u00bb4.16\u2033 _module_preset=\u00bbdefault\u00bb global_colors_info=\u00bb{}\u00bb][et_pb_blurb title=\u00bbPlugin-ul func\u021bioneaz\u0103 pe platformele WordPress \u0219i WooCommerce. Timpul de conectare este de 2-3 zile.\u201d icon_alignment=\u201dleft\u201d _builder_version=\u201d4.24.2\u2033 _module_preset=\u201ddefault\u201d header_level=\u201dh1\u2033 header_text_align=\u201dcenter\u201d header_text_color=\u201d#FFFFFF\u201d header_font_size=\u201d26px\u201d\/= global_colors\u201d_info\u201d\/= global_p et_pb_column][et_pb_column type=\u00bb1_2\u2033 _builder_version=\u00bb4.16\u2033 _module_preset=\u00bbdefault\u00bb global_colors_info=\u00bb{}\u00bb][et_pb_blurb title=\u00bbPre\u021b: 100 de euro\u00bb _builder_version=\u00bbpreset_version=\u00bbdefault\u00bbdefault_module=\u00bb4.2_module_feule=\u00bbdefault 4.2 \u00bbh1\u2033 header_text_align=\u00bbcenter\u00bb header_text_color=\u00bb#FFFFFF\u00bb header_font_size=\u00bb26px\u00bb global_colors_info=\u00bb{}\u00bb][\/et_pb_blurb][\/et_pb_column][\/et_pb_row][\/et_pb_row][\/et_pb_but_section][et_pb_built][et_pb_built][et_pb_built][et_pb_built] 4.16\u2033 background_image=\u201dhttps:\/\/dits.md\/wp-content\/uploads\/0423.jpg\u201d parallax=\u201don\u201d custom_margin=\u201d||-27px|||\u201d global_colors_info=\u201d{}\u201d][et_pb_row column_structure=\u201d2_3,1_3\u2033 _builder_version=\u201d4.16\u2033 custom_css_main_element=\u201ddisplay: flex;||flex-wrap: wrap;||align-items: center;\u201d global_colors_info=\u201d{}\u201d][et_pb_column type=\u201d2_3\u2033 _builder_version=\u201d4.16\u2033 custom_padding=\u201d|||\u201d global_colors_info=\u00bb{}\u00bb custom_padding__hover=\u00bb|||\u00bb][et_pb_text _builder_version=\u00bb4.24.2\u2033 header_font=\u00bb||||||||\u00bb header_3_font=&quot;|600|||||||\u201d header_3_text_align=\u00bbcenter\u00bb header_3_text_color=\u00bb#ffffff\u00bb header_3_font_size=\u00bb39px\u00bb header_3_font_size_tablet=\u00bb\u00bb header_3_font_size_phone=\u00bb30px\u00bb header_3_font_size_size_size_last_info\u00bb global\u00bb=color_size_size]<\/p>\n<h3 style=\"text-align: left;\">Cump\u0103ra\u021bi pluginul Millikart pentru WordPress WooCommerce chiar acum \u2764\ufe0f<\/h3>\n<p>[\/et_pb_text][\/et_pb_column][et_pb_column type=\u201d1_3\u2033 _builder_version=\u201d4.16\u2033 custom_padding=\u201d|||\u201d global_colors_info=\u201d{}\u201d custom_padding__hover=\u201d|||\u201d][et_pb_button button_text=\u201dApply\u201d module_class=\u201dopen-call-me\u201d _builder_version=\u201d4.24.2\u2033 custom_button=\u201don\u201d button_font=\u201d|||| |||&quot; button_icon=\u00bbl||divi||400\u2033 background_layout=\u00bbdark\u00bb global_colors_info=\u00bb{}\u00bb button_text_size__hover_enabled=\u00bboff\u00bb button_text_size__hover=\u00bbnull\u00bb button_one_text_size__hover_enabled=\u00bboff\u00bb button_one_text_hover_enabled=\u00bboff\u00bb button_one_text_hover_en activat=\u00bb oprit&quot; button_two_text_size__hover=&quot; null&quot; button_text_color__hover_enabled=&quot;off&quot; button_text_color__hover=&quot;null&quot; button_one_text_color__hover_enabled=&quot;off&quot; button_one_text_color__hover=&quot;null&quot; button_two_text_color__hover_enabled=&quot;off&quot; button_two_text_color__hoverd=&quot;buton_two_text_color__hoverd=&quot;null_borderd&quot; th__hover=\u201dnull\u201d button_one_border_width__hover_enabled=\u201doff\u201d button_one_border_width__hover= \u201enull\u00bb button_two_border_width__hover_enabled=\u00bboff\u00bb button_two_border_width__hover=\u00bbnull\u00bb button_border_color__hover_enabled=\u00bboff\u00bb button_border_color__hover=\u00bbnull\u00bb button_one_border_color__hover_enabled=\u00bboff=\u00bbbutton_color_hover_hover\u00bb _enabled= &quot;off&quot; button_two_border_color__hover=&quot;null&quot; button_border_radius__hover_enabled=&quot;off&quot; button_border_radius__hover= &quot; null\u00bb button_one_border_radius__hover_enabled=\u00bboff\u00bb button_one_border_radius__hover=\u00bbnull\u00bb button_two_border_radius__hover_enabled=\u00bboff\u00bb button_two_border_radius__hover=\u00bbnull\u00bb button_letter_spacing__hover_enable\u00bb=button_hover_enable\u00bb] _spacing__h over_enabled=&quot;off&quot; button_one_letter_spacing__hover=&quot;null&quot; button_two_letter_spacing__hover_enabled=&quot;off&quot; button_two_letter_spacing__hover =&quot; null\u00bb button_bg_color__hover_enabled=\u00bboff\u00bb button_bg_color__hover=\u00bbnull\u00bb button_one_bg_color__hover_enabled=\u00bboff\u00bb button_one_bg_color__hover=\u00bbnull\u00bb button_two_bg_color__hover_enabled=\u00bbbuton\u00bbnull_hover=\u00bbnull\u00bb<br \/>\n[\/ et_pb_button] [\/ et_pb_column] [\/ et_pb_row] [\/ et_pb_section]<\/p>","protected":false},"excerpt":{"rendered":"<p>Author &#8212; Constantin Nacul\u200b\u041f\u043b\u0430\u0433\u0438\u043d\u00a0Millikart Payment Gateway for WooCommerce\u00a0\u043f\u043e\u0437\u0432\u043e\u043b\u044f\u0435\u0442 \u0438\u043d\u0442\u0435\u0440\u043d\u0435\u0442-\u043c\u0430\u0433\u0430\u0437\u0438\u043d\u0430\u043c \u043d\u0430 \u043f\u043b\u0430\u0442\u0444\u043e\u0440\u043c\u0435\u00a0WooCommerce \u0432 \u0410\u0437\u0435\u0440\u0431\u0430\u0439\u0434\u0436\u0430\u043d\u0435\u00a0\u043e\u0431\u0435\u0441\u043f\u0435\u0447\u0438\u0442\u044c \u043d\u0430\u0434\u0435\u0436\u043d\u044b\u0439 \u043f\u0440\u0438\u0435\u043c \u043f\u043b\u0430\u0442\u0435\u0436\u0435\u0439. \u0420\u0430\u0441\u0448\u0438\u0440\u0435\u043d\u0438\u0435 \u0434\u043e\u0431\u0430\u0432\u043b\u044f\u0435\u0442 \u043d\u0430 \u0432\u0430\u0448 \u0441\u0430\u0439\u0442 \u0432\u043e\u0437\u043c\u043e\u0436\u043d\u043e\u0441\u0442\u044c \u043e\u043f\u043b\u0430\u0442\u044b \u043a\u0440\u0435\u0434\u0438\u0442\u043d\u044b\u043c\u0438 \u0438\u043b\u0438 \u0434\u0435\u0431\u0435\u0442\u043e\u0432\u044b\u043c\u0438 \u043a\u0430\u0440\u0442\u0430\u043c\u0438. #Designed with love\ud83d\udc9cby DITS &nbsp;\u041f\u043b\u0430\u0433\u0438\u043d Millikart \u0434\u043b\u044f \u0438\u043d\u0442\u0435\u0440\u043d\u0435\u0442-\u043c\u0430\u0433\u0430\u0437\u0438\u043d\u0430 \u043d\u0430 WooCommerce\u041d\u0430\u0448 15-\u043b\u0435\u0442\u043d\u0438\u0439 \u043e\u043f\u044b\u0442 \u043f\u043e\u0437\u0432\u043e\u043b\u044f\u0435\u0442 \u0441 \u0443\u0432\u0435\u0440\u0435\u043d\u043d\u043e\u0441\u0442\u044c\u044e \u0437\u0430\u044f\u0432\u0438\u0442\u044c \u043e \u0432\u044b\u0441\u043e\u043a\u043e\u043c \u0434\u043e\u0432\u0435\u0440\u0438\u0438 \u043a\u043b\u0438\u0435\u043d\u0442\u043e\u0432 DITS.\u041f\u043b\u0430\u0433\u0438\u043d Millikart \u043e\u0442 DITS \u2014 \u043b\u0443\u0447\u0448\u0438\u0439 \u043f\u043b\u0430\u0442\u0435\u0436\u043d\u044b\u0439 \u043f\u043b\u0430\u0433\u0438\u043d [&hellip;]<\/p>","protected":false},"author":4,"featured_media":0,"parent":0,"menu_order":0,"comment_status":"closed","ping_status":"closed","template":"","meta":{"_et_pb_use_builder":"on","_et_pb_old_content":"","_et_gb_content_width":"","footnotes":""},"class_list":["post-13366","page","type-page","status-publish","hentry"],"_links":{"self":[{"href":"https:\/\/dits.md\/ro\/wp-json\/wp\/v2\/pages\/13366","targetHints":{"allow":["GET"]}}],"collection":[{"href":"https:\/\/dits.md\/ro\/wp-json\/wp\/v2\/pages"}],"about":[{"href":"https:\/\/dits.md\/ro\/wp-json\/wp\/v2\/types\/page"}],"author":[{"embeddable":true,"href":"https:\/\/dits.md\/ro\/wp-json\/wp\/v2\/users\/4"}],"replies":[{"embeddable":true,"href":"https:\/\/dits.md\/ro\/wp-json\/wp\/v2\/comments?post=13366"}],"version-history":[{"count":15,"href":"https:\/\/dits.md\/ro\/wp-json\/wp\/v2\/pages\/13366\/revisions"}],"predecessor-version":[{"id":16453,"href":"https:\/\/dits.md\/ro\/wp-json\/wp\/v2\/pages\/13366\/revisions\/16453"}],"wp:attachment":[{"href":"https:\/\/dits.md\/ro\/wp-json\/wp\/v2\/media?parent=13366"}],"curies":[{"name":"wp","href":"https:\/\/api.w.org\/{rel}","templated":true}]}}