{"id":10770,"date":"2020-09-12T14:01:12","date_gmt":"2020-09-12T12:01:12","guid":{"rendered":"https:\/\/dits.md\/?page_id=10770"},"modified":"2020-09-12T16:08:31","modified_gmt":"2020-09-12T14:08:31","slug":"prodvizhenie-sajtov-usa","status":"publish","type":"page","link":"https:\/\/dits.md\/ro\/prodvizhenie-sajtov-usa\/","title":{"rendered":"Promovare site web \u00een SUA"},"content":{"rendered":"<p>[et_pb_section fb_built = &quot;1&quot; _builder_version = &quot;4.0.2&quot; background_image = &quot;https:\/\/dits.md\/wp-content\/uploads\/paralax-background.jpg&quot;] [et_pb_row column_structure = &quot;2_5,3_5 \u2033 _builder_version =&quot; 3.25 \u2033 background_size = &quot;initial&quot; background_position = &quot;top_left&quot; background_repeat = &quot;repeat&quot;] [et_pb_column type = &quot;2_5 \u2033 _builder_version =&quot; 3.25 \u2033 custom_padding = &quot;|||&quot; custom_padding__hover = &quot;|||&quot;] [et_pb_image src = &quot;https:\/\/dits.md\/wp-content\/uploads\/usa.png&quot; _builder_version = &quot;4.0.2 \u2033] [\/ et_pb_image] [\/ et_pb_column] [et_pb_column type = &quot;3_5 \u2033 _builder_version =&quot; 3,25 \u2033 custom_padding = &quot;|||&quot; custom_padding__hover = &quot;|||&quot;] [et_pb_text _builder_version = &quot;4.0.2 \u2033 text_text_color =&quot; #ffffff &quot;header_font =&quot; | 700 ||||||| &quot; header_text_color = &quot;#ffffff&quot; header_font_size = &quot;28px&quot; background_size = &quot;initial&quot; background_position = &quot;top_left&quot; background_repeat = &quot;repeat&quot;]<\/p>\n<h1>Promovare site web \u00een SUA<\/h1>\n<p>V\u0103 g\u00e2ndi\u021bi s\u0103 v\u0103 promova\u021bi afacerea \u00een limba englez\u0103 \u00een SUA?<\/p>\n<p>V\u0103 putem ajuta aplic\u00e2nd toat\u0103 experien\u021ba noastr\u0103 \u00een diferite state ale SUA!<\/p>\n<ul>\n<li>Vom analiza concuren\u021bii \u0219i publicul<\/li>\n<li>Vom realiza un site web pentru vorbitori nativi<\/li>\n<li>Vom face promovare SEO \u00een limba englez\u0103<\/li>\n<li>Vom lansa Google Ads<\/li>\n<li>Vom lansa anun\u021buri de direc\u021bionare pe Facebook \u0219i Instagram<\/li>\n<\/ul>\n<p>Vom aduce num\u0103rul maxim de clien\u021bi \u00een afacerea dvs. din SUA!<\/p>\n<p>[\/ et_pb_text] [\/ et_pb_column] [\/ et_pb_row] [et_pb_row _builder_version = &quot;4.0.2 \u2033] [et_pb_column type =&quot; 4_4 \u2033 _builder_version = &quot;4.0.2 \u2033] [et_pb_text _builder_font_version =&quot; 4.0.2 ||| &quot; header_2_text_align = &quot;centru&quot; header_2_text_color = &quot;#ffffff&quot; header_2_font_size = &quot;39px&quot;]<\/p>\n<h2>Cine are nevoie de promovare \u00een SUA?<\/h2>\n<p>[\/ et_pb_text] [\/ et_pb_column] [\/ et_pb_row] [\/ et_pb_section] [et_pb_section fb_built = &quot;1 \u2033 _builder_version =&quot; 4.0.2 \u2033] [et_pb_row column_structure = &quot;1_3,1_3,1_version \u2033 \u2033 _Builder_version = &quot;4.0.2 \u2033] [et_pb_blurb title =&quot; Companii din CSI &quot;image =&quot; https:\/\/dits.md\/wp-content\/uploads\/local.jpg &quot;image_max_width =&quot; 60% &quot;_builder_version =&quot; 4.0. 2 \u2033 header_text_align = &quot;centru&quot;]<\/p>\n<p>Afaceri din spa\u021biul fostei URSS care \u00ee\u0219i pot furniza bunurile \u0219i serviciile nu numai pe pia\u021ba local\u0103, ci au \u0219i posibilitatea de a le furniza pe alte pie\u021be externe!<\/p>\n<p>[\/ et_pb_blurb] [\/ et_pb_column] [et_pb_column type = &quot;1_3 \u2033 _builder_version =&quot; 4.0.2 \u2033] [et_pb_blurb title = &quot;Businessmeni migra\u021bi&quot; image = &quot;https:\/\/dits.md\/wp-content\/uploads\/migrate. jpg &quot;image_max_width =&quot; 60% &quot;_builder_version =&quot; 4.0.2 &quot;header_text_align =&quot; centru &quot;]<\/p>\n<p>Cona\u021bionalii no\u0219tri antreprenori, pleca\u021bi \u00een str\u0103in\u0103tate \u0219i deschiz\u00e2nd acolo practic orice afacere local\u0103. Marketingul online va ajuta s\u0103 g\u0103si\u021bi rapid primii clien\u021bi \u0219i s\u0103 le cre\u0219te\u021bi num\u0103rul!\u00a0<\/p>\n<p>[\/ et_pb_blurb] [\/ et_pb_column] [et_pb_column type = &quot;1_3 \u2033 _builder_version =&quot; 4.0.2 \u2033] [et_pb_blurb title = &quot;Companii str\u0103ine&quot; image = &quot;https:\/\/dits.md\/wp-content\/uploads\/international- bussines.jpg &quot;image_max_width =&quot; 60% &quot;_builder_version =&quot; 4.0.2 \u2033 header_text_align = &quot;centru&quot;]<\/p>\n<p><span>Companiile str\u0103ine care lucreaz\u0103 cu contractori din Rusia, Ucraina \u0219i alte \u021b\u0103ri CSI \u0219i care doresc s\u0103 primeasc\u0103 servicii \u0219i un nivel excelent de calitate la un pre\u021b sc\u0103zut!<\/span><\/p>\n<p>[\/ et_pb_blurb] [\/ et_pb_column] [\/ et_pb_row] [\/ et_pb_section] [et_pb_section fb_built = &quot;1&quot; _builder_version = &quot;4.0.2&quot; background_image = &quot;https:\/\/dits.md\/wp-content\/uploadbackgrounds\/par. &quot;] [et_pb_row _builder_version =&quot; 4.0.2 \u2033] [et_pb_column type = &quot;4_4 \u2033 _builder_version =&quot; 4.0.2 \u2033] [et_pb_text _builder_version = &quot;4.0.2 \u2033 header_2_font =&quot; | 600 ||||||| &quot; header_2_text_align = &quot;centru&quot; header_2_text_color = &quot;#ffffff&quot; header_2_font_size = &quot;39px&quot;]<\/p>\n<h2>Cum se ob\u021bin rezultate de pe pia\u021ba SUA?<\/h2>\n<p>[\/ et_pb_text] [\/ et_pb_column] [\/ et_pb_row] [\/ et_pb_section] [et_pb_section fb_built = &quot;1 \u2033 _builder_version =&quot; 4.0.2 \u2033] [et_pb_row column_structure = &quot;1_3,1_3,1_version \u2033 \u2033 _Builder_version = &quot;4.0.2 \u2033] [et_pb_blurb title =&quot; Analiza unei ni\u0219e - produs, serviciu, concuren\u021bi &quot;image =&quot; https:\/\/dits.md\/wp-content\/uploads\/niche-usa. Png &quot;image_max_width = &quot;50%&quot; _builder_version = &quot;4.0.2 \u2033 header_text_align =&quot; centru &quot;] [\/ et_pb_blurb] [\/ et_pb_column] [et_pb_column type =&quot; 1_3 \u2033 _builder_version = &quot;4.0.2 \u2033] [et_pb_blurb title promov\u00e2nd un produs sau serviciu&quot; image = &quot;https:\/\/dits.md\/wp-content\/uploads\/niche.jpg&quot; image_max_width = &quot;50%&quot; _builder_version = &quot;4.0.2&quot; header_text_align = &quot;centru&quot;] [\/ et_pb_blurb] [\/ et_pb_column] [et_pb_column type = &quot; 1_3 \u2033 _builder_version = &quot;4.0.2 \u2033] [et_pb_blurb title =&quot; Construirea unui site pe baza strategiei alese &quot;image =&quot; https:\/\/dits.md\/wp-content\/uploads\/webdev.jpg &quot;image_max_width =&quot; 50% &quot; _builder_version = &quot;4.0.2&quot; header_text_align = &quot;center&quot;] [\/ et_pb_blurb] [\/ et_pb_ column] [\/ et_pb_row] [et_pb_row column_structure = &quot;1_3,1_3,1_3 \u2033 _builder_version =&quot; 4.0.2 \u2033] [et_pb_column type = &quot;1_3 \u2033 _builder_version =&quot; 4.0.2 \u2033] [et_pb_blurb title = &quot;\u00cencepe\u021bi promovarea - SEO, PPC, \u021bint\u0103 &quot;image =&quot; https:\/\/dits.md\/wp-content\/uploads\/start-ads.jpg &quot;image_max_width =&quot; 50% &quot;_builder_version =&quot; 4.0.2 \u2033 header_text_align = &quot;center&quot;] [\/ et_pb_blurb] [ \/ et_pb_column] [et_pb_column type = &quot;1_3 \u2033 _builder_version =&quot; 4.0.2 \u2033] [et_pb_blurb title = &quot;Audit continuu al rezultatelor ob\u021binute&quot; image = &quot;https:\/\/dits.md\/wp-content\/uploads\/results-audit .jpg &quot;Image_max_width =&quot; 50% &quot;_builder_version =&quot; 4.0.2 \u2033 header_text_align = &quot;center&quot;] [\/ et_pb_blurb] [\/ et_pb_column] [et_pb_column type = &quot;1_3 \u2033 _builder_version =&quot; 4.0.2 \u2033] [et_pb] solicit\u0103ri primite (solicit\u0103ri) &quot;image =&quot; https:\/\/dits.md\/wp-content\/uploads\/lead-audit.jpg &quot;image_max_width =&quot; 50% &quot;_builder_version =&quot; 4.0.2 &quot;header_text_align =&quot; center &quot;] [\/ et_pb_blurb ] [\/ et_pb_column] [\/ et_pb_row] [et_pb_row column_structure = &quot;1_3,1_3,1_3 \u2033 _builder_version =&quot; 4.0.2 \u2033] [et_pb_column type = &quot;1_3 \u2033 _builder_version =&quot; 4.0.2 \u2033] [\/ et_pb_column] [et_pb_column type = &quot;1_3 \u2033 _builder_version =&quot; 4.0.2 \u2033] [et_pb_blurb title = &quot;Raportare individual\u0103 cu ROI, imagine ROAS =&quot; Https: \/\/dits.md\/wp-content\/uploads\/reports.jpg &quot;image_max_width =&quot; 50% &quot;_builder_version =&quot; 4.0.2 &quot;header_text_align =&quot; centru &quot;] [\/ et_pb_blurb] [\/ et_pb_column] [et_pb_column type =&quot; 1_3 \u2033 = &quot;4.0.2 \u2033] [\/ et_pb_column] [\/ et_pb_row] [\/ et_pb_section] [et_pb_section fb_built =&quot; 1 &quot;_builder_version =&quot; 4.0.2 \u2033 background_image = &quot;https:\/\/dits.md\/wp- content \/ uploads \/ paralax-background.jpg &quot;] [et_pb_row _builder_version =&quot; 4.0.2 \u2033] [et_pb_column type = &quot;4_4 \u2033 _builder_version =&quot; 4.0.2 \u2033] [et_pb_text _builder_version = &quot;4.0.2 \u2033 header_2_font =&quot; | 600 |||| ||| &quot; header_2_text_align = &quot;centru&quot; header_2_text_color = &quot;#ffffff&quot; header_2_font_size = &quot;39px&quot;]<\/p>\n<h2>La ce rezultate v\u0103 pute\u021bi a\u0219tepta?<\/h2>\n<p>[\/ et_pb_text] [\/ et_pb_column] [\/ et_pb_row] [\/ et_pb_section] [et_pb_section fb_built = &quot;1&quot; _builder_version = &quot;4.0.2&quot;] [et_pb_row column_structure = &quot;1_2,1_2&quot; type = &quot;1_2 \u2033 _bu 2 \u2033] [et_pb_blurb title = &quot;Uimitor!&quot; image = &quot;https:\/\/dits.md\/wp-content\/uploads\/briliant.jpg&quot; _builder_version = &quot;4.0.2&quot; header_text_align = &quot;center&quot; header_font_size = &quot;18px&quot;]<\/p>\n<p>Dac\u0103 vom colabora la dezvoltarea afacerii tale, men\u021bin\u00e2nd o comunicare regulat\u0103, \u00eembun\u0103t\u0103\u021bind performan\u021ba site-ului \u0219i gestion\u00e2nd poten\u021bialele oportunit\u0103\u021bi, ne str\u0103duim s\u0103 fim c\u00e2t mai deschi\u0219i posibil!<\/p>\n<p>[\/ et_pb_blurb] [\/ et_pb_column] [et_pb_column type = &quot;1_2 \u2033 _builder_version =&quot; 4.0.2 \u2033] [et_pb_blurb title = &quot;Nemultumit!&quot; image = &quot;https:\/\/dits.md\/wp-content\/uploads\/trash.jpg&quot; _builder_version = &quot;4.0.2&quot; header_text_align = &quot;centru&quot; header_font_size = &quot;18px&quot;]<\/p>\n<p>Dac\u0103 NU vom realiza tot ceea ce este men\u021bionat \u00een varianta \"incendiar\u0103\", adic\u0103 nu vom fi \u00een leg\u0103tur\u0103, nu vom oferi feedback despre munca \u0219i rezultatele ob\u021binute, \u0219i nu vom \u00eembun\u0103t\u0103\u021bi calitatea serviciului nostru!<\/p>\n<p>[\/ et_pb_blurb] [\/ et_pb_column] [\/ et_pb_row] [et_pb_row _builder_version = \u201d4.0.2 \u2033] [et_pb_column type =\u201d 4_4 \u2033 _builder_version = \u201d4.0.2 \u2033] [et_pb_blurb _builder_version_text = &quot;]<\/p>\n<p>Nu te a\u0219tepta ca cineva s\u0103 poat\u0103 promova proiectul t\u0103u f\u0103r\u0103 contribu\u021bia ta. Marketingul \u00een afaceri reprezint\u0103 un aspect crucial \u00een via\u021ba oric\u0103rui proiect; tocmai el \u00eel umple de \"via\u021b\u0103\" = BANI!<\/p>\n<p>[\/ et_pb_blurb] [\/ et_pb_column] [\/ et_pb_row] [\/ et_pb_section] [et_pb_section fb_built = &quot;1 \u2033 fullwidth =&quot; on &quot;_builder_version =&quot; 4.0.2 \u2033] [et_pb_fullwidth_portfolio title = &quot;Cases&quot; _builder_version = &quot;4.0.2 \u2033 portfolio_header_font =&quot; | 600 ||||||| &quot; portfolio_header_text_color = &quot;#ffffff&quot; portfolio_header_font_size = &quot;39px&quot; background_image = &quot;https:\/\/dits.md\/wp-content\/uploads\/paralax-background.jpg&quot;] [\/ et_pb_fullwidth_portfolio] [\/ et_pb_fullwid] [\/ etb_pb_fullwidth_portfolio] [\/ et_pb_fullwidth_portfolio] [\/ etb_pb_fullwidth_portfolio] [\/ etb_pb_fullwidth_portfolio] [\/ etb_p_f_full_et content \/ uploads \/ paralax-background.jpg &quot;] [et_pb_row _builder_version =&quot; 4.0.2 \u2033] [et_pb_column type = &quot;4_4 \u2033 _builder_version =&quot; 4.0.2 \u2033] [et_pb_text _builder_version = &quot;4.0.2 \u2033 header_2_font =&quot; | 600 ||||||| &quot; header_2_text_align = &quot;centru&quot; header_2_text_color = &quot;#ffffff&quot; header_2_font_size = &quot;39px&quot;]<\/p>\n<h2>C\u00e2t cost\u0103 promovarea \u00een SUA?<\/h2>\n<p>[\/ et_pb_text] [\/ et_pb_column] [\/ et_pb_row] [\/ et_pb_section] [et_pb_section fb_built = &quot;1 \u2033 _builder_version =&quot; 4.0.2 \u2033] [et_pb_row column_structure = &quot;1_4,1_4,1_4___1,1 &quot;1_4 \u2033 _builder_version =&quot; 4.0.2 \u2033] [et_pb_blurb title = &quot;Construirea unui site din SUA pentru vorbitor nativ&quot; image = &quot;https:\/\/dits.md\/wp-content\/uploads\/webdev.jpg&quot; Image_max_width = &quot;50%&quot; _builder_version = &quot;4.0.2&quot; header_text_align = &quot;centru&quot; body_text_align = &quot;centru&quot;]<\/p>\n<p>Cel mai mic pre\u021b 130$<\/p>\n<p>Pre\u021b realist, cu texte scrise \u0219i func\u021bionalitatea necesar\u0103 - aproximativ 400$<\/p>\n<p>[\/ et_pb_blurb] [\/ et_pb_column] [et_pb_column type = &quot;1_4 \u2033 _builder_version =&quot; 4.0.2 \u2033] [et_pb_blurb title = &quot;Promovare site web SEO \u00een SUA&quot; image = &quot;https:\/\/dits.md\/wp-content\/ uploads \/seo-icon.png &quot;image_max_width =&quot; 57% &quot;_builder_version =&quot; 4.0.2 \u2033 header_text_align = &quot;centru&quot; body_text_align = &quot;centru&quot;]<\/p>\n<p>Consultan\u021b\u0103 SEO 250$<\/p>\n<p>SEO complet, cu audituri, scrierea de texte, lucrul pe \u0219i \u00een afara site-ului, linkbuilding, aproximativ 400$ \/ lun\u0103\u00a0\u00a0<\/p>\n<p>[\/ et_pb_blurb] [\/ et_pb_column] [et_pb_column type = &quot;1_4 \u2033 _builder_version =&quot; 4.0.2 \u2033] [et_pb_blurb title = &quot;Publicitate \u00een Google Ads \/ AdWords \u00een SUA&quot; image = &quot;https:\/\/dits.md\/wp - content \/ uploads \/ ppc-icon.png &quot;image_max_width =&quot; 57% &quot;_builder_version =&quot; 4.0.2 &quot;header_text_align =&quot; centru &quot;body_text_align =&quot; centru &quot;hover_enabled =&quot; 0 \u2033]<\/p>\n<p>Filosofia publicit\u0103\u021bii Google Ads depinde de ni\u0219\u0103<\/p>\n<p>Pre\u021buri aproximative:<br \/>Buget pe clic - de la 500$<br \/>Bugetul locului de munc\u0103 - de la 150$<\/p>\n<p>[\/ et_pb_blurb] [\/ et_pb_column] [et_pb_column type = &quot;1_4 \u2033 _builder_version =&quot; 4.0.2 \u2033] [et_pb_blurb title = &quot;Anun\u021buri Facebook \u0219i Instagram \u00een SUA&quot; image = &quot;https:\/\/dits.md\/wp-content \/uploads\/ppc-icon.png &quot;image_max_width =&quot; 57% &quot;_builder_version =&quot; 4.0.2 &quot;header_text_align =&quot; centru &quot;body_text_align =&quot; centru &quot;hover_enabled =&quot; 0 \u2033]<\/p>\n<p>Costul filial depinde de regiune \u0219i ni\u0219\u0103.<\/p>\n<p>Pre\u021burile aproximative sunt urm\u0103toarele: Buget pentru clicuri - de la 500$ Buget pentru munc\u0103 - de la 150$<\/p>\n<p>[\/ et_pb_blurb] [\/ et_pb_column] [\/ et_pb_row] [\/ et_pb_section] [et_pb_section fb_built = &quot;1 \u2033 _builder_version =&quot; 3.24.1 \u2033 background_image = &quot;https:\/\/dits.md\/wp-content\/uploads\/04. Parallax = &quot;on&quot;] [et_pb_row column_structure = &quot;2_3,1_3 \u2033 _builder_version =&quot; 3.25 \u2033 custom_css_main_element = &quot;display: flex; || flex-wrap: wrap; || align-items: center;&quot;] [et_pb_column type = &quot; 2_3 \u2033 _builder_version = &quot;3,25&quot; custom_padding = &quot;|||&quot; custom_padding__hover = &quot;|||&quot;] [et_pb_text _builder_version = &quot;4.0.2 \u2033 header_font =&quot; ||||||||| &quot; header_3_font = &quot;| 600 |||||||&quot; header_3_text_align = &quot;centru&quot; header_3_text_color = &quot;#ffffff&quot; header_3_font_size = &quot;39px&quot;]<\/p>\n<h3 style=\"text-align: center;\">Mai ave\u021bi \u00eentreb\u0103ri? Sa discutam!<\/h3>\n<p>[\/et_pb_text][\/et_pb_column][et_pb_column type=&#187;1_3&#8243; _builder_version=&#187;3.25&#8243; custom_padding=&#187;|||&#187; custom_padding__hover=&#187;|||&#187;][et_pb_button button_text=&#187;\u041e\u0444\u043e\u0440\u043c\u0438\u0442\u044c \u0437\u0430\u044f\u0432\u043a\u0443&#187; button_alignment=&#187;center&#187; module_class=&#187;open-call-me&#187; _builder_version=&#187;4.0.2&#8243; custom_button=&#187;on&#187; button_font=&#187;||||||||&#187; button_icon=&#187;%%75%%&#187; background_layout=&#187;dark&#187; button_text_size__hover_enabled=&#187;off&#187; button_text_size__hover=&#187;null&#187; button_one_text_size__hover_enabled=&#187;off&#187; button_one_text_size__hover=&#187;null&#187; button_two_text_size__hover_enabled=&#187;off&#187; button_two_text_size__hover=&#187;null&#187; button_text_color__hover_enabled=&#187;off&#187; button_text_color__hover=&#187;null&#187; button_one_text_color__hover_enabled=&#187;off&#187; button_one_text_color__hover=&#187;null&#187; button_two_text_color__hover_enabled=&#187;off&#187; button_two_text_color__hover=&#187;null&#187; button_border_width__hover_enabled=&#187;off&#187; button_border_width__hover=&#187;null&#187; button_one_border_width__hover_enabled=&#187;off&#187; button_one_border_width__hover=&#187;null&#187; button_two_border_width__hover_enabled=&#187;off&#187; button_two_border_width__hover=&#187;null&#187; button_border_color__hover_enabled=&#187;off&#187; button_border_color__hover=&#187;null&#187; button_one_border_color__hover_enabled=&#187;off&#187; button_one_border_color__hover=&#187;null&#187; button_two_border_color__hover_enabled=&#187;off&#187; button_two_border_color__hover=&#187;null&#187; button_border_radius__hover_enabled=&#187;off&#187; button_border_radius__hover=&#187;null&#187; button_one_border_radius__hover_enabled=&#187;off&#187; button_one_border_radius__hover=&#187;null&#187; button_two_border_radius__hover_enabled=&#187;off&#187; button_two_border_radius__hover=&#187;null&#187; button_letter_spacing__hover_enabled=&#187;off&#187; button_letter_spacing__hover=&#187;null&#187; button_one_letter_spacing__hover_enabled=&#187;off&#187; button_one_letter_spacing__hover=&#187;null&#187; button_two_letter_spacing__hover_enabled=&#187;off&#187; button_two_letter_spacing__hover=&#187;null&#187; button_bg_color__hover_enabled=&#187;off&#187; button_bg_color__hover=&#187;null&#187; button_one_bg_color__hover_enabled=&#187;off&#187; button_one_bg_color__hover=&#187;null&#187; button_two_bg_color__hover_enabled=&#187;off&#187; button_two_bg_color__hover=&#187;null&#187;]<br \/>\n[\/ et_pb_button] [\/ et_pb_column] [\/ et_pb_row] [et_pb_row disabled_on = &quot;on | on | on&quot; admin_label = &quot;Initializing slick script&quot; _builder_version = &quot;3.25 \u2033] [et_pb_column type =&quot; 4_4 \u2033 _ &quot;3.25. | &quot; custom_padding__hover = &quot;|||&quot;] [et_pb_code _builder_version = &quot;3.18.7 \u2033]<script text= \"text\/javascript\">jQuery(function($){$('.dits-sl-sliders').slick({ infinite: true, lazyLoad: 'progressive', slidesToShow: 6, slidesToScroll: 1, autoplay: true, autoplaySpeed: 2000,responsive: [{ breakpoint: 1024, settings: { slidesToShow: 2, } }, { breakpoint: 600, settings: { slidesToShow: 1, } }, { breakpoint: 300, settings: \"unslick\"  }] });});<\/script>[\/ et_pb_code] [\/ et_pb_column] [\/ et_pb_row] [\/ et_pb_section]<\/p>","protected":false},"excerpt":{"rendered":"<p>\u041f\u0440\u043e\u0434\u0432\u0438\u0436\u0435\u043d\u0438\u0435 \u0441\u0430\u0439\u0442\u0430 \u0432 \u0421\u0428\u0410 \u0417\u0430\u0434\u0443\u043c\u0430\u043b\u0441\u044f \u043f\u0440\u043e\u0434\u0432\u0438\u0433\u0430\u0442\u044c \u0441\u0432\u043e\u0439 \u0431\u0438\u0437\u043d\u0435\u0441 \u043d\u0430 \u0430\u043d\u0433\u043b\u0438\u0439\u0441\u043a\u043e\u043c \u0432 \u0421\u0428\u0410? \u041c\u044b \u0441\u043c\u043e\u0436\u0435\u043c \u0442\u0435\u0431\u0435 \u043f\u043e\u043c\u043e\u0447\u044c \u043f\u0440\u0438\u043b\u043e\u0436\u0438\u0432 \u0432\u0435\u0441\u044c \u043d\u0430\u0448 \u043e\u043f\u044b\u0442 \u0440\u0430\u0431\u043e\u0442\u044b \u0432 \u0440\u0430\u0437\u043d\u044b\u0445 \u0448\u0442\u0430\u0442\u0430\u0445 \u0421\u0428\u0410! \u041f\u0440\u043e\u0430\u043d\u0430\u043b\u0438\u0437\u0438\u0440\u0443\u0435\u043c \u043a\u043e\u043d\u043a\u0443\u0440\u0435\u043d\u0442\u043e\u0432 \u0438 \u0430\u0443\u0434\u0438\u0442\u043e\u0440\u0438\u044e \u0421\u0434\u0435\u043b\u0430\u0435\u043c \u0441\u0430\u0439\u0442 \u0434\u043b\u044f native speaker-\u043e\u0432 \u0421\u0434\u0435\u043b\u0430\u0435\u043c SEO \u043f\u0440\u043e\u0434\u0432\u0438\u0436\u0435\u043d\u0438\u0435 \u043d\u0430 \u0430\u043d\u0433\u043b\u0438\u0439\u0441\u043a\u043e\u043c \u0417\u0430\u043f\u0443\u0441\u0442\u0438\u043c Google Ads \u0417\u0430\u043f\u0443\u0441\u0442\u0438\u043c Facebook &amp; Instagram \u0442\u0430\u0440\u0433\u0435\u0442\u0438\u043d\u0433 \u0440\u0435\u043a\u043b\u0430\u043c\u0443 \u041f\u0440\u0438\u0432\u0435\u0434\u0451\u043c \u043c\u0430\u043a\u0441\u0438\u043c\u0443\u043c \u043a\u043b\u0438\u0435\u043d\u0442\u043e\u0432 \u0432 \u0442\u0432\u043e\u0439 \u0431\u0438\u0437\u043d\u0435\u0441 \u0432 [&hellip;]<\/p>","protected":false},"author":4,"featured_media":10777,"parent":0,"menu_order":0,"comment_status":"closed","ping_status":"closed","template":"","meta":{"_et_pb_use_builder":"on","_et_pb_old_content":"","_et_gb_content_width":"","footnotes":""},"class_list":["post-10770","page","type-page","status-publish","has-post-thumbnail","hentry"],"_links":{"self":[{"href":"https:\/\/dits.md\/ro\/wp-json\/wp\/v2\/pages\/10770","targetHints":{"allow":["GET"]}}],"collection":[{"href":"https:\/\/dits.md\/ro\/wp-json\/wp\/v2\/pages"}],"about":[{"href":"https:\/\/dits.md\/ro\/wp-json\/wp\/v2\/types\/page"}],"author":[{"embeddable":true,"href":"https:\/\/dits.md\/ro\/wp-json\/wp\/v2\/users\/4"}],"replies":[{"embeddable":true,"href":"https:\/\/dits.md\/ro\/wp-json\/wp\/v2\/comments?post=10770"}],"version-history":[{"count":12,"href":"https:\/\/dits.md\/ro\/wp-json\/wp\/v2\/pages\/10770\/revisions"}],"predecessor-version":[{"id":10834,"href":"https:\/\/dits.md\/ro\/wp-json\/wp\/v2\/pages\/10770\/revisions\/10834"}],"wp:featuredmedia":[{"embeddable":true,"href":"https:\/\/dits.md\/ro\/wp-json\/wp\/v2\/media\/10777"}],"wp:attachment":[{"href":"https:\/\/dits.md\/ro\/wp-json\/wp\/v2\/media?parent=10770"}],"curies":[{"name":"wp","href":"https:\/\/api.w.org\/{rel}","templated":true}]}}