{"id":8378,"date":"2019-04-09T13:35:27","date_gmt":"2019-04-09T13:35:27","guid":{"rendered":"https:\/\/dits.md\/?page_id=8378"},"modified":"2021-08-21T10:30:54","modified_gmt":"2021-08-21T08:30:54","slug":"hosting-i-domen","status":"publish","type":"page","link":"https:\/\/dits.md\/az\/hosting-i-domen\/","title":{"rendered":"Hostinq v\u0259 domen"},"content":{"rendered":"<p>[et_pb_section fb_built=&#187;1&#8243; _builder_version=&#187;3.22&#8243;][et_pb_row column_structure=&#187;1_2,1_2&#8243; _builder_version=&#187;3.25&#8243;][et_pb_column type=&#187;1_2&#8243; _builder_version=&#187;3.25&#8243; custom_padding=&#187;|||&#187; custom_padding__hover=&#187;|||&#187;][et_pb_blurb title=&#187;\u0427\u0442\u043e \u0442\u0430\u043a\u043e\u0435 \u0414\u043e\u043c\u0435\u043d?&#187; use_icon=&#187;on&#187; font_icon=&#187;%%165%%&#187; icon_placement=&#187;left&#187; use_icon_font_size=&#187;on&#187; icon_font_size=&#187;71px&#187; _builder_version=&#187;4.0.2&#8243; header_level=&#187;h1&#8243; header_font=&#187;||||||||&#187;]<\/p>\n<p>Bu sayt\u0131n ad\u0131, sayt\u0131n \u00fcnvan\u0131, sayta ke\u00e7id - sad\u0259 izahat \u00fc\u00e7\u00fcn bir \u00e7ox variant var v\u0259 ham\u0131s\u0131 d\u00fczg\u00fcnd\u00fcr.<\/p>\n<p>M\u0259s\u0259l\u0259n, bizim veb sayt\u0131m\u0131z\u0131n domeni var - dits.md v\u0259 onu brauzerin \u00fcnvan \u00e7ubu\u011funda, sa\u011fdak\u0131 \u015f\u0259kild\u0259 g\u00f6rm\u0259k olar.<\/p>\n<p>dits.md \u015firk\u0259timizin ad\u0131n\u0131n abbreviaturas\u0131d\u0131r, kifay\u0259t q\u0259d\u0259r geni\u015fdir v\u0259 \u0130T m\u00f6vzular\u0131 \u00fc\u00e7\u00fcn uy\u011fundur, buna g\u00f6r\u0259 d\u0259 biz buna q\u0259rar verdik.<\/p>\n<p>[\/et_pb_blurb][\/et_pb_column][et_pb_column type=&#187;1_2&#8243; _builder_version=&#187;3.25&#8243; custom_padding=&#187;|||&#187; custom_padding__hover=&#187;|||&#187;][et_pb_image src=&#187;https:\/\/dits.md\/wp-content\/uploads\/domain.jpg&#187; align_tablet=&#187;center&#187; align_phone=&#187;&#187; align_last_edited=&#187;on|desktop&#187; _builder_version=&#187;4.0.2&#8243; height=&#187;191px&#187;][\/et_pb_image][et_pb_text _builder_version=&#187;4.0.2&#8243;]\u041a\u0443\u043f\u0438\u0442\u044c \u0434\u043e\u043c\u0435\u043d\u044b .md \u043c\u043e\u0436\u043d\u043e \u0442\u0443\u0442 <a href=\"https:\/\/nic.md\/\" rel=\"nofollow noopener\" target=\"_blank\">nic.md<\/a><br \/>\n\u041a\u0443\u043f\u0438\u0442\u044c \u0434\u043e\u043c\u0435\u043d\u044b \u0434\u0440\u0443\u0433\u0438\u0435 \u043c\u043e\u0436\u043d\u043e \u043d\u0430 godaddy.com \u0438\u043b\u0438 reg.ru[\/et_pb_text][\/et_pb_column][\/et_pb_row][\/et_pb_section][et_pb_section fb_built=&#187;1&#8243; _builder_version=&#187;3.22&#8243;][et_pb_row column_structure=&#187;3_5,2_5&#8243; _builder_version=&#187;3.25&#8243;][et_pb_column type=&#187;3_5&#8243; _builder_version=&#187;3.25&#8243; custom_padding=&#187;|||&#187; custom_padding__hover=&#187;|||&#187;][et_pb_blurb title=&#187;\u0427\u0442\u043e \u0442\u0430\u043a\u043e\u0435 \u0425\u043e\u0441\u0442\u0438\u043d\u0433?&#187; use_icon=&#187;on&#187; font_icon=&#187;%%146%%&#187; icon_placement=&#187;left&#187; use_icon_font_size=&#187;on&#187; icon_font_size=&#187;71px&#187; _builder_version=&#187;4.0.2&#8243; header_level=&#187;h1&#8243; header_font=&#187;||||||||&#187;]<\/p>\n<p>Hostinq veb sayt\u0131n\u0131z\u0131n saxland\u0131\u011f\u0131 v\u0259 i\u015fl\u0259dildiyi yerdir.<\/p>\n<p>M\u00fcxt\u0259lif hostinq n\u00f6vl\u0259ri var:<\/p>\n<ul>\n<li>payla\u015f\u0131lan, y\u0259ni. payla\u015f\u0131lan hosting, \u0259n ucuz v\u0259 \u0259n z\u0259if;<\/li>\n<li>VPS - virtual \u015f\u0259xsi server, daha bahal\u0131 v\u0259 g\u00fccl\u00fc;<\/li>\n<li>Dedicated Server - ayr\u0131ca g\u00fccl\u00fc server, bahal\u0131 v\u0259 g\u00fccl\u00fc h\u0259ll;<\/li>\n<\/ul>\n<p>Hostinq se\u00e7m\u0259k m\u00fch\u00fcm v\u0259zif\u0259dir v\u0259 tamamil\u0259 layih\u0259nin qar\u015f\u0131s\u0131nda duran v\u0259zif\u0259l\u0259rd\u0259n as\u0131l\u0131d\u0131r. M\u0259s\u0259l\u0259n, adi vizit kart\u0131 vebsayt\u0131 v\u0259 ki\u00e7ik onlayn ma\u011faza etibarl\u0131 payla\u015f\u0131lan hostinq t\u0259l\u0259b ed\u0259c\u0259k, lakin daha m\u00fcr\u0259kk\u0259b layih\u0259l\u0259r daha g\u00fccl\u00fc hostinq t\u0259l\u0259b edir.<\/p>\n<p>&nbsp;<\/p>\n<p>[\/et_pb_blurb][\/et_pb_column][et_pb_column type=&#187;2_5&#8243; _builder_version=&#187;3.25&#8243; custom_padding=&#187;|||&#187; custom_padding__hover=&#187;|||&#187;][et_pb_text _builder_version=&#187;4.0.2&#8243;]\u041c\u044b \u0440\u0435\u043a\u043e\u043c\u0435\u043d\u0434\u0443\u0435\u043c <a href=\"https:\/\/my.hawkhost.com\/aff.php?aff=9756\" rel=\"nofollow noopener\" target=\"_blank\">Hawk Host<\/a>, \u043a\u0430\u043a \u043f\u0440\u043e\u0432\u0430\u0439\u0434\u0435\u0440\u0430 Shared \u0445\u043e\u0441\u0442\u0438\u043d\u0433\u0430[\/et_pb_text][et_pb_image src=&#187;https:\/\/dits.md\/wp-content\/uploads\/logo-hawk.png&#187; url=&#187;https:\/\/my.hawkhost.com\/aff.php?aff=9756&#8243; url_new_window=&#187;on&#187; align=&#187;center&#187; _builder_version=&#187;4.0.2&#8243;][\/et_pb_image][et_pb_text _builder_version=&#187;4.8.0&#8243; hover_enabled=&#187;0&#8243; sticky_enabled=&#187;0&#8243;]<\/p>\n<p>Biz t\u00f6vsiy\u0259 edirik <a href=\"https:\/\/www.anrdoezrs.net\/click-100361200-15022370\" rel=\"nofollow noopener\" target=\"_blank\">Contabo<\/a> \u2014 VPS h\u0259ll\u0259ri t\u0259minat\u00e7\u0131s\u0131 kimi<\/p>\n<p>[\/et_pb_text][et_pb_image src=&#187;https:\/\/dits.md\/wp-content\/uploads\/4ca80773b0.jpg&#187; url=&#187; https:\/\/www.anrdoezrs.net\/click-100361200-15022370&#8243; url_new_window=&#187;on&#187; align=&#187;center&#187; _builder_version=&#187;4.8.0&#8243; hover_enabled=&#187;0&#8243; title_text=&#187;4ca80773b0&#8243; sticky_enabled=&#187;0&#8243;][\/et_pb_image][\/et_pb_column][\/et_pb_row][\/et_pb_section]<\/p>","protected":false},"excerpt":{"rendered":"<p>\u042d\u0442\u043e \u0438\u043c\u044f \u0441\u0430\u0439\u0442\u0430, \u0430\u0434\u0440\u0435\u0441 \u0441\u0430\u0439\u0442\u0430, \u0441\u0441\u044b\u043b\u043a\u0430 \u043d\u0430 \u0441\u0430\u0439\u0442 &#8212; \u0432\u0430\u0440\u0438\u0430\u043d\u0442\u043e\u0432 \u043f\u0440\u043e\u0441\u0442\u043e\u0433\u043e \u043f\u043e\u044f\u0441\u043d\u0435\u043d\u0438\u044f \u043c\u043d\u043e\u0433\u043e \u0438 \u0432\u0441\u0435 \u043e\u043d\u0438 \u0432\u0435\u0440\u043d\u044b. \u041a \u043f\u0440\u0438\u043c\u0435\u0440\u0443 \u043d\u0430\u0448 \u0441\u0430\u0439\u0442 \u0438\u043c\u0435\u0435\u0442 \u0434\u043e\u043c\u0435\u043d &#8212; dits.md \u0438 \u0435\u0433\u043e \u043c\u043e\u0436\u043d\u043e \u0443\u0432\u0438\u0434\u0435\u0442\u044c \u0432 \u0430\u0434\u0440\u0435\u0441\u043d\u043e\u0439 \u0441\u0442\u0440\u043e\u043a\u0435 \u0431\u0440\u0430\u0443\u0437\u0435\u0440\u0430, \u043d\u0430 \u043a\u0430\u0440\u0442\u0438\u043d\u043a\u0435 \u0441\u043f\u0440\u0430\u0432\u0430. dits.md \u044d\u0442\u043e \u0441\u043e\u043a\u0440\u0430\u0449\u0435\u043d\u0438\u0435 \u043d\u0430\u0437\u0432\u0430\u043d\u0438\u044f \u043d\u0430\u0448\u0435\u0439 \u043a\u043e\u043c\u043f\u0430\u043d\u0438\u0438, \u043e\u043d\u043e \u0434\u043e\u0441\u0442\u0430\u0442\u043e\u0447\u043d\u043e \u0451\u043c\u043a\u043e\u0435 \u0438 \u043f\u043e\u0434\u0445\u043e\u0434\u0438\u0442 \u0434\u043b\u044f \u0418\u0422 \u0442\u0435\u043c\u0430\u0442\u0438\u043a\u0438, \u0438\u043c\u0435\u043d\u043d\u043e \u043f\u043e \u044d\u0442\u043e\u043c\u0443 \u043c\u044b \u043e\u0441\u0442\u0430\u043d\u043e\u0432\u0438\u043b\u0438\u0441\u044c [&hellip;]<\/p>","protected":false},"author":4,"featured_media":0,"parent":0,"menu_order":0,"comment_status":"closed","ping_status":"closed","template":"","meta":{"_et_pb_use_builder":"on","_et_pb_old_content":"","_et_gb_content_width":"","footnotes":""},"class_list":["post-8378","page","type-page","status-publish","hentry"],"_links":{"self":[{"href":"https:\/\/dits.md\/az\/wp-json\/wp\/v2\/pages\/8378","targetHints":{"allow":["GET"]}}],"collection":[{"href":"https:\/\/dits.md\/az\/wp-json\/wp\/v2\/pages"}],"about":[{"href":"https:\/\/dits.md\/az\/wp-json\/wp\/v2\/types\/page"}],"author":[{"embeddable":true,"href":"https:\/\/dits.md\/az\/wp-json\/wp\/v2\/users\/4"}],"replies":[{"embeddable":true,"href":"https:\/\/dits.md\/az\/wp-json\/wp\/v2\/comments?post=8378"}],"version-history":[{"count":8,"href":"https:\/\/dits.md\/az\/wp-json\/wp\/v2\/pages\/8378\/revisions"}],"predecessor-version":[{"id":11499,"href":"https:\/\/dits.md\/az\/wp-json\/wp\/v2\/pages\/8378\/revisions\/11499"}],"wp:attachment":[{"href":"https:\/\/dits.md\/az\/wp-json\/wp\/v2\/media?parent=8378"}],"curies":[{"name":"wp","href":"https:\/\/api.w.org\/{rel}","templated":true}]}}