{"id":7579,"date":"2019-02-14T15:54:09","date_gmt":"2019-02-14T15:54:09","guid":{"rendered":"https:\/\/dits.md\/?page_id=7579"},"modified":"2026-02-20T14:38:29","modified_gmt":"2026-02-20T12:38:29","slug":"amocrm","status":"publish","type":"page","link":"https:\/\/dits.md\/az\/amocrm\/","title":{"rendered":"amoCRM"},"content":{"rendered":"<p>[et_pb_section fb_built=&#187;1&#8243; _builder_version=&#187;4.16&#8243; background_image=&#187;https:\/\/dits.md\/wp-content\/uploads\/0423.jpg&#187; parallax=&#187;on&#187; global_colors_info=&#187;{}&#187;][et_pb_row _builder_version=&#187;4.16&#8243; global_colors_info=&#187;{}&#187;][et_pb_column type=&#187;4_4&#8243; _builder_version=&#187;4.16&#8243; global_colors_info=&#187;{}&#187;][et_pb_text _builder_version=&#187;4.22.2&#8243; header_font=&#187;|600|||||||&#187; header_text_align=&#187;center&#187; header_text_color=&#187;#ffffff&#187; header_font_size=&#187;36px&#187; global_colors_info=&#187;{}&#187;]<\/p>\n<h1>Moldovada amoCRM<\/h1>\n<p>[\/et_pb_text][\/et_pb_column][\/et_pb_row][\/et_pb_section][et_pb_section fb_built=&#187;1&#8243; _builder_version=&#187;4.16&#8243; global_colors_info=&#187;{}&#187;][et_pb_row column_structure=&#187;1_2,1_2&#8243; _builder_version=&#187;4.16&#8243; global_colors_info=&#187;{}&#187;][et_pb_column type=&#187;1_2&#8243; _builder_version=&#187;4.16&#8243; custom_padding=&#187;|||&#187; global_colors_info=&#187;{}&#187; custom_padding__hover=&#187;|||&#187;][et_pb_text _builder_version=&#187;4.22.2&#8243; header_font=&#187;||||||||&#187; header_text_align=&#187;left&#187; global_colors_info=&#187;{}&#187;]<\/p>\n<h2><strong>Bir m\u00fc\u015ft\u0259rinizi d\u0259 itirm\u0259yin!<\/strong><\/h2>\n<p>&nbsp;<\/p>\n<h2><strong>amoCRM siz\u0259 liderliyi qoruyub m\u00fc\u015ft\u0259riy\u0259 \u00e7evirm\u0259y\u0259 k\u00f6m\u0259k ed\u0259c\u0259k!<\/strong><\/h2>\n<p>Siz h\u0259l\u0259 d\u0259 sor\u011fular\u0131 qeyd edir, qeydl\u0259r apar\u0131r, ka\u011f\u0131z \u00fcz\u0259rind\u0259 sat\u0131\u015f analitikas\u0131n\u0131 apar\u0131rs\u0131n\u0131z? B\u00fct\u00fcn g\u0259l\u0259n potensial m\u00fc\u015ft\u0259ril\u0259ri idar\u0259 etm\u0259y\u0259 v\u0259 onlardan he\u00e7 birini itirm\u0259m\u0259y\u0259 imkan ver\u0259n \u0259la sistem haqq\u0131nda n\u0259 dem\u0259k olar? Maraql\u0131d\u0131r?<\/p>\n<p>Onda amoCRM CRM bazar\u0131nda \u0259n yax\u015f\u0131 se\u00e7iml\u0259rd\u0259n biridir(<em>M\u00fc\u015ft\u0259ri m\u00fcnasib\u0259tl\u0259rinin idar\u0259 edilm\u0259si<\/em>) sisteml\u0259ri!<\/p>\n<p>Sayta asanl\u0131qla inteqrasiya olunmu\u015f, istifad\u0259si rahat, ayd\u0131n v\u0259 sad\u0259 sistemdir!<\/p>\n<p>&nbsp;<\/p>\n<h2>Yeri g\u0259lmi\u015fk\u0259n, biz Moldovada amoCRM-in r\u0259smi v\u0259 sertifikatl\u0131 partnyoruyuq!<\/h2>\n<p>[\/et_pb_text][\/et_pb_column][et_pb_column type=\u201d1_2\u2033 _builder_version=\u201d4.16\u2033 custom_padding=\u201d|||\u201d global_colors_info=\u00bb{}\u00bb custom_padding__hover=\u00bb|||\u00bb][et_pb_image src=\u00bbhttps:\/\/dits.md\/wp-content\/uploads\/amocrm.jpg\u00bb url_new_window=\u00bbon\u00bb align_tablet=\u00bbcenter\u00bb align_phone=\u00bb \u00bb align_last_edited=\u00bbon|desktop\u00bb _builder_version=\u00bb4.16\u2033 global_colors_info=\u00bb{}\u00bb][\/et_pb_image][\/et_pb_column][\/et_pb_row][\/et_pb_section][et_pb_section fb_built=1\u201dbuilt.\u2033_built ya\u015f = \u00bbhttps:\/\/dits.md\/wp-content\/uploads\/0423.jpg\u00bb parallax=\u00bbon\u00bb global_colors_info=\u00bb{}\u00bb][et_pb_row column_structure=\u00bb2_3,1_3\u2033 _builder_version=\u00bb4.16\u2033 custom_csslement=di_play:di_play flex;||flex-wrap: wrap;||align-mates: center;&quot; global_colors_info=\u201d{}\u201d][et_pb_column type=\u201d2_3\u2033 _builder_version=\u201d4.16\u2033 custom_padding=\u201d|||\u201d global_colors_info=\u00bb{}\u00bb custom_padding__hover=\u00bb|||\u00bb][et_pb_text _builder_version=\u00bb4.16\u2033 header_font=\u00bb||||||||\u00bb header_3_font=\u201d|600|||||||\u201d header_3_text_align=\u201dcenter\u201d header_3_text_color=\u201d#ffffff\u201d header_3_font_size=\u201d39px\u201d global_colors_info=\u201d{}\u201d]<\/p>\n<h3 style=\"text-align: center;\">H\u0259l\u0259 suallar\u0131n\u0131z var? G\u0259lin m\u00fczakir\u0259 ed\u0259k!<\/h3>\n<p>[\/et_pb_text][\/et_pb_column][et_pb_column type=\u201d1_3\u2033 _builder_version=\u201d4.16\u2033 custom_padding=\u201d|||\u201d global_colors_info=\u00bb{}\u00bb custom_padding__hover=\u00bb|||\u00bb][et_pb_button button_text=\u00bb\u0130ndi m\u00fcraci\u0259t et\u00bb button_alignment=\u00bbm\u0259rk\u0259z\u00bb module_class=\u00bbopen-call-me\u00bb _builder_version=\u00bb4.16\u2033 custom_button=\u00bbon\u00bb button_font |||||||&quot; button_icon=\u00bbl||divi||400\u2033 background_layout=\u00bbqaranl\u0131q\u00bb global_colors_info=\u00bb{}\u00bb button_text_size__hover_enabled=\u00bboff\u00bb button_text_size__hover=\u00bbnull\u00bb button_one_text_size__hover_enabled=_text_size__hover_enabled=_text_size __hover_enabled=\u00bb deaktiv&quot; d\u00fcym\u0259si_two_text_size__hover=&quot; null&quot; button_text_color__hover_enabled=&quot;off&quot; button_text_color__hover=&quot;null&quot; button_one_text_color__hover_enabled=&quot;off&quot; button_one_text_color__hover=&quot;null&quot; button_two_text_color__hover_enabled=&quot;text&quot; button_what=&quot;on&quot; enabled=&quot;off button_border_wid&quot; th__hover=\u201dnull\u201d button_one_border_width__hover_enabled=\u201doff\u201d button_one_border_width__hover= \u201d null\u00bb button_two_border_width__hover_enabled=\u00bboff\u00bb button_two_border_width__hover=\u00bbnull\u00bb button_border_color__hover_enabled=\u00bboff\u00bb button_border_color__hover=\u00bbnull\u00bb button_one_border_color__hover_enabled=\u00bbwhover_on_\u00bb border_color__hover_enabled= &quot;off&quot; button_two_border_color__hover=&quot;null&quot; button_border_radius__hover_enabled=&quot;off&quot; button_border_radius__hover= &quot; null\u00bb button_one_border_radius__hover_enabled=\u00bboff\u00bb button_one_border_radius__hover=\u00bbnull\u00bb button_two_border_radius__hover_enabled=\u00bboff\u00bb button_two_border_radius__hover=\u00bbnull\u00bb button_letter_spacing=\u00bbnull&quot; one_letter_spacing__h over_enabled=&quot;off&quot; button_one_letter_spacing__hover=&quot;null&quot; button_two_letter_spacing__hover_enabled=&quot;off&quot; button_two_letter_spacing__hover =&quot; null\u00bb button_bg_color__hover_enabled=\u00bboff\u00bb button_bg_color__hover=\u00bbnull\u00bb button_one_bg_color__hover_enabled=\u00bboff\u00bb button_one_bg_color__hover=\u00bbnull\u00bb button_two_bg_color__hover_off_enabled=\u00bbnull&quot;hover_enabled]<br \/>\n[\/et_pb_button][\/et_pb_column][\/et_pb_row][et_pb_row disabled_on=\u00bbon|on|on\u00bb admin_label=\u00bbSlick skript i\u015f\u0259 sal\u0131n\u0131r\u00bb _builder_version=\u00bb4.16\u2033 global_colors_info=\u00bb{}_\u00bb][et_npb_n\u00f6v\u00fc=\u00bb{}_\u00bb][_b] =&quot;4.16&quot; custom_padding=&quot;|||&quot; global_colors_info=\u201d{}\u201d custom_padding__hover=\u201d|||\u201d][et_pb_code _builder_version=\u201d4.16\u2033 global_colors_info=\u201d{}\u201d]<script text= \"text\/javascript\">jQuery(function($){$('.dits-sl-sliders').slick({ infinite: true, lazyLoad: 'progressive', slidesToShow: 6, slidesToScroll: 1, autoplay: true, autoplaySpeed: 2000,responsive: [{ breakpoint: 1024, settings: { slidesToShow: 2, } }, { breakpoint: 600, settings: { slidesToShow: 1, } }, { breakpoint: 300, settings: \"unslick\"  }] });});<\/script>[\/et_pb_code][\/et_pb_column][\/et_pb_row][\/et_pb_section]<\/p>","protected":false},"excerpt":{"rendered":"<p>Moldovada amoCRMBir m\u00fc\u015ft\u0259ri itirm\u0259yin!  amoCRM siz\u0259 liderliyi qoruyub m\u00fc\u015ft\u0259riy\u0259 \u00e7evirm\u0259y\u0259 k\u00f6m\u0259k ed\u0259c\u0259k! Siz h\u0259l\u0259 d\u0259 sor\u011fular\u0131 qeyd edir, qeydl\u0259r apar\u0131r, ka\u011f\u0131z \u00fcz\u0259rind\u0259 sat\u0131\u015f analitikas\u0131n\u0131 apar\u0131rs\u0131n\u0131z? B\u00fct\u00fcn g\u0259l\u0259n potensial m\u00fc\u015ft\u0259ril\u0259ri idar\u0259 etm\u0259y\u0259 v\u0259 onlardan he\u00e7 birini itirm\u0259m\u0259y\u0259 imkan ver\u0259n \u0259la sistem haqq\u0131nda n\u0259 dem\u0259k olar? Maraql\u0131d\u0131r? Sonra amoCRM bazarda \u0259n yax\u015f\u0131 se\u00e7iml\u0259rd\u0259n biridir [...]<\/p>","protected":false},"author":4,"featured_media":11190,"parent":0,"menu_order":0,"comment_status":"closed","ping_status":"closed","template":"","meta":{"_et_pb_use_builder":"on","_et_pb_old_content":"","_et_gb_content_width":"","footnotes":""},"class_list":["post-7579","page","type-page","status-publish","has-post-thumbnail","hentry"],"_links":{"self":[{"href":"https:\/\/dits.md\/az\/wp-json\/wp\/v2\/pages\/7579","targetHints":{"allow":["GET"]}}],"collection":[{"href":"https:\/\/dits.md\/az\/wp-json\/wp\/v2\/pages"}],"about":[{"href":"https:\/\/dits.md\/az\/wp-json\/wp\/v2\/types\/page"}],"author":[{"embeddable":true,"href":"https:\/\/dits.md\/az\/wp-json\/wp\/v2\/users\/4"}],"replies":[{"embeddable":true,"href":"https:\/\/dits.md\/az\/wp-json\/wp\/v2\/comments?post=7579"}],"version-history":[{"count":12,"href":"https:\/\/dits.md\/az\/wp-json\/wp\/v2\/pages\/7579\/revisions"}],"predecessor-version":[{"id":16903,"href":"https:\/\/dits.md\/az\/wp-json\/wp\/v2\/pages\/7579\/revisions\/16903"}],"wp:featuredmedia":[{"embeddable":true,"href":"https:\/\/dits.md\/az\/wp-json\/wp\/v2\/media\/11190"}],"wp:attachment":[{"href":"https:\/\/dits.md\/az\/wp-json\/wp\/v2\/media?parent=7579"}],"curies":[{"name":"wp","href":"https:\/\/api.w.org\/{rel}","templated":true}]}}