{"id":4176,"date":"2018-07-16T19:21:13","date_gmt":"2018-07-16T19:21:13","guid":{"rendered":"https:\/\/dits.md\/?page_id=4176"},"modified":"2025-11-10T20:24:25","modified_gmt":"2025-11-10T18:24:25","slug":"vakansii","status":"publish","type":"page","link":"https:\/\/dits.md\/az\/vakansii\/","title":{"rendered":"Vakansiyalar"},"content":{"rendered":"<p>[et_pb_section fb_built=\u00bb1\u2033 _builder_version=\u00bb4.16\u2033 background_image=\u00bbhttps:\/\/dits.md\/wp-content\/uploads\/paralax-background.jpg\u00bb global_colors_info=\u00bb{}\u00bb][et_pb_row \u2033 _builder_version _info=6]builder. =\u00bb{}\u00bb][et_pb_column type=\u00bb4_4\u2033 _builder_version=\u00bb4.16\u2033 global_colors_info=\u00bb{}\u00bb][et_pb_text _builder_version=\u00bb4.16\u2033 text_font=\u00bb|600||||||\u00bb text_text_color=\u201d#ffffff\u201d text_font_size=\u201d39px\u201d text_orientation=\u201dcenter\u201d global_colors_info=\u201d{}\u201d]<\/p>\n<p>Vakansiyalar<\/p>\n<p>[\/et_pb_text][\/et_pb_column][\/et_pb_row][\/et_pb_section][et_pb_section fb_built=\u00bb1\u2033 admin_label=\u00bbb\u00f6lm\u0259\u00bb _builder_version=\u00bb4.16\u2033 custom_padding=\u00bb|||\u00bb global_colors_info=\u201d{}\u201d][et_pb_row column_structure=\u201d1_2,1_2\u2033 admin_label=\u201drow\u201d _builder_version=\u201d4.16\u2033 background_size=\u201dinitial\u201d background_position=\u201dtop_left\u201d background_repeat=\u201drepeat\u201d global_colors][\u201d{b_set type=\u201d1_2\u2033 _builder_version=\u201d4.16\u2033 custom_padding=\u201d|||\u201d custom_padding_tablet=&quot;&quot; custom_padding_phone=&quot;&quot; custom_padding_last_edited=&quot;on|masa\u00fcst\u00fc&quot; global_colors_info=&quot;{}&quot; custom_padding__hover=&quot;|||&quot;][et_pb_image src=&quot;https:\/\/dits.md\/wp-content\/uploads\/team- 1.png&quot; align_tablet=&quot;center&quot; align_phone=&quot;&quot; align_last_edited=&quot;on|masa\u00fcst\u00fc&quot; _builder_version=&quot;4.16\u2033 global_colors_info=&quot;{}&quot;][\/et_pb_image][\/et_pb_column][et_pb_column type=&quot;1_2&quot;_der 4.16\u2033 custom_padding=\u201d|||\u201d global_colors_info=\u00bb{}\u00bb custom_padding__hover=\u00bb|||\u00bb][et_pb_text admin_label=\u00bbM\u0259tn\u00bb _builder_version=\u00bb4.16\u2033 text_font=\u00bb||||||||\u00bb header_font=\u201d||||||||\u201d header_2_font=\u201d||||||||\u201d header_2_text_color=\u201d#666666\u2033 background_size=\u201dinitial\u201d background_position=\u201dtop_left\u201d background_repeat=\u201drepeat\u201d use_border_color=\u201doff\u201d border_color=\u201d#ffffff\u201d border_style=\u201db\u0259rk\u201d global_colors_info=\u201d]}<\/p>\n<p>DITS \u015firk\u0259ti \u0130nternet marketinqi v\u0259 veb inki\u015faf\u0131nda i\u015fl\u0259m\u0259k v\u0259 inki\u015faf etm\u0259kd\u0259 maraql\u0131 olan insanlar\u0131 axtar\u0131r.<\/p>\n<p>\u018fg\u0259r vakansiya il\u0259 maraqlan\u0131rs\u0131n\u0131zsa, lakin bacar\u0131qlar\u0131n\u0131za \u0259min deyilsinizs\u0259, CV-nizi g\u00f6nd\u0259rin, biz onu n\u0259z\u0259rd\u0259n ke\u00e7ir\u0259k v\u0259 ist\u0259nil\u0259n halda cavab ver\u0259c\u0259yik.<\/p>\n<p>Bizi t\u0259kc\u0259 y\u00fcks\u0259k s\u0259viyy\u0259li m\u00fct\u0259x\u0259ssisl\u0259r deyil, h\u0259m d\u0259 ki\u00e7ik v\u0259 tam yeni ba\u015flayanlar maraqland\u0131r\u0131r, \u00e7\u00fcnki biz m\u0259\u015fq ed\u0259, m\u0259sl\u0259h\u0259t ver\u0259 v\u0259 istiqam\u0259tl\u0259ndir\u0259 bil\u0259rik!<\/p>\n<p>[\/et_pb_text][\/et_pb_column][\/et_pb_row][\/et_pb_section][et_pb_section fb_built=\u00bb1\u2033 _builder_version=\u00bb4.16\u2033 background_enable_color=\u00bboff\u00bb global_colors_info=\u00bb{}_\u00bb][1\u00bbc s\u00fctunu=\u00bb{}_\u00bb][1\u00bbc; \u2033 _builder_version=\u201d4.16\u2033 global_colors_info=\u201d{}\u201d][et_pb_column type=\u201d1_3\u2033 _builder_version=\u201d4.16\u2033 custom_padding=\u201d|||\u201d global_colors_info=\u00bb{}\u00bb custom_padding__hover=\u00bb|||\u00bb][et_pb_blurb title=\u00bbBizi maraqland\u0131rmayanlar:\u00bb use_icon=\u00bbon\u00bb font_icon=\u00bbQ||divi||400\u2033 icon_color=\u00bb#3f1c6c\u00bb icon_placement =\u00bbsol \u00bb _builder_version=\u00bb4.16\u2033 global_colors_info=\u00bb{}\u00bb]<\/p>\n<ul>\n<li>yerl\u0259\u015fdiyiniz yer;<\/li>\n<li>m\u0259rt\u0259b\u0259;<\/li>\n<li>ya\u015f;<\/li>\n<li>din;<\/li>\n<li>v\u0259 s. \u015f\u0259xsi anlar<\/li>\n<\/ul>\n<p>[\/et_pb_blurb][\/et_pb_column][et_pb_column type=\u201d1_3\u2033 _builder_version=\u201d4.16\u2033 custom_padding=\u201d|||\u201d global_colors_info=\u00bb{}\u00bb custom_padding__hover=\u00bb|||\u00bb][et_pb_blurb title=\u00bbBizim \u00fc\u00e7\u00fcn vacib olan:\u00bb use_icon=\u00bbon\u00bb font_icon=\u00bbR||divi||400\u2033 icon_color=\u00bb#3f1c6c\u00bb icon_placement=\u00bb sol\u00bb _builder_version=\u201d4.16\u2033 global_colors_info=\u201d{}\u201d]<\/p>\n<ul>\n<li>inki\u015faf etm\u0259k arzusu;<\/li>\n<li>komandada i\u015fl\u0259m\u0259k arzusu;<\/li>\n<li>\u00f6z\u00fcn\u00fct\u0259nqid;<\/li>\n<li>dill\u0259r - ru, en, ro (iste\u011fe ba\u011fl\u0131);<\/li>\n<li>cavab axtarmaq bacar\u0131\u011f\u0131;<\/li>\n<\/ul>\n<p>[\/et_pb_blurb][\/et_pb_column][et_pb_column type=\u201d1_3\u2033 _builder_version=\u201d4.16\u2033 custom_padding=\u201d|||\u201d global_colors_info=\u00bb{}\u00bb custom_padding__hover=\u00bb|||\u00bb][et_pb_blurb title=\u00bbT\u0259klif etdiyimiz \u015fey:\u00bb use_icon=\u00bbon\u00bb font_icon=\u00bb\ue00a||divi||400\u2033 icon_color=\u00bb#3f1c6c\u00bb icon_placement=\u00bble _builder_version=\u201d4.16\u2033 global_colors_info=\u201d{}\u201d]<\/p>\n<ul>\n<li>komanda i\u015fi;<\/li>\n<li>i\u015fin adekvat qiym\u0259tl\u0259ndirilm\u0259si;<\/li>\n<li>vaxt\u0131nda \u00f6d\u0259ni\u015f;<\/li>\n<li>t\u0259lim;<\/li>\n<li>komanda il\u0259 b\u00f6y\u00fcm\u0259k;<\/li>\n<\/ul>\n<p>[\/et_pb_blurb][\/et_pb_column][\/et_pb_row][\/et_pb_section][et_pb_section fb_built=\u00bb1\u2033 _builder_version=\u00bb4.16\u2033 background_image=\u00bbhttps:\/\/dits.md\/wp-content\/laxploads \u00bb global_colors_info=\u00bb{}\u00bb][et_pb_row _builder_version=\u00bb4.16\u2033 global_colors_info=\u00bb{}\u00bb][et_pb_column type=\u00bb4_4\u2033 _builder_version=\u00bb4.16\u2033 global_colors_info=\u00bb{}_t][et_\u00bbbder_ext=1\u00bbbder = &quot;|600|||||||&quot; text_text_color=\u201d#ffffff\u201d text_font_size=\u201d39px\u201d text_orientation=\u201dcenter\u201d global_colors_info=\u201d{}\u201d]<\/p>\n<p>Haz\u0131rda komandam\u0131za qo\u015fulmaq \u00fc\u00e7\u00fcn kimi axtar\u0131r\u0131q?<\/p>\n<p>[\/et_pb_text][\/et_pb_column][\/et_pb_row][\/et_pb_section][et_pb_section fb_built=\u00bb1\u2033 _builder_version=\u00bb4.16\u2033 global_colors_info=\u00bb{}\u00bb][et_pb_row] _builder][6\u00bbcolorsion][6\u00bbcolors=4_1] et_pb_column type=\u201d4_4\u2033 _builder_version=\u201d4.16\u2033 custom_padding=\u201d|||\u201d global_colors_info=\u00bb{}\u00bb custom_padding__hover=\u00bb|||\u00bb][et_pb_text _builder_version=\u00bb4.16\u2033 text_font=\u00bb||||||||\u00bb text_font_size=\u201d18px\u201d text_orientation=\u201dcenter\u201d global_colors_info=\u201d{}\u201d]<\/p>\n<h2>\u0130ndi kimi axtar\u0131r\u0131q:<\/h2>\n<p>[\/et_pb_text][\/et_pb_column][\/et_pb_row][et_pb_row _builder_version=&#187;4.16&#8243; global_colors_info=&#187;{}&#187;][et_pb_column type=&#187;4_4&#8243; _builder_version=&#187;4.16&#8243; custom_padding=&#187;|||&#187; global_colors_info=&#187;{}&#187; custom_padding__hover=&#187;|||&#187;][et_pb_text _builder_version=&#187;4.24.2&#8243; hover_enabled=&#187;0&#8243; global_colors_info=&#187;{}&#187; sticky_enabled=&#187;0&#8243;]<\/p>\n<p style=\"text-align: center;\">Biziml\u0259 i\u015fl\u0259m\u0259k ist\u0259yirsinizs\u0259, z\u0259hm\u0259t olmasa saytda qeyd olunan \u0259laq\u0259 m\u0259lumatlar\u0131ndan istifad\u0259 ed\u0259r\u0259k biz\u0259 mesaj yaz\u0131n!<\/p>\n<p style=\"text-align: center;\">CV haz\u0131rlamaq, biz\u0259 kim oldu\u011funuzu, n\u0259 bildiyinizi v\u0259 s., CV-d\u0259 n\u0259l\u0259rin ba\u015f verdiyini yazma\u011f\u0131n\u0131z vacib deyil v\u0259 biz biliyi i\u015fl\u0259 v\u0259 \u00f6yr\u0259nm\u0259k ist\u0259yi il\u0259 s\u0131nay\u0131r\u0131q!<\/p>\n<p>[\/et_pb_text][\/et_pb_column][\/et_pb_row][et_pb_row _builder_version=&#187;4.24.2&#8243; _module_preset=&#187;default&#187; global_colors_info=&#187;{}&#187;][et_pb_column type=&#187;4_4&#8243; _builder_version=&#187;4.24.2&#8243; _module_preset=&#187;default&#187; global_colors_info=&#187;{}&#187;][et_pb_accordion admin_label=&#187;\u042d\u043b\u0435\u043c\u0435\u043d\u0442-\u0430\u043a\u043a\u043e\u0440\u0434\u0438\u043e\u043d&#187; _builder_version=&#187;4.27.0&#8243; _module_preset=&#187;default&#187; hover_enabled=&#187;0&#8243; global_colors_info=&#187;{}&#187; sticky_enabled=&#187;0&#8243;][et_pb_accordion_item title=&#187;Junior\/Midle CSS, HTML, WordPress, WooCommerce&#187; open=&#187;on&#187; _builder_version=&#187;4.27.0&#8243; _module_preset=&#187;default&#187; hover_enabled=&#187;0&#8243; global_colors_info=&#187;{}&#187; sticky_enabled=&#187;0&#8243;]<\/p>\n<div class=\"m8h3af8h l7ghb35v kjdc1dyq kmwttqpk gh25dzvf n3t5jt4f\">\n<div dir=\"auto\"><strong>Axtar\u0131ram: Junior\/Midle CSS, HTML, WordPress, WooCommerce<\/strong><\/div>\n<\/div>\n<div class=\"l7ghb35v kjdc1dyq kmwttqpk gh25dzvf jikcssrz n3t5jt4f\">\n<div dir=\"auto\">\u00a0<\/div>\n<div dir=\"auto\"><strong>T\u0259l\u0259bl\u0259r:<\/strong><\/div>\n<div dir=\"auto\">Dil biliyi: minimum \u0259sas ingilis dili<\/div>\n<div dir=\"auto\">Etibarl\u0131 bilik:<\/div>\n<div dir=\"auto\">HTML 5<\/div>\n<div dir=\"auto\">CSS 3 (flex, grid)<\/div>\n<div dir=\"auto\">WordPress<\/div>\n<div dir=\"auto\">Qutenberq<\/div>\n<div dir=\"auto\">Woocommerce<\/div>\n<div dir=\"auto\">\u00a0<\/div>\n<\/div>\n<div class=\"l7ghb35v kjdc1dyq kmwttqpk gh25dzvf jikcssrz n3t5jt4f\">\n<div dir=\"auto\"><strong>S\u0131f\u0131rdan yuxar\u0131 ist\u0259nil\u0259n s\u0259viyy\u0259d\u0259 bilik:<\/strong><\/div>\n<div dir=\"auto\">\u0130st\u0259nil\u0259n WP qurucusu, m\u0259s\u0259l\u0259n Elementor, Divi<\/div>\n<div dir=\"auto\">PHP<\/div>\n<div dir=\"auto\">Javascript<\/div>\n<div dir=\"auto\">jquery<\/div>\n<div dir=\"auto\">WP-d\u0259n ba\u015fqa dig\u0259r CMS xo\u015f g\u0259lmisiniz<\/div>\n<div dir=\"auto\">\u00a0<\/div>\n<\/div>\n<div class=\"l7ghb35v kjdc1dyq kmwttqpk gh25dzvf jikcssrz n3t5jt4f\">\n<div dir=\"auto\"><strong>Tap\u015f\u0131r\u0131qlar:<\/strong><\/div>\n<div dir=\"auto\">VPS-nin qura\u015fd\u0131r\u0131lmas\u0131 v\u0259 konfiqurasiyas\u0131<\/div>\n<div dir=\"auto\">WP-nin qura\u015fd\u0131r\u0131lmas\u0131 v\u0259 konfiqurasiyas\u0131<\/div>\n<div dir=\"auto\">Woocommerce-in qura\u015fd\u0131r\u0131lmas\u0131 v\u0259 konfiqurasiyas\u0131<\/div>\n<div dir=\"auto\">WP \u015fablonlar\u0131n\u0131n qura\u015fd\u0131r\u0131lmas\u0131 v\u0259 redakt\u0259 edilm\u0259si<\/div>\n<div dir=\"auto\">php, html, css, js fayllar\u0131n\u0131 redakt\u0259 edin<\/div>\n<div dir=\"auto\">\u00dc\u00e7\u00fcnc\u00fc t\u0259r\u0259f plaginl\u0259ri il\u0259 i\u015fl\u0259m\u0259k<\/div>\n<div dir=\"auto\">Veb sayt\u0131n inki\u015faf\u0131<\/div>\n<div dir=\"auto\">M\u00f6vcud saytlar\u0131n redakt\u0259 edilm\u0259si<\/div>\n<div dir=\"auto\">\u00a0<\/div>\n<\/div>\n<div class=\"l7ghb35v kjdc1dyq kmwttqpk gh25dzvf jikcssrz n3t5jt4f\">\n<div dir=\"auto\"><strong>N\u0259 t\u0259klif edirik:<\/strong><\/div>\n<div dir=\"auto\">M\u0259z\u0259nn\u0259 + saatl\u0131q tarif \u2013 i\u015f t\u0259cr\u00fcb\u0259si v\u0259 s\u00fcr\u0259ti artd\u0131qca saatda tarif art\u0131r<\/div>\n<div dir=\"auto\">Uzaq i\u015f<\/div>\n<div dir=\"auto\">Komanda i\u015fi<\/div>\n<div dir=\"auto\">T\u0259lim v\u0259 yard\u0131m<\/div>\n<div dir=\"auto\">\u00a0<\/div>\n<div dir=\"auto\"><strong>Sizd\u0259n n\u0259 laz\u0131md\u0131r:<\/strong><\/div>\n<div dir=\"auto\">Test tap\u015f\u0131r\u0131\u011f\u0131n\u0131 tamamlay\u0131n v\u0259 CV-nizl\u0259 birlikd\u0259 g\u00f6nd\u0259rin:<\/div>\n<\/div>\n<div class=\"l7ghb35v kjdc1dyq kmwttqpk gh25dzvf jikcssrz n3t5jt4f\">\n<div dir=\"auto\">CV-ni e-po\u00e7t vasit\u0259sil\u0259 g\u00f6nd\u0259rin <a href=\"mailto:info@dits.md\">info@dits.md<\/a><\/div>\n<div dir=\"auto\">\u00a0<\/div>\n<div dir=\"auto\">M\u0259\u015fq:<\/div>\n<div dir=\"auto\">\n<p>Haz\u0131rk\u0131 Repl.it n\u00fcmun\u0259sini a\u00e7\u0131n v\u0259 i\u015f\u0259 sal\u0131n, \u00f6z n\u00fcmun\u0259nizi qurmaq \u00fc\u00e7\u00fcn readme.md-ni izl\u0259yin.<br \/><a href=\"https:\/\/replit.com\/@IhorM1\/WordPress-SQLite#README.md\" rel=\"nofollow noopener\" target=\"_blank\">https:\/\/replit.com\/@IhorM1\/WordPress-SQLite#README.md<\/a><\/p>\n<p>WordPress etimadnam\u0259l\u0259ri:<br \/>istifad\u0259\u00e7i: admin<br \/>parol: parol<\/p>\n<p>\u0130\u015f kataloqu:<br \/>wp\/wp-content\/themes\/alt x\u0259tt\/<\/p>\n<p>Tap\u015f\u0131r\u0131q:<br \/>1. Yeni CPT-ni qeydiyyatdan ke\u00e7irin \u2013 M\u0259kan<br \/>2. M\u0259kan \u00fc\u00e7\u00fcn yeni taksonomiyan\u0131 qeydiyyatdan ke\u00e7irin \u2013 \u0130l\u00e7e<\/p>\n<p>3. H\u0259r bir M\u0259kan \u00fc\u00e7\u00fcn f\u0259rdi sah\u0259l\u0259ri \u0259lav\u0259 edin<br \/>\u2014 kontaktlar (ideal ssenari \u00fc\u00e7\u00fcn t\u0259krarlay\u0131c\u0131, indi ad\u0131, \u00fcnvan\u0131 v\u0259 telefonu olan m\u0259tn olmal\u0131d\u0131r)<br \/>- \u00f6rt\u00fck \u015f\u0259kli<\/p>\n<p>4. \u00d6lk\u0259l\u0259rin v\u0259 yerl\u0259rin m\u00fc\u0259yy\u0259n miqdar\u0131n\u0131 doldurun<br \/>Yeri olmal\u0131d\u0131r<br \/>- Ba\u015fl\u0131q<br \/>- Se\u00e7ilmi\u015f \u015f\u0259kil<br \/>- Qapaq \u015f\u0259kli<br \/>- Q\u0131sa T\u0259svir<br \/>- Tam t\u0259svir<br \/>- \u018flaq\u0259l\u0259r<\/p>\n<p>Rayon:<br \/>- Ba\u015fl\u0131q<\/p>\n<p>5. S\u0259hif\u0259 filtri \u015fablonunu yarad\u0131n\/redakt\u0259 edin (page-filter.php)<br \/>\u2014 i\u015far\u0259l\u0259m\u0259 q\u0259hr\u0259man\u0131 b\u00f6lm\u0259si (sad\u0259 fon \u015f\u0259kli, ba\u015fl\u0131q, promo m\u0259tni \u2013 admin t\u0259r\u0259find\u0259n redakt\u0259 edil\u0259 bil\u0259n olmal\u0131d\u0131r)<br \/>\u2014 m\u00f6vcud yerl\u0259ri AJAX filtri il\u0259 rayon \u00fczr\u0259 i\u015far\u0259l\u0259yin. S\u0259hif\u0259ni daxil edin v\u0259 ya daha \u00e7ox y\u00fckl\u0259yin.<\/p>\n<p>&nbsp;<\/p>\n<\/div>\n<\/div>\n\n<div class=\"wpcf7 no-js\" id=\"wpcf7-f4304-o1\" lang=\"ru-RU\" dir=\"ltr\" data-wpcf7-id=\"4304\">\n<div class=\"screen-reader-response\"><p role=\"status\" aria-live=\"polite\" aria-atomic=\"true\"><\/p> <ul><\/ul><\/div>\n<form action=\"\/az\/wp-json\/wp\/v2\/pages\/4176#wpcf7-f4304-o1\" method=\"post\" class=\"wpcf7-form init\" aria-label=\"\u018flaq\u0259 Formas\u0131\" enctype=\"multipart\/form-data\" novalidate=\"novalidate\" data-status=\"init\" data-trp-original-action=\"\/az\/wp-json\/wp\/v2\/pages\/4176#wpcf7-f4304-o1\">\n<fieldset class=\"hidden-fields-container\"><input type=\"hidden\" name=\"_wpcf7\" value=\"4304\" \/><input type=\"hidden\" name=\"_wpcf7_version\" value=\"6.1.4\" \/><input type=\"hidden\" name=\"_wpcf7_locale\" value=\"ru_RU\" \/><input type=\"hidden\" name=\"_wpcf7_unit_tag\" value=\"wpcf7-f4304-o1\" \/><input type=\"hidden\" name=\"_wpcf7_container_post\" value=\"0\" \/><input type=\"hidden\" name=\"_wpcf7_posted_data_hash\" value=\"\" \/><input type=\"hidden\" name=\"_wpcf7_recaptcha_response\" value=\"\" \/>\n<\/fieldset>\n<div class=\"cf7-inputs\">\n  <label class=\"cf7-input\">Ad\u0131n\u0131z (t\u0259l\u0259b olunur)<span class=\"wpcf7-form-control-wrap\" data-name=\"your-name\"><input size=\"40\" maxlength=\"400\" class=\"wpcf7-form-control wpcf7-text wpcf7-validates-as-required\" aria-required=\"true\" aria-invalid=\"false\" value=\"\" type=\"text\" name=\"your-name\" \/><\/span><\/label>\n  <label class=\"cf7-input\">E-po\u00e7tunuz (t\u0259l\u0259b olunur)<span class=\"wpcf7-form-control-wrap\" data-name=\"your-email\"><input size=\"40\" maxlength=\"400\" class=\"wpcf7-form-control wpcf7-email wpcf7-validates-as-required wpcf7-text wpcf7-validates-as-email\" aria-required=\"true\" aria-invalid=\"false\" value=\"\" type=\"email\" name=\"your-email\" \/><\/span><\/label>\n  <label class=\"cf7-input\">Telefon n\u00f6mr\u0259si<span class=\"wpcf7-form-control-wrap\" data-name=\"your-subject\"><input size=\"40\" maxlength=\"400\" class=\"wpcf7-form-control wpcf7-text\" aria-invalid=\"false\" value=\"\" type=\"text\" name=\"your-subject\" \/><\/span><\/label>\n  <label for=\"file-880\" class=\"cf7-input cf7-upload-file\">Fayl \u0259lav\u0259 edin<span class=\"wpcf7-form-control-wrap\" data-name=\"file-880\"><input size=\"40\" class=\"wpcf7-form-control wpcf7-file\" id=\"file-880\" accept=\".gif,.png,.jpg,.jpeg,.doc,.pdf,.xlsx\" aria-invalid=\"false\" type=\"file\" name=\"file-880\" \/><\/span><\/label>\n  <label class=\"cf7-input cf7-textarea\">Mesaj<span class=\"wpcf7-form-control-wrap\" data-name=\"your-message\"><textarea cols=\"40\" rows=\"10\" maxlength=\"2000\" class=\"wpcf7-form-control wpcf7-textarea\" aria-invalid=\"false\" name=\"your-message\"><\/textarea><\/span><\/label>\n<\/div>\n<span class=\"wpcf7-form-control-wrap\" data-name=\"acceptance-149\"><span class=\"wpcf7-form-control wpcf7-acceptance\"><span class=\"wpcf7-list-item\"><label><input type=\"checkbox\" name=\"acceptance-149\" value=\"1\" aria-invalid=\"false\" \/><span class=\"wpcf7-list-item-label\"><a href=\"https:\/\/dits.md\/az\/privacy-policy\/\">Veril\u0259nl\u0259rin emal\u0131<\/a><\/span><\/label><\/span><\/span><\/span>\n<p class=\"cf7-et-pb-button\"><input class=\"wpcf7-form-control wpcf7-submit has-spinner et_pb_button\" type=\"submit\" value=\"G\u00f6nd\u0259r\" \/><\/p><input type='hidden' class='wpcf7-pum' value='{\"closepopup\":false,\"closedelay\":0,\"openpopup\":false,\"openpopup_id\":0}' \/><div class=\"wpcf7-response-output\" aria-hidden=\"true\"><\/div>\n<input type=\"hidden\" name=\"trp-form-language\" value=\"az\"\/><\/form>\n<\/div>\n\n<p>[\/et_pb_accordion_item][\/et_pb_accordion][\/et_pb_column][\/et_pb_row][\/et_pb_section]<\/p>","protected":false},"excerpt":{"rendered":"<p>Vakansiyalar DITS internet marketinqi v\u0259 veb inki\u015faf\u0131 sah\u0259sind\u0259 i\u015fl\u0259m\u0259k v\u0259 inki\u015faf etm\u0259kd\u0259 maraql\u0131 olan \u015f\u0259xsl\u0259ri axtar\u0131r. \u018fg\u0259r vakansiya il\u0259 maraqlan\u0131rs\u0131n\u0131zsa, lakin bacar\u0131qlar\u0131n\u0131za \u0259min deyilsinizs\u0259, CV-nizi g\u00f6nd\u0259rin, biz onu n\u0259z\u0259rd\u0259n ke\u00e7ir\u0259k v\u0259 ist\u0259nil\u0259n halda cavab ver\u0259c\u0259yik. Biz t\u0259kc\u0259 y\u00fcks\u0259k s\u0259viyy\u0259li m\u00fct\u0259x\u0259ssisl\u0259rl\u0259 deyil, h\u0259m d\u0259 ki\u00e7ik v\u0259 tam yeni ba\u015flayanlarla maraqlan\u0131r\u0131q, \u00e7\u00fcnki biz [\u2026]<\/p>","protected":false},"author":4,"featured_media":4187,"parent":0,"menu_order":0,"comment_status":"closed","ping_status":"closed","template":"","meta":{"_et_pb_use_builder":"on","_et_pb_old_content":"","_et_gb_content_width":"","footnotes":""},"class_list":["post-4176","page","type-page","status-publish","has-post-thumbnail","hentry"],"_links":{"self":[{"href":"https:\/\/dits.md\/az\/wp-json\/wp\/v2\/pages\/4176","targetHints":{"allow":["GET"]}}],"collection":[{"href":"https:\/\/dits.md\/az\/wp-json\/wp\/v2\/pages"}],"about":[{"href":"https:\/\/dits.md\/az\/wp-json\/wp\/v2\/types\/page"}],"author":[{"embeddable":true,"href":"https:\/\/dits.md\/az\/wp-json\/wp\/v2\/users\/4"}],"replies":[{"embeddable":true,"href":"https:\/\/dits.md\/az\/wp-json\/wp\/v2\/comments?post=4176"}],"version-history":[{"count":14,"href":"https:\/\/dits.md\/az\/wp-json\/wp\/v2\/pages\/4176\/revisions"}],"predecessor-version":[{"id":16569,"href":"https:\/\/dits.md\/az\/wp-json\/wp\/v2\/pages\/4176\/revisions\/16569"}],"wp:featuredmedia":[{"embeddable":true,"href":"https:\/\/dits.md\/az\/wp-json\/wp\/v2\/media\/4187"}],"wp:attachment":[{"href":"https:\/\/dits.md\/az\/wp-json\/wp\/v2\/media?parent=4176"}],"curies":[{"name":"wp","href":"https:\/\/api.w.org\/{rel}","templated":true}]}}