{"id":4039,"date":"2018-07-07T08:17:57","date_gmt":"2018-07-07T08:17:57","guid":{"rendered":"https:\/\/dits.md\/?page_id=4039"},"modified":"2023-07-07T18:37:38","modified_gmt":"2023-07-07T16:37:38","slug":"privacy-policy","status":"publish","type":"page","link":"https:\/\/dits.md\/az\/privacy-policy\/","title":{"rendered":"Gizlilik Siyas\u0259ti"},"content":{"rendered":"<p>[et_pb_section fb_built=&#187;1&#8243; _builder_version=&#187;3.22&#8243;][et_pb_row _builder_version=&#187;3.25&#8243; background_size=&#187;initial&#187; background_position=&#187;top_left&#187; background_repeat=&#187;repeat&#187;][et_pb_column type=&#187;4_4&#8243; _builder_version=&#187;3.25&#8243; custom_padding=&#187;|||&#187; custom_padding__hover=&#187;|||&#187;][et_pb_text _builder_version=&#187;4.8.0&#8243;]<\/p>\n<p>Bu \u015e\u0259xsi M\u0259lumatlar\u0131n M\u0259xfilik Siyas\u0259ti (bundan sonra M\u0259xfilik Siyas\u0259ti adlanacaq) sayt\u0131n domen ad\u0131nda yerl\u0259\u015fdiyi b\u00fct\u00fcn m\u0259lumatlara \u015famil edilir.\u00a0<u>dits.md<\/u>, saytdan istifad\u0259 ed\u0259rk\u0259n \u0130stifad\u0259\u00e7i haqq\u0131nda m\u0259lumat \u0259ld\u0259 ed\u0259 bil\u0259r.<\/p>\n<ol>\n<li><strong> \u015e\u018fRTL\u018fR\u0130N T\u018fY\u0130R\u0130<\/strong><\/li>\n<\/ol>\n<p>1.1 Bu M\u0259xfilik Siyas\u0259tind\u0259 a\u015fa\u011f\u0131dak\u0131 \u015f\u0259rtl\u0259r istifad\u0259 olunur:<\/p>\n<p>1.1.1. dits.md sayt\u0131n\u0131n administrasiyas\u0131 (\u201cbundan sonra Sayt\u0131n Administrasiyas\u0131\u201d) - dits.md ad\u0131ndan f\u0259aliyy\u0259t g\u00f6st\u0259r\u0259n, \u015f\u0259xsi m\u0259lumatlar\u0131 t\u0259\u015fkil ed\u0259n v\u0259 (v\u0259 ya) emal ed\u0259n, habel\u0259 m\u0259qs\u0259dl\u0259rini m\u00fc\u0259yy\u0259n ed\u0259n sayt\u0131 idar\u0259 etm\u0259k \u00fc\u00e7\u00fcn s\u0259lahiyy\u0259tli i\u015f\u00e7il\u0259r. f\u0259rdi m\u0259lumatlar\u0131n emal\u0131, emal edilm\u0259li olan f\u0259rdi m\u0259lumatlar\u0131n t\u0259rkibi, f\u0259rdi m\u0259lumatlarla h\u0259yata ke\u00e7iril\u0259n h\u0259r\u0259k\u0259tl\u0259r (\u0259m\u0259liyyatlar).<\/p>\n<p>1.1.2. &quot;\u015e\u0259xsi m\u0259lumatlar&quot; - birba\u015fa v\u0259 ya dolay\u0131s\u0131 il\u0259 m\u00fc\u0259yy\u0259n edilmi\u015f v\u0259 ya m\u00fc\u0259yy\u0259n edil\u0259 bil\u0259n \u015f\u0259xs\u0259 (f\u0259rdi m\u0259lumatlar\u0131n subyekti) aid h\u0259r hans\u0131 m\u0259lumat.<\/p>\n<p>1.1.3. \u201cF\u0259rdi m\u0259lumatlar\u0131n emal\u0131\u201d - avtomatla\u015fd\u0131rma vasit\u0259l\u0259rind\u0259n istifad\u0259 etm\u0259kl\u0259 v\u0259 ya bel\u0259 vasit\u0259l\u0259rd\u0259n istifad\u0259 etm\u0259d\u0259n f\u0259rdi m\u0259lumatlarla, o c\u00fcml\u0259d\u0259n toplanmas\u0131, qeyd\u0259 al\u0131nmas\u0131, sisteml\u0259\u015fdirilm\u0259si, y\u0131\u011f\u0131lmas\u0131, saxlanmas\u0131, d\u0259qiql\u0259\u015fdirilm\u0259si (yenil\u0259nm\u0259si, d\u0259yi\u015fdirilm\u0259si) il\u0259 h\u0259yata ke\u00e7iril\u0259n h\u0259r hans\u0131 h\u0259r\u0259k\u0259t (\u0259m\u0259liyyat) v\u0259 ya h\u0259r\u0259k\u0259tl\u0259r (\u0259m\u0259liyyatlar) m\u0259cmusudur. ), \u015f\u0259xsi m\u0259lumatlar\u0131n \u00e7\u0131xar\u0131lmas\u0131, istifad\u0259si, \u00f6t\u00fcr\u00fclm\u0259si (paylanmas\u0131, t\u0259min edilm\u0259si, giri\u015fi), \u015f\u0259xsiyy\u0259tsizl\u0259\u015fdirilm\u0259si, bloklanmas\u0131, silinm\u0259si, m\u0259hv edilm\u0259si.<\/p>\n<p>1.1.4. \u201cF\u0259rdi m\u0259lumatlar\u0131n m\u0259xfiliyi\u201d Operatorun v\u0259 ya f\u0259rdi m\u0259lumatlara \u00e7\u0131x\u0131\u015f\u0131 olan dig\u0259r \u015f\u0259xsin f\u0259rdi m\u0259lumat subyektinin raz\u0131l\u0131\u011f\u0131 olmadan v\u0259 ya ba\u015fqa h\u00fcquqi \u0259sas\u0131n m\u00f6vcudlu\u011fu olmadan yay\u0131lmas\u0131na icaz\u0259 verm\u0259m\u0259si \u00fc\u00e7\u00fcn m\u0259cburi t\u0259l\u0259bdir.<\/p>\n<p>1.1.5. \u201cSayt \u0130stifad\u0259\u00e7isi (bundan sonra \u0130stifad\u0259\u00e7i)\u201d internet vasit\u0259sil\u0259 sayta daxil olan v\u0259 saytdan istifad\u0259 ed\u0259n \u015f\u0259xsdir.<\/p>\n<p>1.1.6. \u201cKukil\u0259r\u201d veb-server t\u0259r\u0259find\u0259n g\u00f6nd\u0259ril\u0259n v\u0259 istifad\u0259\u00e7inin komp\u00fcterind\u0259 saxlan\u0131lan ki\u00e7ik bir m\u0259lumat par\u00e7as\u0131d\u0131r, veb-klient v\u0259 ya veb-brauzer h\u0259r d\u0259f\u0259 HTTP sor\u011fusunda veb-server\u0259 g\u00f6nd\u0259rir. m\u00fcvafiq sayt.<\/p>\n<p>1.1.7. \u201cIP \u00fcnvan\u0131\u201d IP protokolundan istifad\u0259 etm\u0259kl\u0259 qurulmu\u015f komp\u00fcter \u015f\u0259b\u0259k\u0259sind\u0259ki qov\u015fa\u011f\u0131n unikal \u015f\u0259b\u0259k\u0259 \u00fcnvan\u0131d\u0131r.<\/p>\n<ol start=\"2\">\n<li><strong> \u00dcMUM\u0130 M\u00dcDD\u018fALAR<\/strong><\/li>\n<\/ol>\n<p>2.1. \u0130stifad\u0259\u00e7inin saytdan istifad\u0259si bu M\u0259xfilik Siyas\u0259ti v\u0259 \u0130stifad\u0259\u00e7inin \u015f\u0259xsi m\u0259lumatlar\u0131n\u0131n emal\u0131 \u015f\u0259rtl\u0259ri il\u0259 raz\u0131la\u015fman\u0131 t\u0259\u015fkil edir.<\/p>\n<p>2.2. M\u0259xfilik Siyas\u0259tinin \u015f\u0259rtl\u0259ri il\u0259 raz\u0131la\u015fmad\u0131qda \u0130stifad\u0259\u00e7i saytdan istifad\u0259ni dayand\u0131rmal\u0131d\u0131r.<\/p>\n<p>2.3.Bu M\u0259xfilik Siyas\u0259ti yaln\u0131z sayta aiddir. Sayt \u0130stifad\u0259\u00e7inin saytda m\u00f6vcud olan ke\u00e7idl\u0259r vasit\u0259sil\u0259 daxil ola bil\u0259c\u0259yi \u00fc\u00e7\u00fcnc\u00fc t\u0259r\u0259f saytlar\u0131na n\u0259zar\u0259t etmir v\u0259 m\u0259suliyy\u0259t da\u015f\u0131m\u0131r.<\/p>\n<p>2.4. Sayt r\u0259hb\u0259rliyi sayt istifad\u0259\u00e7isi t\u0259r\u0259find\u0259n t\u0259qdim olunan \u015f\u0259xsi m\u0259lumatlar\u0131n d\u00fczg\u00fcnl\u00fcy\u00fcn\u00fc yoxlam\u0131r.<\/p>\n<ol start=\"3\">\n<li><strong> M\u018fXF\u0130LL\u0130K S\u0130YAS\u018fT\u0130N\u0130N M\u00d6VZUSU<\/strong><\/li>\n<\/ol>\n<p>3.1. Bu M\u0259xfilik Siyas\u0259ti Sayt Administrasiyas\u0131n\u0131n saytda qeydiyyatdan ke\u00e7\u0259rk\u0259n \u0130stifad\u0259\u00e7inin Sayt Administrasiyas\u0131n\u0131n t\u0259l\u0259bi il\u0259 t\u0259qdim etdiyi \u015f\u0259xsi m\u0259lumatlar\u0131n m\u0259xfiliyini qorumaq rejimini a\u00e7\u0131qlamamaq v\u0259 t\u0259min etm\u0259k \u00f6hd\u0259liyini m\u00fc\u0259yy\u0259n edir.<\/p>\n<p>3.2. Bu M\u0259xfilik Siyas\u0259tin\u0259 \u0259sas\u0259n i\u015fl\u0259nm\u0259sin\u0259 icaz\u0259 veril\u0259n \u015f\u0259xsi m\u0259lumatlar \u0130stifad\u0259\u00e7i t\u0259r\u0259find\u0259n dits.md sayt\u0131nda \u0259laq\u0259 formas\u0131n\u0131 doldurmaqla t\u0259min edilir v\u0259 a\u015fa\u011f\u0131dak\u0131 m\u0259lumatlar\u0131 ehtiva edir:<\/p>\n<p>3.2.1. \u0130stifad\u0259\u00e7inin soyad\u0131, ad\u0131;<\/p>\n<p>3.2.2. \u0130stifad\u0259\u00e7inin \u0259laq\u0259 telefon n\u00f6mr\u0259si;<\/p>\n<p>3.2.3. e-po\u00e7t \u00fcnvan\u0131 (e-po\u00e7t);<\/p>\n<p>3.3. Dits.md reklam bloklar\u0131na baxark\u0259n v\u0259 sistemin statistik skriptinin (\u201cpiksel\u201d) qura\u015fd\u0131r\u0131ld\u0131\u011f\u0131 s\u0259hif\u0259l\u0259r\u0259 ba\u015f \u00e7\u0259k\u0259rk\u0259n avtomatik \u00f6t\u00fcr\u00fcl\u0259n M\u0259lumatlar\u0131 qoruyur:<\/p>\n<ul>\n<li>IP \u00fcnvan\u0131;<\/li>\n<li>kukil\u0259rd\u0259n m\u0259lumat;<\/li>\n<li>brauzer (v\u0259 ya reklamlara daxil olan dig\u0259r proqram) haqq\u0131nda m\u0259lumat;<\/li>\n<li>giri\u015f vaxt\u0131;<\/li>\n<li>reklam b\u00f6lm\u0259sinin yerl\u0259\u015fdiyi s\u0259hif\u0259nin \u00fcnvan\u0131;<\/li>\n<li>istinad ed\u0259n (\u0259vv\u0259lki s\u0259hif\u0259nin \u00fcnvan\u0131).<\/li>\n<\/ul>\n<p>3.3.1. Kukil\u0259rin s\u00f6nd\u00fcr\u00fclm\u0259si dits.md vebsayt\u0131n\u0131n avtorizasiya t\u0259l\u0259b ed\u0259n hiss\u0259l\u0259rin\u0259 daxil ola bilm\u0259m\u0259si il\u0259 n\u0259tic\u0259l\u0259n\u0259 bil\u0259r.<\/p>\n<p>3.3.2. Dits.md ziyar\u0259t\u00e7il\u0259rinin IP \u00fcnvanlar\u0131 haqq\u0131nda statistik m\u0259lumatlar toplay\u0131r. Bu m\u0259lumat texniki probleml\u0259ri m\u00fc\u0259yy\u0259n etm\u0259k v\u0259 h\u0259ll etm\u0259k \u00fc\u00e7\u00fcn istifad\u0259 olunur.<\/p>\n<p>3.4. Yuxar\u0131da qeyd olunmayan h\u0259r hans\u0131 dig\u0259r \u015f\u0259xsi m\u0259lumat (istifad\u0259 olunan brauzerl\u0259r v\u0259 \u0259m\u0259liyyat sisteml\u0259ri v\u0259 s.) b\u0259ndl\u0259rd\u0259 n\u0259z\u0259rd\u0259 tutulmu\u015f hallar istisna olmaqla, t\u0259hl\u00fck\u0259siz saxlanmal\u0131 v\u0259 yay\u0131lmamal\u0131d\u0131r. 5.2. v\u0259 5.3. bu M\u0259xfilik Siyas\u0259tinin.<\/p>\n<ol start=\"4\">\n<li><strong> \u0130ST\u0130FAD\u018f\u00c7\u0130N\u0130N \u015e\u018fXS\u0130 M\u018fLUMATLARININ TOPLANMASI M\u018fQS\u018fDL\u018fR\u0130<\/strong><\/li>\n<\/ol>\n<p>4.1. dits.md sayt\u0131n\u0131n administrasiyas\u0131 \u0130stifad\u0259\u00e7inin \u015f\u0259xsi m\u0259lumatlar\u0131ndan a\u015fa\u011f\u0131dak\u0131 m\u0259qs\u0259dl\u0259r \u00fc\u00e7\u00fcn istifad\u0259 ed\u0259 bil\u0259r:<\/p>\n<p>4.1.1. dits.md sayt\u0131nda \u0259laq\u0259 formas\u0131n\u0131 dolduran \u0130stifad\u0259\u00e7inin \u015f\u0259xsiyy\u0259ti<\/p>\n<p>4.1.2. \u0130stifad\u0259\u00e7iy\u0259 dits.md veb-sayt\u0131n\u0131n f\u0259rdil\u0259\u015fdirilmi\u015f resurslar\u0131na giri\u015fin t\u0259min edilm\u0259si.<\/p>\n<p>4.1.3. \u0130stifad\u0259\u00e7i il\u0259 r\u0259yin yarad\u0131lmas\u0131, o c\u00fcml\u0259d\u0259n bildiri\u015fl\u0259rin g\u00f6nd\u0259rilm\u0259si, dits.md veb-sayt\u0131n\u0131n istifad\u0259si il\u0259 ba\u011fl\u0131 sor\u011fular, xidm\u0259tl\u0259rin g\u00f6st\u0259rilm\u0259si, \u0130stifad\u0259\u00e7id\u0259n sor\u011fu v\u0259 \u0259riz\u0259l\u0259rin i\u015fl\u0259nm\u0259si.<\/p>\n<p>4.1.4. T\u0259hl\u00fck\u0259sizliyi t\u0259min etm\u0259k v\u0259 saxtakarl\u0131\u011f\u0131n qar\u015f\u0131s\u0131n\u0131 almaq \u00fc\u00e7\u00fcn \u0130stifad\u0259\u00e7inin yerinin m\u00fc\u0259yy\u0259n edilm\u0259si.<\/p>\n<p>4.1.5. \u0130stifad\u0259\u00e7i t\u0259r\u0259find\u0259n t\u0259qdim olunan \u015f\u0259xsi m\u0259lumatlar\u0131n d\u00fczg\u00fcnl\u00fcy\u00fcn\u00fcn v\u0259 taml\u0131\u011f\u0131n\u0131n t\u0259sdiqi.<\/p>\n<p>4.1.6. dits.md internet sayt\u0131n\u0131n istifad\u0259si il\u0259 ba\u011fl\u0131 probleml\u0259r yaranarsa, \u0130stifad\u0259\u00e7iy\u0259 effektiv m\u00fc\u015ft\u0259ri v\u0259 texniki d\u0259st\u0259yin g\u00f6st\u0259rilm\u0259si.<\/p>\n<p>4.1.7. \u0130stifad\u0259\u00e7iy\u0259 dits.md ad\u0131ndan v\u0259 ya dits.md partnyorlar\u0131 ad\u0131ndan onun raz\u0131l\u0131\u011f\u0131, m\u0259hsul yenil\u0259m\u0259l\u0259ri, x\u00fcsusi t\u0259klifl\u0259r, qiym\u0259t m\u0259lumatlar\u0131, b\u00fclletenl\u0259r v\u0259 dig\u0259r m\u0259lumatlar\u0131n t\u0259qdim edilm\u0259si.<\/p>\n<p>4.1.8. \u0130stifad\u0259\u00e7inin raz\u0131l\u0131\u011f\u0131 il\u0259 reklam f\u0259aliyy\u0259tinin h\u0259yata ke\u00e7irilm\u0259si.<\/p>\n<p>4.1.9. M\u0259hsullar\u0131, yenil\u0259m\u0259l\u0259ri v\u0259 xidm\u0259tl\u0259ri \u0259ld\u0259 etm\u0259k \u00fc\u00e7\u00fcn \u0130stifad\u0259\u00e7iy\u0259 dits.md t\u0259r\u0259fda\u015flar\u0131n\u0131n saytlar\u0131na v\u0259 ya xidm\u0259tl\u0259rin\u0259 giri\u015fin t\u0259min edilm\u0259si.<\/p>\n<ol start=\"5\">\n<li><strong> \u015e\u018fXS\u0130 M\u018fLUMATLARIN EMAL ED\u0130LM\u018fS\u0130 \u00dcSULLARI V\u018f \u015e\u018fRTL\u018fR\u0130<\/strong><\/li>\n<\/ol>\n<p>5.1. \u0130stifad\u0259\u00e7inin \u015f\u0259xsi m\u0259lumatlar\u0131n\u0131n emal\u0131 vaxt m\u0259hdudiyy\u0259ti olmadan, ist\u0259nil\u0259n qanuni \u00fcsulla, o c\u00fcml\u0259d\u0259n avtomatla\u015fd\u0131rma vasit\u0259l\u0259rind\u0259n istifad\u0259 etm\u0259kl\u0259 v\u0259 ya bu c\u00fcr vasit\u0259l\u0259rd\u0259n istifad\u0259 edilm\u0259d\u0259n f\u0259rdi m\u0259lumatlar\u0131n informasiya sisteml\u0259rind\u0259 h\u0259yata ke\u00e7irilir.<\/p>\n<p>5.2. \u0130stifad\u0259\u00e7i raz\u0131la\u015f\u0131r ki, Sayt Administrasiyas\u0131 \u015f\u0259xsi m\u0259lumatlar\u0131 \u00fc\u00e7\u00fcnc\u00fc \u015f\u0259xsl\u0259r\u0259, x\u00fcsus\u0259n d\u0259 kuryer xidm\u0259tl\u0259rin\u0259, po\u00e7t t\u0259\u015fkilatlar\u0131na, telekommunikasiya operatorlar\u0131na yaln\u0131z \u0130stifad\u0259\u00e7inin dits.md sayt\u0131nda yerl\u0259\u015fdirilmi\u015f sifari\u015fini yerin\u0259 yetirm\u0259k m\u0259qs\u0259di il\u0259 \u00f6t\u00fcrm\u0259k h\u00fcququna malikdir.<\/p>\n<p>5.3. \u0130stifad\u0259\u00e7inin \u015f\u0259xsi m\u0259lumatlar\u0131 Moldova Respublikas\u0131n\u0131n s\u0259lahiyy\u0259tli d\u00f6vl\u0259t orqanlar\u0131na yaln\u0131z Moldova Respublikas\u0131n\u0131n qanunvericiliyi il\u0259 m\u00fc\u0259yy\u0259n edilmi\u015f \u0259saslarla v\u0259 qaydada veril\u0259 bil\u0259r.<\/p>\n<p>5.4. \u015e\u0259xsi m\u0259lumatlar\u0131n itirilm\u0259si v\u0259 ya a\u00e7\u0131qlanmas\u0131 hal\u0131nda, Sayt Administrasiyas\u0131 \u0130stifad\u0259\u00e7iy\u0259 \u015f\u0259xsi m\u0259lumatlar\u0131n itirilm\u0259si v\u0259 ya a\u00e7\u0131qlanmas\u0131 bar\u0259d\u0259 m\u0259lumat verir.<\/p>\n<p>5.5. Sayt administrasiyas\u0131 \u0130stifad\u0259\u00e7inin \u015f\u0259xsi m\u0259lumatlar\u0131n\u0131 icaz\u0259siz v\u0259 ya t\u0259sad\u00fcf\u0259n daxil olmaqdan, m\u0259hv etm\u0259kd\u0259n, d\u0259yi\u015fdirm\u0259kd\u0259n, bloklamaqdan, sur\u0259tini \u00e7\u0131xarmaqdan, yaymaqdan, habel\u0259 \u00fc\u00e7\u00fcnc\u00fc \u015f\u0259xsl\u0259rin dig\u0259r qanunsuz h\u0259r\u0259k\u0259tl\u0259rind\u0259n qorumaq \u00fc\u00e7\u00fcn z\u0259ruri t\u0259\u015fkilati v\u0259 texniki t\u0259dbirl\u0259r g\u00f6r\u00fcr.<\/p>\n<p>5.6. Sayt r\u0259hb\u0259rliyi \u0130stifad\u0259\u00e7i il\u0259 birlikd\u0259 \u0130stifad\u0259\u00e7inin \u015f\u0259xsi m\u0259lumatlar\u0131n\u0131n itirilm\u0259si v\u0259 ya a\u00e7\u0131qlanmas\u0131 n\u0259tic\u0259sind\u0259 yaranan itkil\u0259rin v\u0259 ya dig\u0259r neqativ n\u0259tic\u0259l\u0259rin qar\u015f\u0131s\u0131n\u0131 almaq \u00fc\u00e7\u00fcn b\u00fct\u00fcn laz\u0131mi t\u0259dbirl\u0259ri g\u00f6r\u00fcr.<\/p>\n<ol start=\"6\">\n<li><strong> T\u018fR\u018fFL\u018fR\u0130N \u00d6ZELL\u0130KL\u018fR\u0130<\/strong><\/li>\n<\/ol>\n<p>6.1. \u0130stifad\u0259\u00e7i borcludur:<\/p>\n<p>6.1.1. dits.md sayt\u0131ndan istifad\u0259 etm\u0259k \u00fc\u00e7\u00fcn laz\u0131m olan \u015f\u0259xsi m\u0259lumatlar haqq\u0131nda m\u0259lumat verin.<\/p>\n<p>6.1.2. Bu m\u0259lumat d\u0259yi\u015f\u0259rs\u0259, \u015f\u0259xsi m\u0259lumatlar haqq\u0131nda t\u0259qdim olunan m\u0259lumatlar\u0131 yenil\u0259yin, \u0259lav\u0259 edin.<\/p>\n<p>6.2. Sayt\u0131n r\u0259hb\u0259rliyi a\u015fa\u011f\u0131dak\u0131lara borcludur:<\/p>\n<p>6.2.1. Al\u0131nan m\u0259lumat\u0131 yaln\u0131z bu M\u0259xfilik Siyas\u0259tinin 4-c\u00fc b\u0259ndind\u0259 g\u00f6st\u0259ril\u0259n m\u0259qs\u0259dl\u0259r \u00fc\u00e7\u00fcn istifad\u0259 edin.<\/p>\n<p>6.2.2. M\u0259xfi m\u0259lumatlar\u0131n m\u0259xfi saxlan\u0131lmas\u0131n\u0131, \u0130stifad\u0259\u00e7inin \u0259vv\u0259lc\u0259d\u0259n yaz\u0131l\u0131 icaz\u0259si olmadan a\u00e7\u0131qlanmamas\u0131n\u0131, habel\u0259 b\u0259ndl\u0259r istisna olmaqla, \u0130stifad\u0259\u00e7inin \u00f6t\u00fcr\u00fcl\u0259n \u015f\u0259xsi m\u0259lumatlar\u0131n\u0131 satmamaq, m\u00fcbadil\u0259 etm\u0259m\u0259k, d\u0259rc etm\u0259m\u0259k v\u0259 ya ba\u015fqa m\u00fcmk\u00fcn yollarla a\u00e7\u0131qlamamaqdan \u0259min olun. 5.2. v\u0259 5.3. bu M\u0259xfilik Siyas\u0259tinin.<\/p>\n<p>6.2.3. M\u00f6vcud i\u015fg\u00fczar \u0259m\u0259liyyatlarda bu tip m\u0259lumatlar\u0131n m\u00fchafiz\u0259si \u00fc\u00e7\u00fcn ad\u0259t\u0259n istifad\u0259 olunan prosedura uy\u011fun olaraq \u0130stifad\u0259\u00e7inin \u015f\u0259xsi m\u0259lumatlar\u0131n\u0131n m\u0259xfiliyini qorumaq \u00fc\u00e7\u00fcn t\u0259dbirl\u0259r g\u00f6r.<\/p>\n<p>6.2.4. Etibars\u0131z \u015f\u0259xsi m\u0259lumatlar a\u015fkar edildikd\u0259, \u0130stifad\u0259\u00e7i v\u0259 ya onun qanuni n\u00fcmay\u0259nd\u0259si v\u0259 ya f\u0259rdi m\u0259lumat subyektl\u0259rinin h\u00fcquqlar\u0131n\u0131n m\u00fcdafi\u0259si \u00fczr\u0259 s\u0259lahiyy\u0259tli orqan t\u0259r\u0259find\u0259n sor\u011fu v\u0259 ya sor\u011fu edildiyi andan m\u00fcvafiq \u0130stifad\u0259\u00e7iy\u0259 aid \u015f\u0259xsi m\u0259lumatlar\u0131n yoxlan\u0131\u015f m\u00fcdd\u0259ti \u0259rzind\u0259 bloklanmas\u0131. m\u0259lumatlar v\u0259 ya qanunsuz h\u0259r\u0259k\u0259tl\u0259r.<\/p>\n<ol start=\"7\">\n<li><strong> TARAFLARIN M\u018fSUL\u0130YY\u018fT\u0130<\/strong><\/li>\n<\/ol>\n<p>7.1. \u00d6hd\u0259likl\u0259rini yerin\u0259 yetirm\u0259y\u0259n sayt r\u0259hb\u0259rliyi, b\u0259ndl\u0259rd\u0259 n\u0259z\u0259rd\u0259 tutulmu\u015f hallar istisna olmaqla, Moldova Respublikas\u0131n\u0131n qanunvericiliyin\u0259 uy\u011fun olaraq, \u0130stifad\u0259\u00e7inin \u015f\u0259xsi m\u0259lumatlar\u0131n qanunsuz istifad\u0259si il\u0259 ba\u011fl\u0131 \u00e7\u0259kdiyi itkil\u0259r\u0259 g\u00f6r\u0259 m\u0259suliyy\u0259t da\u015f\u0131y\u0131r. 5.2., 5.3. v\u0259 7.2. bu M\u0259xfilik Siyas\u0259tinin.<\/p>\n<p>7.2. M\u0259xfi M\u0259lumat\u0131n itirilm\u0259si v\u0259 ya a\u00e7\u0131qlanmas\u0131 hal\u0131nda Sayt Administrasiyas\u0131 bu m\u0259xfi m\u0259lumatlara g\u00f6r\u0259 m\u0259suliyy\u0259t da\u015f\u0131m\u0131r:<\/p>\n<p>7.2.1. \u0130tiril\u0259n\u0259 v\u0259 ya a\u00e7\u0131qlanana q\u0259d\u0259r ictimai m\u00fclkiyy\u0259t\u0259 \u00e7evrildi.<\/p>\n<p>7.2.2. Sayt Administrasiyas\u0131 t\u0259r\u0259find\u0259n q\u0259bul edilm\u0259mi\u015fd\u0259n \u0259vv\u0259l \u00fc\u00e7\u00fcnc\u00fc \u015f\u0259xsd\u0259n al\u0131nm\u0131\u015fd\u0131r.<\/p>\n<p>7.2.3. \u0130stifad\u0259\u00e7inin raz\u0131l\u0131\u011f\u0131 il\u0259 a\u00e7\u0131qlan\u0131b.<\/p>\n<ol start=\"8\">\n<li><strong> M\u00dcBAH\u0130S\u018fL\u018fR\u0130N H\u018fLL\u0130<\/strong><\/li>\n<\/ol>\n<p>8.1. dits.md sayt\u0131n\u0131n \u0130stifad\u0259\u00e7isi il\u0259 Sayt Administrasiyas\u0131 aras\u0131ndak\u0131 m\u00fcnasib\u0259tl\u0259rd\u0259n yaranan m\u00fcbahis\u0259l\u0259r \u00fczr\u0259 iddia il\u0259 m\u0259hk\u0259m\u0259y\u0259 m\u00fcraci\u0259t etm\u0259zd\u0259n \u0259vv\u0259l iddian\u0131n (m\u00fcbahis\u0259nin k\u00f6n\u00fcll\u00fc h\u0259lli \u00fc\u00e7\u00fcn yaz\u0131l\u0131 t\u0259klif) t\u0259qdim edilm\u0259si m\u0259cburidir.<\/p>\n<p>8.2. \u0130ddian\u0131 alan \u015f\u0259xs iddian\u0131n al\u0131nd\u0131\u011f\u0131 tarixd\u0259n 30 t\u0259qvim g\u00fcn\u00fc m\u00fcdd\u0259tind\u0259 iddian\u0131n bax\u0131lmas\u0131n\u0131n n\u0259tic\u0259l\u0259ri bar\u0259d\u0259 iddia\u00e7\u0131ya m\u0259lumat verir.<\/p>\n<p>8.3. Raz\u0131la\u015fma \u0259ld\u0259 edilm\u0259dikd\u0259, m\u00fcbahis\u0259 Moldova Respublikas\u0131n\u0131n m\u00f6vcud qanunvericiliyin\u0259 uy\u011fun olaraq m\u0259hk\u0259m\u0259 orqan\u0131na g\u00f6nd\u0259ril\u0259c\u0259kdir.<\/p>\n<p>8.4. Moldova Respublikas\u0131n\u0131n m\u00f6vcud qanunvericiliyi bu M\u0259xfilik Siyas\u0259tin\u0259 v\u0259 \u0130stifad\u0259\u00e7i il\u0259 Sayt Administrasiyas\u0131 aras\u0131ndak\u0131 m\u00fcnasib\u0259tl\u0259r\u0259 t\u0259tbiq edilir.<\/p>\n<ol start=\"9\">\n<li><strong> \u018fLAV\u018f \u015e\u018fRTL\u018fR<\/strong><\/li>\n<\/ol>\n<p>9.1. Sayt r\u0259hb\u0259rliyi \u0130stifad\u0259\u00e7inin raz\u0131l\u0131\u011f\u0131 olmadan bu M\u0259xfilik Siyas\u0259tin\u0259 d\u0259yi\u015fiklik etm\u0259k h\u00fcququna malikdir.<\/p>\n<p>9.2. Yeni M\u0259xfilik Siyas\u0259ti, M\u0259xfilik Siyas\u0259tinin yeni n\u0259\u015frind\u0259 ba\u015fqa hal n\u0259z\u0259rd\u0259 tutulmay\u0131bsa, dits.md sayt\u0131nda yerl\u0259\u015fdirildiyi andan q\u00fcvv\u0259y\u0259 minir.<\/p>\n<p>9.3. Bu M\u0259xfilik Siyas\u0259ti il\u0259 ba\u011fl\u0131 b\u00fct\u00fcn t\u0259klifl\u0259r v\u0259 ya suallar e-po\u00e7t \u00fcnvan\u0131na g\u00f6nd\u0259rilm\u0259lidir\u00a0<a href=\"mailto:info@dits.md\"><u>info@dits.md<\/u><\/a><\/p>\n<p>9.4. Cari M\u0259xfilik Siyas\u0259ti https:\/\/dits.md\/privacy-policy\/ s\u0259hif\u0259sind\u0259 m\u00f6vcuddur.<\/p>\n<p>&nbsp;<\/p>\n<p>[\/et_pb_text][\/et_pb_column][\/et_pb_row][\/et_pb_section]<\/p>","protected":false},"excerpt":{"rendered":"<p>\u041d\u0430\u0441\u0442\u043e\u044f\u0449\u0430\u044f \u041f\u043e\u043b\u0438\u0442\u0438\u043a\u0430 \u043a\u043e\u043d\u0444\u0438\u0434\u0435\u043d\u0446\u0438\u0430\u043b\u044c\u043d\u043e\u0441\u0442\u0438 \u043f\u0435\u0440\u0441\u043e\u043d\u0430\u043b\u044c\u043d\u044b\u0445 \u0434\u0430\u043d\u043d\u044b\u0445 (\u0434\u0430\u043b\u0435\u0435 \u2013 \u041f\u043e\u043b\u0438\u0442\u0438\u043a\u0430 \u043a\u043e\u043d\u0444\u0438\u0434\u0435\u043d\u0446\u0438\u0430\u043b\u044c\u043d\u043e\u0441\u0442\u0438) \u0434\u0435\u0439\u0441\u0442\u0432\u0443\u0435\u0442 \u0432 \u043e\u0442\u043d\u043e\u0448\u0435\u043d\u0438\u0438 \u0432\u0441\u0435\u0439 \u0438\u043d\u0444\u043e\u0440\u043c\u0430\u0446\u0438\u0438, \u043a\u043e\u0442\u043e\u0440\u0443\u044e \u0441\u0430\u0439\u0442, \u0440\u0430\u0441\u043f\u043e\u043b\u043e\u0436\u0435\u043d\u043d\u044b\u0439 \u043d\u0430 \u0434\u043e\u043c\u0435\u043d\u043d\u043e\u043c \u0438\u043c\u0435\u043d\u0438\u00a0dits.md, \u043c\u043e\u0436\u0435\u0442 \u043f\u043e\u043b\u0443\u0447\u0438\u0442\u044c \u043e \u041f\u043e\u043b\u044c\u0437\u043e\u0432\u0430\u0442\u0435\u043b\u0435 \u0432\u043e \u0432\u0440\u0435\u043c\u044f \u0438\u0441\u043f\u043e\u043b\u044c\u0437\u043e\u0432\u0430\u043d\u0438\u044f \u0441\u0430\u0439\u0442\u0430. \u041e\u041f\u0420\u0415\u0414\u0415\u041b\u0415\u041d\u0418\u0415 \u0422\u0415\u0420\u041c\u0418\u041d\u041e\u0412 1.1 \u0412 \u043d\u0430\u0441\u0442\u043e\u044f\u0449\u0435\u0439 \u041f\u043e\u043b\u0438\u0442\u0438\u043a\u0435 \u043a\u043e\u043d\u0444\u0438\u0434\u0435\u043d\u0446\u0438\u0430\u043b\u044c\u043d\u043e\u0441\u0442\u0438 \u0438\u0441\u043f\u043e\u043b\u044c\u0437\u0443\u044e\u0442\u0441\u044f \u0441\u043b\u0435\u0434\u0443\u044e\u0449\u0438\u0435 \u0442\u0435\u0440\u043c\u0438\u043d\u044b: 1.1.1.\u00a0\u0410\u0434\u043c\u0438\u043d\u0438\u0441\u0442\u0440\u0430\u0446\u0438\u044f \u0441\u0430\u0439\u0442\u0430 dits.md (\u00ab\u0434\u0430\u043b\u0435\u0435 \u2013 \u0410\u0434\u043c\u0438\u043d\u0438\u0441\u0442\u0440\u0430\u0446\u0438\u044f \u0441\u0430\u0439\u0442\u0430\u00bb) \u2013 \u0443\u043f\u043e\u043b\u043d\u043e\u043c\u043e\u0447\u0435\u043d\u043d\u044b\u0435 \u0441\u043e\u0442\u0440\u0443\u0434\u043d\u0438\u043a\u0438 \u043d\u0430 \u0443\u043f\u0440\u0430\u0432\u043b\u0435\u043d\u0438\u0435 \u0441\u0430\u0439\u0442\u043e\u043c, \u0434\u0435\u0439\u0441\u0442\u0432\u0443\u044e\u0449\u0438\u0435 \u043e\u0442 \u0438\u043c\u0435\u043d\u0438 dits.md, [&hellip;]<\/p>","protected":false},"author":4,"featured_media":0,"parent":0,"menu_order":0,"comment_status":"closed","ping_status":"closed","template":"","meta":{"_et_pb_use_builder":"on","_et_pb_old_content":"","_et_gb_content_width":"","footnotes":""},"class_list":["post-4039","page","type-page","status-publish","hentry"],"_links":{"self":[{"href":"https:\/\/dits.md\/az\/wp-json\/wp\/v2\/pages\/4039","targetHints":{"allow":["GET"]}}],"collection":[{"href":"https:\/\/dits.md\/az\/wp-json\/wp\/v2\/pages"}],"about":[{"href":"https:\/\/dits.md\/az\/wp-json\/wp\/v2\/types\/page"}],"author":[{"embeddable":true,"href":"https:\/\/dits.md\/az\/wp-json\/wp\/v2\/users\/4"}],"replies":[{"embeddable":true,"href":"https:\/\/dits.md\/az\/wp-json\/wp\/v2\/comments?post=4039"}],"version-history":[{"count":5,"href":"https:\/\/dits.md\/az\/wp-json\/wp\/v2\/pages\/4039\/revisions"}],"predecessor-version":[{"id":13624,"href":"https:\/\/dits.md\/az\/wp-json\/wp\/v2\/pages\/4039\/revisions\/13624"}],"wp:attachment":[{"href":"https:\/\/dits.md\/az\/wp-json\/wp\/v2\/media?parent=4039"}],"curies":[{"name":"wp","href":"https:\/\/api.w.org\/{rel}","templated":true}]}}