{"id":2038,"date":"2018-02-03T11:15:45","date_gmt":"2018-02-03T11:15:45","guid":{"rendered":"https:\/\/dits.md\/?page_id=2038"},"modified":"2020-01-30T14:34:16","modified_gmt":"2020-01-30T12:34:16","slug":"portfolio","status":"publish","type":"page","link":"https:\/\/dits.md\/az\/portfolio\/","title":{"rendered":"Portfolio"},"content":{"rendered":"<p>[et_pb_section fb_built=&#187;1&#8243; _builder_version=&#187;4.0.2&#8243; background_enable_color=&#187;off&#187; background_image=&#187;https:\/\/dits.md\/wp-content\/uploads\/0423.jpg&#187; parallax=&#187;on&#187;][et_pb_row _builder_version=&#187;3.25&#8243; background_size=&#187;initial&#187; background_position=&#187;top_left&#187; background_repeat=&#187;repeat&#187;][et_pb_column type=&#187;4_4&#8243; _builder_version=&#187;3.25&#8243; custom_padding=&#187;|||&#187; custom_padding__hover=&#187;|||&#187;][et_pb_text _builder_version=&#187;4.0.2&#8243; header_font=&#187;|600|||||||&#187; header_font_size=&#187;39px&#187;]<\/p>\n<h1 style=\"text-align: center;\"><strong><span style=\"color: #ffffff;\">\u0130\u015fimizin portfeli:<\/span><\/strong><\/h1>\n<h3 style=\"text-align: center;\"><span style=\"font-size: 14pt; color: #ffffff;\">yarad\u0131lm\u0131\u015f vebsaytlar, onlayn ma\u011fazalar\u0131m\u0131z, SEO t\u0259\u015fviqinin n\u0259tic\u0259l\u0259ri v\u0259 Kontekstual reklam<\/span><\/h3>\n<p>[\/et_pb_text][\/et_pb_column][\/et_pb_row][\/et_pb_section][et_pb_section fb_built=&#187;1&#8243; _builder_version=&#187;3.22&#8243;][et_pb_row _builder_version=&#187;3.25&#8243; background_size=&#187;initial&#187; background_position=&#187;top_left&#187; background_repeat=&#187;repeat&#187;][et_pb_column type=&#187;4_4&#8243; _builder_version=&#187;3.25&#8243; custom_padding=&#187;|||&#187; custom_padding__hover=&#187;|||&#187;][et_pb_filterable_portfolio fullwidth=&#187;off&#187; posts_number=&#187;1000&#8243; include_categories=&#187;30,44,28,29,189&#8243; zoom_icon_color=&#187;#2ea3f2&#8243; hover_overlay_color=&#187;rgba(255,255,255,0.2)&#187; _builder_version=&#187;4.0.2&#8243; hover_enabled=&#187;0&#8243;][\/et_pb_filterable_portfolio][\/et_pb_column][\/et_pb_row][\/et_pb_section]<\/p>","protected":false},"excerpt":{"rendered":"<p>\u041f\u043e\u0440\u0442\u0444\u043e\u043b\u0438\u043e \u043d\u0430\u0448\u0435\u0439 \u0440\u0430\u0431\u043e\u0442\u044b: \u0441\u043e\u0437\u0434\u0430\u043d\u043d\u044b\u0435 \u0441\u0430\u0439\u0442\u044b, \u043d\u0430\u0448\u0438 \u0438\u043d\u0442\u0435\u0440\u043d\u0435\u0442 \u043c\u0430\u0433\u0430\u0437\u0438\u043d\u044b, \u0440\u0435\u0437\u0443\u043b\u044c\u0442\u0430\u0442\u044b SEO \u043f\u0440\u043e\u0434\u0432\u0438\u0436\u0435\u043d\u0438\u044f \u0438 \u041a\u043e\u043d\u0442\u0435\u043a\u0441\u0442\u043d\u043e\u0439 \u0440\u0435\u043a\u043b\u0430\u043c\u044b<\/p>","protected":false},"author":1,"featured_media":2750,"parent":0,"menu_order":0,"comment_status":"closed","ping_status":"closed","template":"","meta":{"_et_pb_use_builder":"on","_et_pb_old_content":"","_et_gb_content_width":"","footnotes":""},"class_list":["post-2038","page","type-page","status-publish","has-post-thumbnail","hentry"],"_links":{"self":[{"href":"https:\/\/dits.md\/az\/wp-json\/wp\/v2\/pages\/2038","targetHints":{"allow":["GET"]}}],"collection":[{"href":"https:\/\/dits.md\/az\/wp-json\/wp\/v2\/pages"}],"about":[{"href":"https:\/\/dits.md\/az\/wp-json\/wp\/v2\/types\/page"}],"author":[{"embeddable":true,"href":"https:\/\/dits.md\/az\/wp-json\/wp\/v2\/users\/1"}],"replies":[{"embeddable":true,"href":"https:\/\/dits.md\/az\/wp-json\/wp\/v2\/comments?post=2038"}],"version-history":[{"count":2,"href":"https:\/\/dits.md\/az\/wp-json\/wp\/v2\/pages\/2038\/revisions"}],"predecessor-version":[{"id":9853,"href":"https:\/\/dits.md\/az\/wp-json\/wp\/v2\/pages\/2038\/revisions\/9853"}],"wp:featuredmedia":[{"embeddable":true,"href":"https:\/\/dits.md\/az\/wp-json\/wp\/v2\/media\/2750"}],"wp:attachment":[{"href":"https:\/\/dits.md\/az\/wp-json\/wp\/v2\/media?parent=2038"}],"curies":[{"name":"wp","href":"https:\/\/api.w.org\/{rel}","templated":true}]}}