{"id":15031,"date":"2024-08-27T18:30:11","date_gmt":"2024-08-27T16:30:11","guid":{"rendered":"https:\/\/dits.md\/?page_id=15031"},"modified":"2024-09-18T16:50:05","modified_gmt":"2024-09-18T14:50:05","slug":"constantin-nacul","status":"publish","type":"page","link":"https:\/\/dits.md\/az\/constantin-nacul\/","title":{"rendered":"Konstantin Nakul"},"content":{"rendered":"<p>[et_pb_section fb_built=&#187;1&#8243; admin_label=&#187;section&#187; _builder_version=&#187;4.16&#8243; global_colors_info=&#187;{}&#187;][et_pb_row column_structure=&#187;2_5,3_5&#8243; admin_label=&#187;row&#187; _builder_version=&#187;4.16&#8243; background_size=&#187;initial&#187; background_position=&#187;top_left&#187; background_repeat=&#187;repeat&#187; global_colors_info=&#187;{}&#187;][et_pb_column type=&#187;2_5&#8243; _builder_version=&#187;4.16&#8243; custom_padding=&#187;|||&#187; global_colors_info=&#187;{}&#187; custom_padding__hover=&#187;|||&#187;][et_pb_image src=&#187;https:\/\/dits.md\/wp-content\/uploads\/photo_2022-10-15_18-31-42-768&#215;1024.jpg&#187; title_text=&#187;photo_2022-10-15_18-31-42&#8243; _builder_version=&#187;4.27.0&#8243; _module_preset=&#187;default&#187; global_colors_info=&#187;{}&#187;][\/et_pb_image][\/et_pb_column][et_pb_column type=&#187;3_5&#8243; _builder_version=&#187;4.16&#8243; custom_padding=&#187;|||&#187; global_colors_info=&#187;{}&#187; custom_padding__hover=&#187;|||&#187;][et_pb_post_title meta=&#187;off&#187; _builder_version=&#187;4.27.0&#8243; _module_preset=&#187;default&#187; global_colors_info=&#187;{}&#187; admin_label=&#187;\u0417\u0430\u0433\u043e\u043b\u043e\u0432\u043e\u043a \u043f\u043e\u0441\u0442\u0430&#187;][\/et_pb_post_title][et_pb_text _builder_version=&#187;4.27.0&#8243; _module_preset=&#187;default&#187; hover_enabled=&#187;0&#8243; global_colors_info=&#187;{}&#187; sticky_enabled=&#187;0&#8243;]<\/p>\n<p>\u041f\u0440\u0438\u0432\u0435\u0442!<\/p>\n<p>\u041c\u0435\u043d\u044f \u0437\u043e\u0432\u0443\u0442 \u041a\u043e\u043d\u0441\u0442\u0430\u043d\u0442\u0438\u043d \u041d\u0430\u043a\u0443\u043b &#8212; \u044f \u0432\u043b\u0430\u0434\u0435\u043b\u0435\u0446 \u0430\u0433\u0435\u043d\u0442\u0441\u0442\u0432\u0430 dits.md.<\/p>\n<p>\u0421 2007 \u0433\u043e\u0434\u0430 \u0437\u0430\u043d\u0438\u043c\u0430\u044e\u0441\u044c \u0441\u043e\u0437\u0434\u0430\u043d\u0438\u0435\u043c \u0432\u0435\u0431 \u0441\u0430\u0439\u0442\u043e\u0432 \u0438 \u0438\u0445 \u043f\u0440\u043e\u0434\u0432\u0438\u0436\u0435\u043d\u0438\u0435\u043c, \u043f\u043e\u0441\u0442\u0440\u043e\u0435\u043d\u0438\u0435\u043c \u043a\u043e\u043c\u0430\u043d\u0434\u044b \u0438\u043d\u0442\u0435\u0440\u043d\u0435\u0442 \u043c\u0430\u0440\u043a\u0435\u0442\u0438\u043d\u0433 \u0441\u043f\u0435\u0446\u0438\u0430\u043b\u0438\u0441\u0442\u043e\u0432 \u0438 \u0432\u0435\u0431 \u0440\u0430\u0437\u0440\u0430\u0431\u043e\u0442\u0447\u0438\u043a\u043e\u0432.<\/p>\n<p>\u041a\u043e\u0433\u0434\u0430 \u0443\u0441\u043f\u0435\u0432\u0430\u044e, \u043f\u0438\u0448\u0443 <a href=\"\/az\/category\/blog\/\" target=\"_blank\" rel=\"noopener\">\u0441\u0442\u0430\u0442\u044c\u0438<\/a> \u0438 \u0441\u0442\u0430\u0440\u0430\u044e\u0441\u044c \u0434\u0435\u043b\u0438\u0442\u0441\u044f \u0441 \u0432\u0430\u043c\u0438, \u043d\u0430 \u0442\u0430\u043a\u0438\u0435 \u0442\u0435\u043c\u044b \u043a\u0430\u043a:<\/p>\n<ul>\n<li>\u0412\u0435\u0431 \u0440\u0430\u0437\u0440\u0430\u0431\u043e\u0442\u043a\u0430 \u0441\u0430\u0439\u0442\u043e\u0432<\/li>\n<li>Onlayn ma\u011fazalar\u0131n yarad\u0131lmas\u0131<\/li>\n<li>SEO \u043f\u0440\u043e\u0434\u0432\u0438\u0436\u0435\u043d\u0438\u0435 \u0441\u0430\u0439\u0442\u043e\u0432<\/li>\n<li>\u041a\u043e\u043d\u0442\u0435\u043a\u0441\u0442\u043d\u0430\u044f \u0440\u0435\u043a\u043b\u0430\u043c\u0430 \u0432 Google Ads \u0438 Bing Ads<\/li>\n<li>\u0422\u0430\u0440\u0433\u0435\u0442\u0438\u043d\u0433 \u0440\u0435\u043a\u043b\u0430\u043c\u0430 \u0432 Facebook &amp; Instagram<\/li>\n<\/ul>\n<p>\u0421\u0432\u044f\u0437\u0430\u0442\u044c\u0441\u044f \u0441\u043e \u043c\u043d\u043e\u0439 \u043c\u043e\u0436\u043d\u043e \u0441\u043b\u0435\u0434\u0443\u044e\u0449\u0438\u043c\u0438 \u0432\u0430\u0440\u0438\u0430\u043d\u0442\u0430\u043c\u0438:<\/p>\n<p>[\/et_pb_text][et_pb_social_media_follow icon_color=&#187;#FFFFFF&#187; _builder_version=&#187;4.27.0&#8243; _module_preset=&#187;default&#187; global_colors_info=&#187;{}&#187;][et_pb_social_media_follow_network social_network=&#187;google&#187; url=&#187;mailto:info@dits.md&#187; _builder_version=&#187;4.27.0&#8243; _module_preset=&#187;default&#187; background_color=&#187;#4285f4&#8243; global_colors_info=&#187;{}&#187; follow_button=&#187;off&#187; url_new_window=&#187;on&#187;]google[\/et_pb_social_media_follow_network][et_pb_social_media_follow_network social_network=&#187;linkedin&#187; url=&#187;https:\/\/www.linkedin.com\/in\/nacul-constantin\/&#187; icon_color=&#187;#FFFFFF&#187; _builder_version=&#187;4.27.0&#8243; _module_preset=&#187;default&#187; background_color=&#187;#007bb6&#8243; global_colors_info=&#187;{}&#187; follow_button=&#187;off&#187; url_new_window=&#187;on&#187;]linkedin[\/et_pb_social_media_follow_network][et_pb_social_media_follow_network social_network=&#187;telegram&#187; url=&#187;https:\/\/t.me\/nacul&#187; _builder_version=&#187;4.27.0&#8243; _module_preset=&#187;default&#187; background_color=&#187;#179cde&#187; global_colors_info=&#187;{}&#187; follow_button=&#187;off&#187; url_new_window=&#187;on&#187;]telegram[\/et_pb_social_media_follow_network][et_pb_social_media_follow_network social_network=&#187;facebook&#187; url=&#187;https:\/\/www.facebook.com\/constantin.nacul&#187; _builder_version=&#187;4.27.0&#8243; _module_preset=&#187;default&#187; background_color=&#187;#3b5998&#8243; global_colors_info=&#187;{}&#187; follow_button=&#187;off&#187; url_new_window=&#187;on&#187;]facebook[\/et_pb_social_media_follow_network][et_pb_social_media_follow_network social_network=&#187;instagram&#187; url=&#187;https:\/\/www.instagram.com\/nakulkonstantin\/&#187; _builder_version=&#187;4.27.0&#8243; _module_preset=&#187;default&#187; background_color=&#187;#ea2c59&#8243; global_colors_info=&#187;{}&#187; follow_button=&#187;off&#187; url_new_window=&#187;on&#187;]instagram[\/et_pb_social_media_follow_network][\/et_pb_social_media_follow][\/et_pb_column][\/et_pb_row][\/et_pb_section]<\/p>","protected":false},"excerpt":{"rendered":"<p>\u041f\u0440\u0438\u0432\u0435\u0442! \u041c\u0435\u043d\u044f \u0437\u043e\u0432\u0443\u0442 \u041a\u043e\u043d\u0441\u0442\u0430\u043d\u0442\u0438\u043d \u041d\u0430\u043a\u0443\u043b &#8212; \u044f \u0432\u043b\u0430\u0434\u0435\u043b\u0435\u0446 \u0430\u0433\u0435\u043d\u0442\u0441\u0442\u0432\u0430 dits.md. \u0421 2007 \u0433\u043e\u0434\u0430 \u0437\u0430\u043d\u0438\u043c\u0430\u044e\u0441\u044c \u0441\u043e\u0437\u0434\u0430\u043d\u0438\u0435\u043c \u0432\u0435\u0431 \u0441\u0430\u0439\u0442\u043e\u0432 \u0438 \u0438\u0445 \u043f\u0440\u043e\u0434\u0432\u0438\u0436\u0435\u043d\u0438\u0435\u043c, \u043f\u043e\u0441\u0442\u0440\u043e\u0435\u043d\u0438\u0435\u043c \u043a\u043e\u043c\u0430\u043d\u0434\u044b \u0438\u043d\u0442\u0435\u0440\u043d\u0435\u0442 \u043c\u0430\u0440\u043a\u0435\u0442\u0438\u043d\u0433 \u0441\u043f\u0435\u0446\u0438\u0430\u043b\u0438\u0441\u0442\u043e\u0432 \u0438 \u0432\u0435\u0431 \u0440\u0430\u0437\u0440\u0430\u0431\u043e\u0442\u0447\u0438\u043a\u043e\u0432. \u041a\u043e\u0433\u0434\u0430 \u0443\u0441\u043f\u0435\u0432\u0430\u044e, \u043f\u0438\u0448\u0443 \u0441\u0442\u0430\u0442\u044c\u0438 \u0438 \u0441\u0442\u0430\u0440\u0430\u044e\u0441\u044c \u0434\u0435\u043b\u0438\u0442\u0441\u044f \u0441 \u0432\u0430\u043c\u0438, \u043d\u0430 \u0442\u0430\u043a\u0438\u0435 \u0442\u0435\u043c\u044b \u043a\u0430\u043a: \u0412\u0435\u0431 \u0440\u0430\u0437\u0440\u0430\u0431\u043e\u0442\u043a\u0430 \u0441\u0430\u0439\u0442\u043e\u0432 \u0421\u043e\u0437\u0434\u0430\u043d\u0438\u0435 \u0438\u043d\u0442\u0435\u0440\u043d\u0435\u0442 \u043c\u0430\u0433\u0430\u0437\u0438\u043d\u043e\u0432 SEO \u043f\u0440\u043e\u0434\u0432\u0438\u0436\u0435\u043d\u0438\u0435 \u0441\u0430\u0439\u0442\u043e\u0432 \u041a\u043e\u043d\u0442\u0435\u043a\u0441\u0442\u043d\u0430\u044f \u0440\u0435\u043a\u043b\u0430\u043c\u0430 \u0432 Google Ads [&hellip;]<\/p>","protected":false},"author":4,"featured_media":0,"parent":0,"menu_order":0,"comment_status":"closed","ping_status":"closed","template":"","meta":{"_et_pb_use_builder":"on","_et_pb_old_content":"","_et_gb_content_width":"","footnotes":""},"class_list":["post-15031","page","type-page","status-publish","hentry"],"_links":{"self":[{"href":"https:\/\/dits.md\/az\/wp-json\/wp\/v2\/pages\/15031","targetHints":{"allow":["GET"]}}],"collection":[{"href":"https:\/\/dits.md\/az\/wp-json\/wp\/v2\/pages"}],"about":[{"href":"https:\/\/dits.md\/az\/wp-json\/wp\/v2\/types\/page"}],"author":[{"embeddable":true,"href":"https:\/\/dits.md\/az\/wp-json\/wp\/v2\/users\/4"}],"replies":[{"embeddable":true,"href":"https:\/\/dits.md\/az\/wp-json\/wp\/v2\/comments?post=15031"}],"version-history":[{"count":10,"href":"https:\/\/dits.md\/az\/wp-json\/wp\/v2\/pages\/15031\/revisions"}],"predecessor-version":[{"id":15070,"href":"https:\/\/dits.md\/az\/wp-json\/wp\/v2\/pages\/15031\/revisions\/15070"}],"wp:attachment":[{"href":"https:\/\/dits.md\/az\/wp-json\/wp\/v2\/media?parent=15031"}],"curies":[{"name":"wp","href":"https:\/\/api.w.org\/{rel}","templated":true}]}}