{"id":13700,"date":"2023-07-27T14:19:06","date_gmt":"2023-07-27T12:19:06","guid":{"rendered":"https:\/\/dits.md\/?page_id=13700"},"modified":"2025-07-02T15:53:36","modified_gmt":"2025-07-02T13:53:36","slug":"plugins-by-dits","status":"publish","type":"page","link":"https:\/\/dits.md\/az\/plugins-by-dits\/","title":{"rendered":"Dits t\u0259r\u0259find\u0259n plaginl\u0259r"},"content":{"rendered":"<p>[et_pb_section fb_built=&#187;1&#8243; admin_label=&#187;\u0420\u0430\u0437\u0434\u0435\u043b&#187; _builder_version=&#187;4.24.2&#8243; background_image=&#187;https:\/\/dits.md\/wp-content\/uploads\/fon-1.png&#187; background_enable_pattern_style=&#187;on&#187; background_pattern_style=&#187;tufted&#187; min_height=&#187;126px&#187; custom_padding=&#187;35px|0px|40px|0px|false|false&#187; global_module=&#187;2594&#8243; locked=&#187;off&#187; collapsed=&#187;off&#187; global_colors_info=&#187;{}&#187;][et_pb_row admin_label=&#187;\u0421\u0442\u0440\u043e\u043a\u0430&#187; _builder_version=&#187;4.27.0&#8243; _module_preset=&#187;default&#187; global_colors_info=&#187;{}&#187;][et_pb_column type=&#187;4_4&#8243; _builder_version=&#187;4.27.0&#8243; _module_preset=&#187;default&#187; global_colors_info=&#187;{}&#187;][\/et_pb_column][\/et_pb_row][et_pb_row _builder_version=&#187;4.27.0&#8243; _module_preset=&#187;default&#187; global_colors_info=&#187;{}&#187;][et_pb_column type=&#187;4_4&#8243; _builder_version=&#187;4.27.0&#8243; _module_preset=&#187;default&#187; global_colors_info=&#187;{}&#187;][et_pb_post_title author=&#187;off&#187; date=&#187;off&#187; comments=&#187;off&#187; featured_image=&#187;off&#187; _builder_version=&#187;4.27.0&#8243; _module_preset=&#187;default&#187; title_text_align=&#187;center&#187; title_text_color=&#187;#FFFFFF&#187; title_font_size=&#187;39px&#187; text_orientation=&#187;center&#187; custom_margin=&#187;||9px|||&#187; title_font_size_tablet=&#187;&#187; title_font_size_phone=&#187;30px&#187; title_font_size_last_edited=&#187;on|phone&#187; global_colors_info=&#187;{}&#187;][\/et_pb_post_title][et_pb_text _builder_version=&#187;4.27.0&#8243; _module_preset=&#187;default&#187; global_colors_info=&#187;{}&#187;]<\/p>\n<p style=\"text-align: center;\"><span style=\"color: #ffffff;\">Author &#8212; <a style=\"color: #ffffff;\" href=\"\/az\/constantin-nacul\/\">Konstantin Nakul<\/a><\/span><\/p>\n<p>[\/et_pb_text][\/et_pb_column][\/et_pb_row][\/et_pb_section][et_pb_section fb_built=&#187;1&#8243; _builder_version=&#187;4.16&#8243; _module_preset=&#187;default&#187; global_colors_info=&#187;{}&#187;][et_pb_row column_structure=&#187;1_3,1_3,1_3&#8243; _builder_version=&#187;4.16&#8243; _module_preset=&#187;default&#187; global_colors_info=&#187;{}&#187;][et_pb_column type=&#187;1_3&#8243; _builder_version=&#187;4.16&#8243; _module_preset=&#187;default&#187; global_colors_info=&#187;{}&#187;][et_pb_blurb title=&#187;AIRBA Plugin&#187; url=&#187;https:\/\/dits.md\/airba-plugin-worpress-woocommerce\/&#187; image=&#187;https:\/\/dits.md\/wp-content\/uploads\/airba.png&#187; _builder_version=&#187;4.16&#8243; _module_preset=&#187;default&#187; header_level=&#187;h3&#8243; header_font=&#187;||||||||&#187; header_text_align=&#187;center&#187; text_orientation=&#187;center&#187; global_colors_info=&#187;{}&#187;]<\/p>\n<p><span><strong>\u00f6lk\u0259<\/strong>:<\/span> Qazax\u0131stan<br \/> <strong>CMS: <\/strong>WordPress + WooCommerce.<strong><br \/> <\/strong>AIRBA PAY vasit\u0259sil\u0259 kreditl\u0259\/hiss\u0259l\u0259rl\u0259 \u00f6d\u0259ni\u015f il\u0259 WooCommerce \u00fc\u00e7\u00fcn plagin.<\/p>\n<p>[\/et_pb_blurb][\/et_pb_column][et_pb_column type=\u00bb1_3\u2033 _builder_version=\u00bb4.16\u2033 _module_preset=\u00bbdefault\u00bb global_colors_info=\u00bb{}\u00bb][et_pb_blurb title=\u00bbM\u0259hsul Compare.\u00bbds \/products-compare-worpress-woocommerce\/\u00bb image=\u00bbhttps:\/\/dits.md\/wp-content\/uploads\/compare1.jpg\u00bb _builder_version=\u00bb4.22.2\u2033 _module_preset=\u00bbdefault\u00bb header_level=\u00bbh3\u2033ba\u015fl\u0131q &quot;||||||||&quot; header_text_align=\u201dcenter\u201d text_orientation=\u201dcenter\u201d global_colors_info=\u201d{}\u201d]<\/p>\n<p><strong>\u00f6lk\u0259<\/strong>:Ham\u0131s\u0131<br \/><strong>CMS:<\/strong> WordPress + WooCommerce.<br \/>Products Compare onlayn ma\u011fazan\u0131z \u00fc\u00e7\u00fcn \u0259n yax\u015f\u0131 m\u00fcqayis\u0259 plaginidir!<\/p>\n<p>[\/et_pb_blurb][\/et_pb_column][et_pb_column type=\u201d1_3\u2033 _builder_version=\u201d4.16\u2033 _module_preset=\u201ddefault\u201d global_colors_info=\u201d{}\u201d][et_pb_blurb title=\u201dMillikarce WordPress plugin=\u201d1_3\u2033 _builder_versiyon \/dits.md\/millikart-plugin-worpress-woocommerce-azerbaycan\/\u00bb image=\u00bbhttps:\/\/dits.md\/wp-content\/uploads\/47.jpg\u00bb alt=\u00bbMillikart MMC Woocommerce Payment Gateway Plugin\u00bb _builder_version=\u00bb 4.22.2\u2033 _module_preset=\u201ddefault\u201d header_level=\u201dh3\u2033 header_font=\u201d||||||||\u201d header_text_align=\u201dcenter\u201d text_orientation=\u201dcenter\u201d global_colors_info=\u201d{}\u201d]<\/p>\n<p><strong>\u00f6lk\u0259<\/strong>: Az\u0259rbaycan<br \/><strong>CMS:<\/strong> WordPress + WooCommerce.<br \/>Millikart \u00f6d\u0259ni\u015f \u015fl\u00fcz\u00fc \u00fc\u00e7\u00fcn WooCommerce plagini<\/p>\n<p>[\/et_pb_blurb] [\/et_pb_column] [\/et_pb_rown] [et_pb_row column_structure = &quot;1_3.1_3.1_3 \u2033 _Builder_version =&quot; 4.16 \u2033 _MODULE_PRESET = &quot;Default infoULT = &quot;{_b&quot; yaz\u0131n [_3] &quot;olsun&quot; \u2033 _Builder_version =&quot; 4.16 &quot;_module_preset =&quot; standart &quot;Global_colors_info =&quot; {} &quot;{} WooCommerce \u00fc\u00e7\u00fcn&quot; url=&quot;https:\/\/dits.md\/plagin-dexpress-serbija-dlja-woocommerce\/&quot; image=&quot;https:\/\/dits.md\/wp-content\/uploads\/325748825_118248102403142_530902_53090il. versiya=&quot;4 24 .2\u2033 _module_preset=\u201ddefault\u201d header_level=\u201dh3\u2033 header_font=\u201d|||||||\u201d header_text_align=\u201dcenter\u201d text_orientation=\u201dcenter\u201d global_colors_info=\u201d{}\u201d]<\/p>\n<p><strong>\u00f6lk\u0259<\/strong>:Ham\u0131s\u0131<br \/><strong>CMS:<\/strong> WordPress + WooCommerce.<br \/>WooCommerce \u00fc\u00e7\u00fcn DExpress Serbia plagini onlayn ma\u011fazan\u0131z \u00fc\u00e7\u00fcn \u0259n yax\u015f\u0131 DExpress plaginidir!<\/p>\n<p>[\/et_pb_blurb][\/et_pb_column][et_pb_column type=&#187;1_3&#8243; _builder_version=&#187;4.16&#8243; _module_preset=&#187;default&#187; global_colors_info=&#187;{}&#187;][\/et_pb_column][\/et_pb_row][\/et_pb_section][et_pb_section fb_built=&#187;1&#8243; _builder_version=&#187;4.24.2&#8243; _module_preset=&#187;default&#187; global_colors_info=&#187;{}&#187;][et_pb_row _builder_version=&#187;4.24.2&#8243; _module_preset=&#187;default&#187; global_colors_info=&#187;{}&#187;][et_pb_column type=&#187;4_4&#8243; _builder_version=&#187;4.24.2&#8243; _module_preset=&#187;default&#187; global_colors_info=&#187;{}&#187;][et_pb_text _builder_version=&#187;4.24.2&#8243; _module_preset=&#187;default&#187; global_colors_info=&#187;{}&#187;]<\/p>\n<h1 style=\"text-align: center;\">WordPress plagininin inki\u015faf\u0131<\/h1>\n<p data-start=\"33\" data-end=\"351\">\u0421 2007 \u0433\u043e\u0434\u0430 \u043c\u044b \u043f\u043e\u043c\u043e\u0433\u0430\u0435\u043c \u0431\u0438\u0437\u043d\u0435\u0441\u0430\u043c \u0441\u043e\u0437\u0434\u0430\u0432\u0430\u0442\u044c, \u0443\u043b\u0443\u0447\u0448\u0430\u0442\u044c \u0438 \u0440\u0430\u0437\u0432\u0438\u0432\u0430\u0442\u044c\u0441\u044f \u0432 \u0446\u0438\u0444\u0440\u043e\u0432\u043e\u043c \u043f\u0440\u043e\u0441\u0442\u0440\u0430\u043d\u0441\u0442\u0432\u0435. \u041d\u0435\u0437\u0430\u0432\u0438\u0441\u0438\u043c\u043e \u043e\u0442 \u0442\u043e\u0433\u043e, \u043d\u0443\u0436\u043d\u043e \u043b\u0438 \u0432\u0430\u043c \u043f\u0440\u043e\u0432\u0435\u0440\u0438\u0442\u044c \u0438\u0434\u0435\u044e, \u0437\u0430\u043f\u0443\u0441\u0442\u0438\u0442\u044c \u0441\u0430\u0439\u0442, \u043e\u043f\u0442\u0438\u043c\u0438\u0437\u0438\u0440\u043e\u0432\u0430\u0442\u044c \u043f\u0440\u043e\u0438\u0437\u0432\u043e\u0434\u0438\u0442\u0435\u043b\u044c\u043d\u043e\u0441\u0442\u044c \u0438\u043b\u0438 \u043c\u0430\u0441\u0448\u0442\u0430\u0431\u0438\u0440\u043e\u0432\u0430\u0442\u044c \u043c\u0430\u0440\u043a\u0435\u0442\u0438\u043d\u0433\u043e\u0432\u044b\u0435 \u0443\u0441\u0438\u043b\u0438\u044f \u2014 \u0443 \u043d\u0430\u0441 \u0435\u0441\u0442\u044c \u044d\u043a\u0441\u043f\u0435\u0440\u0442\u0438\u0437\u0430, \u0447\u0442\u043e\u0431\u044b \u044d\u0442\u043e \u0440\u0435\u0430\u043b\u0438\u0437\u043e\u0432\u0430\u0442\u044c. \u041c\u044b \u043d\u0435 \u043f\u0440\u0435\u0434\u043b\u0430\u0433\u0430\u0435\u043c \u0443\u043d\u0438\u0432\u0435\u0440\u0441\u0430\u043b\u044c\u043d\u044b\u0435 \u0440\u0435\u0448\u0435\u043d\u0438\u044f.<\/p>\n<p data-start=\"353\" data-end=\"610\">\u041a\u0430\u0436\u0434\u044b\u0439 \u0431\u0438\u0437\u043d\u0435\u0441 \u0443\u043d\u0438\u043a\u0430\u043b\u0435\u043d, \u0438 \u043c\u044b \u0443\u0434\u0435\u043b\u044f\u0435\u043c \u0432\u0440\u0435\u043c\u044f, \u0447\u0442\u043e\u0431\u044b \u043f\u043e\u043d\u044f\u0442\u044c \u0432\u0430\u0448\u0438 \u0446\u0435\u043b\u0438, \u0437\u0430\u0434\u0430\u0447\u0438 \u0438 \u043e\u0436\u0438\u0434\u0430\u043d\u0438\u044f. \u041d\u0430\u0448\u0430 \u0437\u0430\u0434\u0430\u0447\u0430 \u2014 \u043f\u0440\u0435\u0434\u043e\u0441\u0442\u0430\u0432\u0438\u0442\u044c \u043f\u0440\u0430\u043a\u0442\u0438\u0447\u043d\u044b\u0435 \u0438 \u044d\u0444\u0444\u0435\u043a\u0442\u0438\u0432\u043d\u044b\u0435 \u0441\u0442\u0440\u0430\u0442\u0435\u0433\u0438\u0438, \u043a\u043e\u0442\u043e\u0440\u044b\u0435 \u043f\u043e\u043c\u043e\u0433\u0443\u0442 \u0432\u0430\u043c \u0434\u0432\u0438\u0433\u0430\u0442\u044c\u0441\u044f \u0432\u043f\u0435\u0440\u0451\u0434. \u0412\u0441\u0435\u0433\u0434\u0430 \u0435\u0441\u0442\u044c \u0447\u0442\u043e \u0443\u043b\u0443\u0447\u0448\u0438\u0442\u044c \u2014 \u0443 \u043d\u0430\u0441 \u0435\u0441\u0442\u044c \u0438\u043d\u0441\u0442\u0440\u0443\u043c\u0435\u043d\u0442\u044b \u0438 \u0437\u043d\u0430\u043d\u0438\u044f \u0434\u043b\u044f \u044d\u0442\u043e\u0433\u043e.<\/p>\n<p data-start=\"612\" data-end=\"752\">\u041c\u044b \u0440\u0430\u0431\u043e\u0442\u0430\u0435\u043c \u0441 \u043a\u043b\u0438\u0435\u043d\u0442\u0430\u043c\u0438 \u043f\u043e \u0432\u0441\u0435\u0439 \u0415\u0432\u0440\u043e\u043f\u0435, \u0421\u0428\u0410, \u041a\u0430\u043d\u0430\u0434\u0435 \u0438 \u0410\u0437\u0438\u0438, \u043f\u0440\u0435\u0434\u043e\u0441\u0442\u0430\u0432\u043b\u044f\u044f \u0440\u0435\u0448\u0435\u043d\u0438\u044f, \u043a\u043e\u0442\u043e\u0440\u044b\u0435 \u043f\u043e\u043c\u043e\u0433\u0430\u044e\u0442 \u0434\u043e\u0441\u0442\u0438\u0433\u0430\u0442\u044c \u0440\u0435\u0430\u043b\u044c\u043d\u044b\u0445 \u0438\u0437\u043c\u0435\u0440\u0438\u043c\u044b\u0445 \u0440\u0435\u0437\u0443\u043b\u044c\u0442\u0430\u0442\u043e\u0432.<\/p>\n<p data-start=\"754\" data-end=\"793\"><a href=\"https:\/\/profiles.wordpress.org\/ditsagency\/\" rel=\"nofollow noopener\" target=\"_blank\">\u041f\u043e\u0441\u043c\u043e\u0442\u0440\u0435\u0442\u044c \u043d\u0430\u0448 \u043f\u0440\u043e\u0444\u0438\u043b\u044c \u043d\u0430 WordPress.org<\/a><\/p>\n<p>Dits.md-d\u0259 pe\u015f\u0259kar t\u0259rtibat\u00e7\u0131lar qrupu WordPress platformas\u0131nda onlayn ma\u011fazalar \u00fc\u00e7\u00fcn WordPress plaginl\u0259rinin u\u011furlu inki\u015faf\u0131 il\u0259 m\u0259\u015f\u011fuldur. Bizim i\u015fimiz\u0259 WooCommerce \u00fc\u00e7\u00fcn x\u00fcsusi h\u0259ll\u0259rin yarad\u0131lmas\u0131 daxildir ki, bu da biz\u0259 bu m\u0259\u015fhur CMS-in standart x\u00fcsusiyy\u0259tl\u0259rinin funksionall\u0131\u011f\u0131n\u0131 \u0259h\u0259miyy\u0259tli d\u0259r\u0259c\u0259d\u0259 geni\u015fl\u0259ndirm\u0259y\u0259 imkan verir.<\/p>\n<p>Bizim diqq\u0259t\u0259layiq inki\u015faflar\u0131m\u0131zdan biri Qazax\u0131stan bazar\u0131 \u00fc\u00e7\u00fcn AIRBA Plugindir. Bu <a href=\"\/az\/airba-plugin-worpress-woocommerce\/\">WordPress plagini kredit v\u0259 taksit se\u00e7iml\u0259rini birl\u0259\u015fdirir<\/a> AIRBA PAY xidm\u0259ti vasit\u0259sil\u0259 birba\u015fa al\u0131\u015f prosesin\u0259 daxil olmaqla, onu son istifad\u0259\u00e7i \u00fc\u00e7\u00fcn m\u00fcmk\u00fcn q\u0259d\u0259r rahat v\u0259 \u0259l\u00e7atan edir. Bu x\u00fcsusiyy\u0259t al\u0131\u015f prosesini xeyli asanla\u015fd\u0131r\u0131r, konversiyan\u0131 v\u0259 m\u00fc\u015ft\u0259ri loyall\u0131\u011f\u0131n\u0131 art\u0131r\u0131r.<\/p>\n<p>Portfelimizd\u0259ki ikinci m\u00fch\u00fcm m\u0259hsul b\u00fct\u00fcn \u00f6lk\u0259l\u0259r \u00fc\u00e7\u00fcn m\u00f6vcud olan Plugin Product Compare-dir. Bu h\u0259ll g\u00fccl\u00fcd\u00fcr <a href=\"\/az\/products-compare-worpress-woocommerce\/\">WooCommerce-d\u0259 onlayn ma\u011fazalardak\u0131 m\u0259hsullar\u0131 m\u00fcqayis\u0259 etm\u0259k \u00fc\u00e7\u00fcn WordPress plaqini<\/a>. Plugin Product Compare al\u0131c\u0131lara m\u0259hsul x\u00fcsusiyy\u0259tl\u0259rini, qiym\u0259tl\u0259ri v\u0259 dig\u0259r atributlar\u0131 asanl\u0131qla m\u00fcqayis\u0259 etm\u0259y\u0259 k\u00f6m\u0259k edir, se\u00e7im prosesini sad\u0259l\u0259\u015fdirir v\u0259 istifad\u0259\u00e7i m\u0259mnunlu\u011funu art\u0131r\u0131r.<\/p>\n<p>Az\u0259rbaycan bazar\u0131 \u00fc\u00e7\u00fcn biz Millikart MMC WooCommerce Payment Gateway Plugin haz\u0131rlam\u0131\u015f\u0131q. <a href=\"\/az\/millikart-plugin-worpress-woocommerce-azerbaycan\/\">Millikart \u00f6d\u0259ni\u015f \u015fl\u00fcz\u00fcn\u00fc WooCommerce il\u0259 birl\u0259\u015fdirir<\/a>, t\u0259hl\u00fck\u0259siz v\u0259 t\u0259hl\u00fck\u0259siz onlayn \u0259m\u0259liyyatlar\u0131 t\u0259min edir. Bu WordPress plagini \u00f6z \u0259hat\u0259 dair\u0259sini geni\u015fl\u0259ndirm\u0259k v\u0259 m\u00fc\u015ft\u0259ril\u0259ri \u00fc\u00e7\u00fcn \u00f6d\u0259ni\u015f prosesini sad\u0259l\u0259\u015fdirm\u0259k ist\u0259y\u0259n yerli onlayn ma\u011fazalar \u00fc\u00e7\u00fcn \u0259sas h\u0259ll yoludur.<\/p>\n<p>Bundan \u0259lav\u0259, biz Serbiya bazar\u0131 \u00fc\u00e7\u00fcn bir h\u0259ll t\u0259klif etdik - \u0259n yax\u015f\u0131s\u0131 olan WooCommerce \u00fc\u00e7\u00fcn DExpress Serbia plagini <a href=\"\/az\/plagin-dexpress-serbija-dlja-woocommerce\/\">Onlayn ma\u011fazalar \u00fc\u00e7\u00fcn DExpress plagini<\/a>. O, onlayn ma\u011fazan\u0131n s\u0259m\u0259r\u0259li i\u015fl\u0259m\u0259si \u00fc\u00e7\u00fcn vacib olan logistika v\u0259 sifari\u015fl\u0259rin i\u015fl\u0259nm\u0259sini xeyli asanla\u015fd\u0131r\u0131r.<\/p>\n<p>H\u0259ll\u0259rimiz biznesl\u0259r\u0259 onlar\u0131n unikal t\u0259l\u0259bl\u0259rin\u0259 v\u0259 m\u0259qs\u0259dl\u0259rin\u0259 tam cavab ver\u0259n \u00f6z WordPress plaginind\u0259n istifad\u0259 etm\u0259k imkan\u0131 t\u0259klif etm\u0259k \u00fc\u00e7\u00fcn n\u0259z\u0259rd\u0259 tutulub. M\u0259qs\u0259dimiz biznesinizin se\u00e7ilm\u0259sin\u0259 v\u0259 u\u011fur qazanmas\u0131na k\u00f6m\u0259k ed\u0259n effektiv, f\u0259rdil\u0259\u015fdirilmi\u015f h\u0259ll\u0259r t\u0259qdim etm\u0259kdir.<\/p>\n<p>IN <a href=\"\/az\/\">dits.md<\/a> biznesinizi daha r\u0259qab\u0259tli v\u0259 u\u011furlu ed\u0259n onlayn ma\u011fazan\u0131z \u00fc\u00e7\u00fcn y\u00fcks\u0259k keyfiyy\u0259tli v\u0259 funksional plaginl\u0259r haz\u0131rlama\u011fa v\u0259 t\u0259tbiq etm\u0259y\u0259 haz\u0131r t\u0259cr\u00fcb\u0259li m\u00fct\u0259x\u0259ssisl\u0259r tapacaqs\u0131n\u0131z.<\/p>\n<p>[\/et_pb_text][\/et_pb_column][\/et_pb_row][\/et_pb_section]<\/p>","protected":false},"excerpt":{"rendered":"<p>Author &#8212; Constantin NaculCountry: Kazakhstan CMS: WordPress + WooCommerce. \u041f\u043b\u0430\u0433\u0438\u043d \u0434\u043b\u044f WooCommerce \u0441 \u043e\u043f\u043b\u0430\u0442\u043e\u0439 \u0432 \u043a\u0440\u0435\u0434\u0438\u0442\/\u0440\u0430\u0441\u0441\u0440\u043e\u0447\u043a\u0443 \u0447\u0435\u0440\u0435\u0437 AIRBA PAY.Country: AllCMS: WordPress + WooCommerce.Products Compare \u2014 \u043b\u0443\u0447\u0448\u0438\u0439 \u043f\u043b\u0430\u0433\u0438\u043d \u0441\u0440\u0430\u0432\u043d\u0435\u043d\u0438\u044f \u0434\u043b\u044f \u0432\u0430\u0448\u0435\u0433\u043e \u0438\u043d\u0442\u0435\u0440\u043d\u0435\u0442-\u043c\u0430\u0433\u0430\u0437\u0438\u043d\u0430!Country: \u0410\u0437\u0435\u0440\u0431\u0430\u0439\u0434\u0436\u0430\u043dCMS: WordPress + WooCommerce.\u041f\u043b\u0430\u0433\u0438\u043d WooCommerce \u0434\u043b\u044f \u043f\u043b\u0430\u0442\u0435\u0436\u043d\u043e\u0433\u043e \u0448\u043b\u044e\u0437\u0430 MillikartCountry: AllCMS: WordPress + WooCommerce.DExpress Serbia plugin for WooCommerce \u2014 \u043b\u0443\u0447\u0448\u0438\u0439 \u043f\u043b\u0430\u0433\u0438\u043d DExpress \u0434\u043b\u044f \u0432\u0430\u0448\u0435\u0433\u043e \u0438\u043d\u0442\u0435\u0440\u043d\u0435\u0442-\u043c\u0430\u0433\u0430\u0437\u0438\u043d\u0430!\u0420\u0430\u0437\u0440\u0430\u0431\u043e\u0442\u043a\u0430 [&hellip;]<\/p>","protected":false},"author":4,"featured_media":13703,"parent":0,"menu_order":0,"comment_status":"closed","ping_status":"closed","template":"","meta":{"_et_pb_use_builder":"on","_et_pb_old_content":"","_et_gb_content_width":"","footnotes":""},"class_list":["post-13700","page","type-page","status-publish","has-post-thumbnail","hentry"],"_links":{"self":[{"href":"https:\/\/dits.md\/az\/wp-json\/wp\/v2\/pages\/13700","targetHints":{"allow":["GET"]}}],"collection":[{"href":"https:\/\/dits.md\/az\/wp-json\/wp\/v2\/pages"}],"about":[{"href":"https:\/\/dits.md\/az\/wp-json\/wp\/v2\/types\/page"}],"author":[{"embeddable":true,"href":"https:\/\/dits.md\/az\/wp-json\/wp\/v2\/users\/4"}],"replies":[{"embeddable":true,"href":"https:\/\/dits.md\/az\/wp-json\/wp\/v2\/comments?post=13700"}],"version-history":[{"count":9,"href":"https:\/\/dits.md\/az\/wp-json\/wp\/v2\/pages\/13700\/revisions"}],"predecessor-version":[{"id":16395,"href":"https:\/\/dits.md\/az\/wp-json\/wp\/v2\/pages\/13700\/revisions\/16395"}],"wp:featuredmedia":[{"embeddable":true,"href":"https:\/\/dits.md\/az\/wp-json\/wp\/v2\/media\/13703"}],"wp:attachment":[{"href":"https:\/\/dits.md\/az\/wp-json\/wp\/v2\/media?parent=13700"}],"curies":[{"name":"wp","href":"https:\/\/api.w.org\/{rel}","templated":true}]}}